{"id":9296,"date":"2023-11-27T10:37:49","date_gmt":"2023-11-27T09:37:49","guid":{"rendered":"https:\/\/www.gardiso.eu\/?post_type=product&#038;p=9296"},"modified":"2025-12-12T11:38:28","modified_gmt":"2025-12-12T10:38:28","slug":"winterschutz-zelt-yukon","status":"publish","type":"product","link":"https:\/\/www.gardiso.eu\/de\/p\/winterschutz-zelt-yukon\/","title":{"rendered":"Winterschutz-Zelt Yukon Pflanzenschutzzelt 120 x 120 x 180 cm"},"content":{"rendered":"<p>Schnee, Wind, K\u00e4lte \u2026 aber kein Platz, um kostbare Pflanzen im Innenraum zu \u00fcberwintern? Dann ist das Winterschutz-Zelt die ideale L\u00f6sung.<\/p>\n<p>Die 3-lagige Luftpolsterfolie schirmt Pflanzen zuverl\u00e4ssig ab \u2013 Ob eiskalter Regen, Schnee oder Eis. Die Pflanzen werden nicht durch frostigen Wind ausgetrocknet.<br \/>\nDer Boden bietet einen zus\u00e4tzlichen Schutz vor K\u00e4lte von unten.<\/p>\n<p>Mit der besonderen H\u00f6he von 1,8m ist der Winterschutz auch f\u00fcr relativ gro\u00dfe Pflanzen geeignet. Sie lassen sich einfach in das Zelt reinstellen.<br \/>\nDank 1,2&#215;1,2m quadratischer Grundfl\u00e4che passt diese \u00dcberwinterungsm\u00f6glichkeit auch auf die Terrasse oder den Balkon.<\/p>\n<p>Achtung: wenn sehr starke Minustemperaturen herrschen, kann das Zelt ein Erfrieren der Pflanzen nicht allein verhindern, hier sollte weiterer Winterschutz wie z. B. Windhager Heizmatten und \/ oder Topfschutz zum Einsatz kommen.<\/p>\n<p>Im Fr\u00fchjahr kann das Zelt wie ein Gew\u00e4chshaus zur Aufzucht von Pflanzen verwendet werden.<\/p>\n","protected":false},"excerpt":{"rendered":"<p>Praktisches \u00dcberwinterungszelt mit Boden, auch f\u00fcr gr\u00f6\u00dfere Topfpflanzen geeignet<br \/>\n3-lagige Luftpolsterfolie mit Rei\u00dfverschluss zum einfachen \u00d6ffnen<br \/>\nMit quadratischer Grundfl\u00e4che, passend f\u00fcr die Platzierung am Balkon oder auf der Terrasse<br \/>\nInklusive Schn\u00fcre und Erdheringe zur sicheren Verankerung im Boden<br \/>\nKann auch als Aufzuchtgew\u00e4chshaus genutzt werden<\/p>\n","protected":false},"featured_media":9298,"comment_status":"closed","ping_status":"closed","template":"","meta":[],"product_cat":[934,935],"product_tag":[],"wcpa_form_fields":null,"tiered_pricing_type":"fixed","tiered_pricing_fixed_rules":[],"_links":{"self":[{"href":"https:\/\/www.gardiso.eu\/de\/wp-json\/wp\/v2\/product\/9296"}],"collection":[{"href":"https:\/\/www.gardiso.eu\/de\/wp-json\/wp\/v2\/product"}],"about":[{"href":"https:\/\/www.gardiso.eu\/de\/wp-json\/wp\/v2\/types\/product"}],"replies":[{"embeddable":true,"href":"https:\/\/www.gardiso.eu\/de\/wp-json\/wp\/v2\/comments?post=9296"}],"wp:featuredmedia":[{"embeddable":true,"href":"https:\/\/www.gardiso.eu\/de\/wp-json\/wp\/v2\/media\/9298"}],"wp:attachment":[{"href":"https:\/\/www.gardiso.eu\/de\/wp-json\/wp\/v2\/media?parent=9296"}],"wp:term":[{"taxonomy":"product_cat","embeddable":true,"href":"https:\/\/www.gardiso.eu\/de\/wp-json\/wp\/v2\/product_cat?post=9296"},{"taxonomy":"product_tag","embeddable":true,"href":"https:\/\/www.gardiso.eu\/de\/wp-json\/wp\/v2\/product_tag?post=9296"}],"curies":[{"name":"wp","href":"https:\/\/api.w.org\/{rel}","templated":true}]}}