{"id":8648,"date":"2023-07-21T09:34:36","date_gmt":"2023-07-21T07:34:36","guid":{"rendered":"https:\/\/www.gardiso.eu\/?post_type=product&#038;p=8648"},"modified":"2026-04-24T18:07:00","modified_gmt":"2026-04-24T16:07:00","slug":"fliegengitterfenster-mit-rahmen-zum-einhaengen","status":"publish","type":"product","link":"https:\/\/www.gardiso.eu\/de\/p\/fliegengitterfenster-mit-rahmen-zum-einhaengen\/","title":{"rendered":"Fliegengitterfenster mit Rahmen, zum Einh\u00e4ngen"},"content":{"rendered":"<p><strong>Fliegengitterfenster in verschiedenen Ausf\u00fchrungen<\/strong><\/p>\n<p>Qualitativer Insektenschutz f\u00fcr Ihr sch\u00f6nes Zuhause gesucht? Mit dem\u00a0<strong>hochwertigen Insektenschutz-Rahmenfenster <\/strong>k\u00f6nnen Sie den Feierabend gem\u00fctlich auf der Couch genie\u00dfen, ein spannendes Buch lesen und werden nicht von Stechm\u00fccken, nervigen Insekten oder summenden Bienen gest\u00f6rt.<\/p>\n<p>Der hochwertige Insektenschutz-Rahmen besteht aus innovativen Komponenten, die bei g\u00fcnstigen Produkten fehlen und das \u201egewisse Etwas\u201c ausmachen. Einerseits verf\u00fcgt das Komplett-Set \u00fcber st\u00e4rkere Aluminium-Profile, wodurch h\u00f6chste Stabilit\u00e4t gew\u00e4hrleistet werden kann. Das Panorama-Fiberglasgewebe sorgt f\u00fcr perfekte Durchsicht \u2013 man merkt den Insektenschutz kaum. Dieses Gewebe besteht aus extrad\u00fcnnen aber sehr robusten Fiberglasf\u00e4den und bietet eine 20% bessere Durchsicht als normale Gewebe.<\/p>\n<p>Auch die Montage ist schnell und ohne bohren durchf\u00fchrbar. Durch in der H\u00f6he verstellbare Einh\u00e4ngefedern kann der hochwertige Insektenschutz-Rahmen bohrfrei angebracht werden. Ein zus\u00e4tzliches, innovatives Detail ist der neue Drehschwenk-Griff. Dieser Griff ist in der H\u00f6he verstellbar und nach der Montage von au\u00dfen nicht mehr sichtbar. F\u00fcr l\u00fcckenlosen Schutz, auch vor kriechenden Insekten, sorgt eine umlaufende Dichtungsb\u00fcrste. Der hochwertige Insektenschutz-Rahmen der PRO Linie kann auf die von Ihnen ben\u00f6tigte Rahmengr\u00f6\u00dfe zugeschnitten werden und passt somit in die g\u00e4ngigsten Fenstergr\u00f6\u00dfen.\u00a0Auch die Eckverbinder sind eine patentierte L\u00f6sung: durch die Klemm-Schraubverbindung ist f\u00fcr eine dauerhafte Stabilit\u00e4t gesorgt. Die Verbindung der Profile kann zus\u00e4tzlich unkompliziert wieder gel\u00f6st werden.<\/p>\n<p>Ein\u00a0praktisches Zubeh\u00f6r\u00a0f\u00fcr den Insektenschutz-Rahmen sind\u00a0Alu-Scharniere. Durch das Anbringen der Scharniere kann die Insektenschutz-L\u00f6sung bei Bedarf ge\u00f6ffnet werden. So k\u00f6nnen Sie durch das Fenster durchgreifen, um Ihre Blumen zu gie\u00dfen. Im Vergleich zum normalen Rahmen-Fenster ist das hochwertige Rahmenfenster aus der PRO Linie stabiler und besteht aus innovativeren Komponenten wie dem Drehschwenk-Griff.<\/p>\n<p><strong>Wichtige Ma\u00dfe<\/strong><\/p>\n<ul>\n<li>Einbautiefe: 10 mm<\/li>\n<li>Maximales Lichtes\u00a0Ma\u00df f\u00fcr 100 x 120 cm Fliegengitter: 97\u00a0x 114\u00a0cm<\/li>\n<li>Maximales Lichtes\u00a0Ma\u00df\u00a0f\u00fcr 140 x 150 cm Fliegengitter: 137\u00a0x 144\u00a0cm<\/li>\n<\/ul>\n<p>Die passende Fliegengittert\u00fcr finden Sie hier: <a href=\"https:\/\/www.gardiso.eu\/de\/p\/fliegengittertuer-mit-rahmen\/\">Zur Fliegengittert\u00fcr<\/a><\/p>\n<p>Weitere Insektenschutzprodukte finden Sie in unserem <a href=\"https:\/\/www.insektenschutz24.eu\/?utm_source=Gardiso&amp;utm_medium=PDP&amp;utm_campaign=Gardiso&amp;utm_id=Spannrahmen\" target=\"_blank\" rel=\"noopener\">Insektenschutz Shop<\/a><\/p>\n","protected":false},"excerpt":{"rendered":"<ul>\n<li>Premium Qualit\u00e4t aus Alu<\/li>\n<li>Durchg\u00e4ngige Dichtungsb\u00fcrste<\/li>\n<li>Verst\u00e4rkte Profile f\u00fcr mehr Stabilit\u00e4t<\/li>\n<li>bohrfreie Montage mittels Einh\u00e4ngewinkel<\/li>\n<\/ul>\n","protected":false},"featured_media":8755,"comment_status":"closed","ping_status":"closed","template":"","meta":[],"product_cat":[1196,1194],"product_tag":[],"wcpa_form_fields":null,"tiered_pricing_type":"fixed","tiered_pricing_fixed_rules":[],"_links":{"self":[{"href":"https:\/\/www.gardiso.eu\/de\/wp-json\/wp\/v2\/product\/8648"}],"collection":[{"href":"https:\/\/www.gardiso.eu\/de\/wp-json\/wp\/v2\/product"}],"about":[{"href":"https:\/\/www.gardiso.eu\/de\/wp-json\/wp\/v2\/types\/product"}],"replies":[{"embeddable":true,"href":"https:\/\/www.gardiso.eu\/de\/wp-json\/wp\/v2\/comments?post=8648"}],"wp:featuredmedia":[{"embeddable":true,"href":"https:\/\/www.gardiso.eu\/de\/wp-json\/wp\/v2\/media\/8755"}],"wp:attachment":[{"href":"https:\/\/www.gardiso.eu\/de\/wp-json\/wp\/v2\/media?parent=8648"}],"wp:term":[{"taxonomy":"product_cat","embeddable":true,"href":"https:\/\/www.gardiso.eu\/de\/wp-json\/wp\/v2\/product_cat?post=8648"},{"taxonomy":"product_tag","embeddable":true,"href":"https:\/\/www.gardiso.eu\/de\/wp-json\/wp\/v2\/product_tag?post=8648"}],"curies":[{"name":"wp","href":"https:\/\/api.w.org\/{rel}","templated":true}]}}