{"id":5220,"date":"2022-08-04T17:46:39","date_gmt":"2022-08-04T15:46:39","guid":{"rendered":"https:\/\/www.gardiso.eu\/p\/tomatenpflanztopf-mit-wassertank\/"},"modified":"2026-04-08T08:05:05","modified_gmt":"2026-04-08T06:05:05","slug":"tomatenpflanztopf-mit-wassertank","status":"publish","type":"product","link":"https:\/\/www.gardiso.eu\/de\/p\/tomatenpflanztopf-mit-wassertank\/","title":{"rendered":"Tomatenpflanztopf mit Wassertank"},"content":{"rendered":"<h2>Die leichte Art, Tomaten selber anzubauen<\/h2>\n<p>Tomaten sind k\u00f6stlich \u2013 vor allem, wenn sie aus dem eigenen Garten kommen, ungespritzt sind und in der Sonne reifen durften. Leider ist der Anbau von Tomaten nicht ganz so einfach, es gibt einige Punkte zu beachten: Boden, Bew\u00e4sserung, Rankhilfe. Und genau diese Arbeiten erleichtert unser Pflanztopf f\u00fcr Tomaten!<\/p>\n<p>\n<strong>Boden<\/strong>. Der Pflanztopf bietet genau das richtige Volumen Erde f\u00fcr eine Tomatenpflanze. Denn: Tomaten brauchen Platz und je dichter die Pflanzen stehen, desto anf\u00e4lliger werden sie f\u00fcr Krankheiten und tragen au\u00dferdem weniger Fr\u00fcchte. Der Pflanztopf ist robust und auch f\u00fcr bereits gro\u00df gewachsene Pflanzen eine stabile Basis.<br \/>\n&nbsp;<\/p>\n<p><strong>Bew\u00e4sserung<\/strong>. Werden Tomaten in einem normalen Blumentopf eingepflanzt, sollten sie ein- bis zweimal am Tag gegossen werden \u2013 vergisst man es, ist die Pflanze schnell beleidigt. Der Tomatenpflanztopf hat einen Wassertank, der nur alle paar Tage mit Wasser bef\u00fcllt werden muss. Er ist durch Bew\u00e4sserungsb\u00e4nder mit dem Pflanztopf verbunden und stellt die optimale Bew\u00e4sserung der Wurzeln sicher.<br \/>\nSo wird auch Staun\u00e4sse vermieden, die f\u00fcr Tomaten sehr sch\u00e4dlich ist. Die Bew\u00e4sserung \u00fcber den Wassertank mit Bew\u00e4sserungsb\u00e4ndern hat au\u00dferdem den Vorteil, dass die Bl\u00e4tter nicht nass werden. Tomaten sollten n\u00e4mlich nicht von oben gegossen werden; nasse Bl\u00e4tter machen die Pflanzen anf\u00e4llig f\u00fcr Pilzkrankheiten oder k\u00f6nnen in der Sonne zu Verbrennungen f\u00fchren.<br \/>\n&nbsp;<\/p>\n<p><strong>Rankhilfe<\/strong>. Damit Tomaten gleichm\u00e4\u00dfig nach oben wachsen, ist es wichtig, dass sie eine stabile Rankhilfe zur Verf\u00fcgung haben. In unserem Pflanztopf ist diese bereits integriert. Der Stab aus Aluminium ist mit Befestigungsringen versehen, in die einfach im Laufe des Wachstums der Haupttrieb eingehakt werden kann. Ist die Tomatensaison vorbei, kann der Pflanztopf sehr einfach in Einzelteile zerlegt und platzsparend verstaut werden.<\/p>\n<h3>Weitere Tipps f\u00fcr empfindliche Tomaten:<\/h3>\n<p><strong>Standort<\/strong>: sehr sonnig, aber nicht den ganzen Tag.<br \/>\n<strong>Nicht zu viel d\u00fcngen:<\/strong> N\u00e4hrstoffe ja, aber sparsam. Vor allem bei den Setzlingen, denn sonst geht die Kraft in die Bl\u00e4tter, anstatt in die Fr\u00fcchte.<br \/>\n<strong>Umtopfen:<\/strong> nicht zu fr\u00fch! Am besten erst nach den Eisheiligen bei einer stabilen Au\u00dfentemperatur von 15\u00b0C. Auch eine Option: die Setzlinge zur Eingew\u00f6hnung stundenweise drau\u00dfen an einen halbschattigen Ort stellen. Nat\u00fcrlich lassen sich die empfndlichen Pflanzen jederzeit auch durch eine <a href=\"\/\/www.gardiso.eu\/at\/shop\/Pflanzenanzucht\/Anzucht-Outdoor\/tomaten-folien-reifehaube-5-stueck-p51393?listName=_action&quot;\" target=\"&quot;_blank&quot;\" rel=\"noopener\">Haube <\/a>sch\u00fctzen, die auch das Wachstum ankurbelt. Auch eine Idee, vor allem wenn mehrere Pflanzen gesch\u00fctzt werden sollen, ist ein praktisches <a href=\"\/\/www.gardiso.eu\/at\/shop\/Pflanzenanzucht\/Anzucht-Outdoor\/tomatenhaus-mit-aufrollbarer-tuer-p59097?listName=_action&quot;\" target=\"&quot;_blank&quot;\" rel=\"noopener\">Tomatengew\u00e4chshaus<\/a>.<\/p>\n<p>In unserem <a href=\"\/\/www.gardiso.eu\/at&quot;\" title=\"&quot;Onlineshop\">gardiso Onlineshop<\/a> finden Sie noch viele <a href=\"\/\/www.gardiso.eu\/at\/shop\/Pflanzenanzucht-c62091&quot;\" title=\"&quot;N\u00fctzliche\">n\u00fctzliche Produkte rund um das Thema Anzucht<\/a>. Und das Beste daran: Sie k\u00f6nnen sich die Produkte bequem nach Hause schicken lassen.<\/p>\n","protected":false},"excerpt":{"rendered":"<p><UL><LI>Tomatenpflanztopf ideal f\u00fcr Balkon oder Terrasse<\/LI><LI>Eine robuste Rankhilfe mit Befestigungsringen ist bereits integriert<\/LI><LI>Einfache Bew\u00e4sserung dank eingearbeitetem Wassertank<\/LI><LI>Leicht aufgebaut, kompakt verstaut<\/LI><LI>Wird in der EU hergestellt<\/LI><\/UL><\/p>\n","protected":false},"featured_media":5222,"comment_status":"closed","ping_status":"open","template":"","meta":[],"product_cat":[928,933],"product_tag":[],"wcpa_form_fields":null,"tiered_pricing_type":"fixed","tiered_pricing_fixed_rules":[],"_links":{"self":[{"href":"https:\/\/www.gardiso.eu\/de\/wp-json\/wp\/v2\/product\/5220"}],"collection":[{"href":"https:\/\/www.gardiso.eu\/de\/wp-json\/wp\/v2\/product"}],"about":[{"href":"https:\/\/www.gardiso.eu\/de\/wp-json\/wp\/v2\/types\/product"}],"replies":[{"embeddable":true,"href":"https:\/\/www.gardiso.eu\/de\/wp-json\/wp\/v2\/comments?post=5220"}],"wp:featuredmedia":[{"embeddable":true,"href":"https:\/\/www.gardiso.eu\/de\/wp-json\/wp\/v2\/media\/5222"}],"wp:attachment":[{"href":"https:\/\/www.gardiso.eu\/de\/wp-json\/wp\/v2\/media?parent=5220"}],"wp:term":[{"taxonomy":"product_cat","embeddable":true,"href":"https:\/\/www.gardiso.eu\/de\/wp-json\/wp\/v2\/product_cat?post=5220"},{"taxonomy":"product_tag","embeddable":true,"href":"https:\/\/www.gardiso.eu\/de\/wp-json\/wp\/v2\/product_tag?post=5220"}],"curies":[{"name":"wp","href":"https:\/\/api.w.org\/{rel}","templated":true}]}}