{"id":5206,"date":"2022-08-04T17:46:39","date_gmt":"2022-08-04T15:46:39","guid":{"rendered":"https:\/\/www.gardiso.eu\/p\/bokashi-eimer\/"},"modified":"2025-05-26T15:01:43","modified_gmt":"2025-05-26T13:01:43","slug":"bokashi-eimer","status":"publish","type":"product","link":"https:\/\/www.gardiso.eu\/de\/p\/bokashi-eimer\/","title":{"rendered":"Bokashi Eimer"},"content":{"rendered":"<h1>Das Bokashi Prinzip: kompakt, unauff\u00e4llig, effizient<\/h1>\n<p>Bokashi kommt aus dem Japanischen und umschreibt den Prozess, der in dem Eimer stattfindet, in etwa als \u201efermentiertes Allerlei\u201c oder \u201eschrittweise Umsetzung\u201c. In dem praktischen, luftdichten Komposteimer wird organisches Material mit Hilfe von effektiven Mikroorganismen (EM) fermentiert.<\/p>\n<h2>So funktioniert\u2019s:<\/h2>\n<p>Der perforierte Einsatz geh\u00f6rt als unterstes Element in den Eimer. Geben Sie nun eine d\u00fcnne Lage K\u00fcchenabf\u00e4lle in den Bokashi Eimer. Die erste Lage wird auf den Sieb-Einsatz gelegt. Um die Fermentierung zu beschleunigen, zerkleinern Sie gr\u00f6\u00dfere St\u00fccke organischen Abfalls, damit die Mikroben die Masse so effizient wie m\u00f6glich fermentieren k\u00f6nnen. Verteilen Sie jedes Mal, wenn Sie Abfall in den Abfallbeh\u00e4lter geben, etwa zwei Essl\u00f6ffel Kleie auf den Abf\u00e4llen. Pressen Sie die Schicht mit der Druckplatte zusammen und lassen Sie die Platte liegen.<\/p>\n<p>Der Fermentierungsprozess funktioniert besonders gut, wenn der Bokashi Eimer nicht zu h\u00e4ufig ge\u00f6ffnet wird \u2013 geben Sie K\u00fcchenabf\u00e4lle lieber gesammelt (max. 1 L ) einmal am Tag in den Eimer.<br \/>\nDurch die Fermentierung entsteht Fl\u00fcssigkeit, die sich im unteren Bereich des Komposteimers sammelt. Diese Fl\u00fcssigkeit k\u00f6nnen Sie einfach \u00fcber den Zapfhahn an der Seite des Abfallbeh\u00e4lters in ein geeignetes Gef\u00e4\u00df oder den Abfluss ablassen. Da sie sehr n\u00e4hrstoffreich ist, kann sie in einer Verd\u00fcnnung von 1:100 mit Wasser sogar als D\u00fcnger genutzt werden.<\/p>\n<p>Ist der Bokashi Eimer voll, schlie\u00dfen Sie den Deckel sorgf\u00e4ltig und lassen Sie den Abfallbeh\u00e4lter bei Raumtemperatur zwei Wochen lang stehen. Lassen Sie in dieser Zeit die Fl\u00fcssigkeit gelegentlich ab. Durch die Fermentierung kann sich Gas im Abfallbeh\u00e4lter bilden. \u00d6ffnen Sie den Deckel, um das Gas abzulassen. Schlie\u00dfen Sie den Deckel anschlie\u00dfend wieder sorgf\u00e4ltig mit dem Clip.<\/p>\n<h3>Das darf rein<\/h3>\n<p>Abf\u00e4lle, die Sie im Bokashi kompostieren k\u00f6nnen sind<br \/>\n\u2022&nbsp;&nbsp;&nbsp; pflanzenbasierte Abf\u00e4lle<br \/>\n\u2022&nbsp;&nbsp;&nbsp; geringe Mengen von Fleisch oder Fisch<\/p>\n<p>Abf\u00e4lle, die Sie nicht im Bokashi kompostieren k\u00f6nnen:<br \/>\n\u2022&nbsp;&nbsp;&nbsp; anorganische Abf\u00e4lle<br \/>\n\u2022&nbsp;&nbsp;&nbsp; gro\u00dfe Mengen von Fleisch oder Fisch<br \/>\n\u2022&nbsp;&nbsp;&nbsp; Asche<br \/>\n\u2022&nbsp;&nbsp;&nbsp; gro\u00dfe Knochen<\/p>\n<p>Weitere <a data-tabindex-counter=\"&quot;1&quot;\" data-tabindex-value=\"&quot;none&quot;\" href=\"\/\/www.gardiso.eu\/at\/blog\/Kompostieren--Recycling-im-eigenen-Garten-b476939&quot;\" title=\"&quot;Tipps\">Tipps &amp; Tricks rund ums Thema Kompostieren<\/a> sind in unserem Blog zu finden.<\/p>\n<p>\n<strong>Achtung: <\/strong><br \/>\nFermentierter organischer Abfall kann nicht sofort als Erde oder D\u00fcnger verwendet werden. Er muss zun\u00e4chst kompostiert werden. Sie k\u00f6nnen das fermentierte Material zum Beispiel in einem nagetiersicheren <a data-tabindex-counter=\"&quot;1&quot;\" data-tabindex-value=\"&quot;none&quot;\" href=\"\/\/www.gardiso.eu\/at\/shop\/Garten\/Komposter\/schnellkomposter-220l-p475620?listName=shop&quot;\" title=\"&quot;Schnellkomposter\">Schnellkomposter<\/a> kompostieren, indem Sie es sorgf\u00e4ltig unter den Kompost mischen. Hier beschleunigt die fermentierte Masse sogar die allgemeine Kompostierung.<br \/>\nAlternativ k\u00f6nnen Sie einfach einen kleinen Container bereithalten, in dem Sie den fermentierten Abfall mit n\u00e4hrstoffarmer Erde schichten, die oberste Schicht sollte dabei Erde sein. Nach circa 2 Wochen, wenn Erde und Fermentiertes nicht mehr zu unterscheiden sind, ist der D\u00fcnger fertig kompostiert.<\/p>\n<p>In unserer Kategorie &quot;<a data-tabindex-counter=\"&quot;1&quot;\" data-tabindex-value=\"&quot;none&quot;\" href=\"\/\/www.gardiso.eu\/at\/shop\/Garten\/Komposter-c478540&quot;\" title=\"&quot;Produkte\">Komposter<\/a>&quot; finden Sie noch weitere hilfreiche Artikel zu diesem Thema. Sie k\u00f6nnen die Produkte in unserem <a data-tabindex-counter=\"&quot;1&quot;\" data-tabindex-value=\"&quot;none&quot;\" href=\"\/\/www.gardiso.eu\/at&quot;\" title=\"&quot;Onlineshop\">gardiso Onlineshop<\/a> bequem zu sich nach Hause bestellen.<\/p>\n","protected":false},"excerpt":{"rendered":"<p><UL><LI>Komplett-Set zum Fermentieren von K\u00fcchenabf\u00e4llen auf kleinem Raum<\/LI><LI>Enth\u00e4lt: 10 l Komposteimer, Sieb-Einsatz, Druckplatte, 1 kg Kleie und eine detaillierte Anwendungsanleitung<\/LI><LI>Fermentiert Abfall innerhalb von 2 Wochen<\/LI><LI>Kein unangenehmer Geruch, kann dezent nach Sauerkraut riechen<\/LI><LI>Kann nach weiteren 2 Wochen Kompostierung als D\u00fcnger oder Erde verwendet werden<\/LI><\/UL><\/p>\n","protected":false},"featured_media":5802,"comment_status":"closed","ping_status":"open","template":"","meta":[],"product_cat":[927],"product_tag":[],"wcpa_form_fields":null,"tiered_pricing_type":"fixed","tiered_pricing_fixed_rules":[],"_links":{"self":[{"href":"https:\/\/www.gardiso.eu\/de\/wp-json\/wp\/v2\/product\/5206"}],"collection":[{"href":"https:\/\/www.gardiso.eu\/de\/wp-json\/wp\/v2\/product"}],"about":[{"href":"https:\/\/www.gardiso.eu\/de\/wp-json\/wp\/v2\/types\/product"}],"replies":[{"embeddable":true,"href":"https:\/\/www.gardiso.eu\/de\/wp-json\/wp\/v2\/comments?post=5206"}],"wp:featuredmedia":[{"embeddable":true,"href":"https:\/\/www.gardiso.eu\/de\/wp-json\/wp\/v2\/media\/5802"}],"wp:attachment":[{"href":"https:\/\/www.gardiso.eu\/de\/wp-json\/wp\/v2\/media?parent=5206"}],"wp:term":[{"taxonomy":"product_cat","embeddable":true,"href":"https:\/\/www.gardiso.eu\/de\/wp-json\/wp\/v2\/product_cat?post=5206"},{"taxonomy":"product_tag","embeddable":true,"href":"https:\/\/www.gardiso.eu\/de\/wp-json\/wp\/v2\/product_tag?post=5206"}],"curies":[{"name":"wp","href":"https:\/\/api.w.org\/{rel}","templated":true}]}}