{"id":2913,"date":"2022-08-04T17:46:18","date_gmt":"2022-08-04T15:46:18","guid":{"rendered":"https:\/\/gardiso.insektenschutz365.eu\/p\/tomaten-rankturm-rund\/"},"modified":"2026-03-03T18:10:47","modified_gmt":"2026-03-03T17:10:47","slug":"tomaten-rankturm-rund","status":"publish","type":"product","link":"https:\/\/www.gardiso.eu\/de\/p\/tomaten-rankturm-rund\/","title":{"rendered":"Tomaten-Rankturm rund"},"content":{"rendered":"<p><h4>St\u00fctzender Rankturm f\u00fcr Tomaten, Paprika &amp; Co<\/h4>\n<p>Diese Rankhilfe werden Ihre Tomaten lieben!&nbsp;&nbsp;<\/p>\n<p>Der sich nach oben hin leicht \u00f6ffnende Rankturm l\u00e4sst Kletterpflanzen&nbsp;wie Tomaten, Paprika, Gurken &amp; Co kontrolliert in die&nbsp;H\u00f6he wachsen. Das gr\u00fcne Ger\u00fcst aus Stahl wird einfach in den Pflanztopf gesteckt und die Pflanze mit Schn\u00fcren angebunden.&nbsp;<\/p>\n<p>&nbsp;<\/p>\n<p><strong>\u200bZum Tomaten-Turm:&nbsp;<\/strong><\/p>\n<ul>\n<li>Farbe: dunkelgr\u00fcn<\/li>\n<li>H\u00f6he: 106 cm<\/li>\n<li>Breite oben: 35 cm<\/li>\n<\/ul>\n<p>&nbsp;<\/p>\n<p><strong>Tipp<\/strong><\/p>\n<p>Die w\u00e4rmeliebenden Tomaten&nbsp;f\u00fchlen sich in einem&nbsp;<a href=\"\/\/www.gardiso.eu\/at\/shop\/Pflanzenanzucht\/Anzucht-Outdoor\/tomatenhaus-mit-aufrollbarer-tuer-2x2x0-6-m-p59097?listName=_action&quot;\"><strong>Gew\u00e4chshaus<\/strong><\/a>&nbsp;sehr wohl, da sie gesch\u00fctzt vor N\u00e4sse, K\u00e4lte, Braunf\u00e4ule&nbsp;und Sch\u00e4dlingen wunderbar wachsen und reifen k\u00f6nnen.&nbsp;Die empfindlichen Tomaten k\u00f6nnen auch mit&nbsp;<a href=\"\/\/www.gardiso.eu\/at\/shop\/pflanzenanzucht\/tomaten-folienschlauch-fuer-5-7-tomatenstoecke-weiss-p51390?listName=shop&quot;\" target=\"&quot;_blank&quot;\" title=\"&quot;K\u00e4lteschutzfolie\" rel=\"noopener\">Tomatenhauben<\/a>&nbsp;zuverl\u00e4ssig gesch\u00fctzt werden.&nbsp;<\/p><\/p>\n","protected":false},"excerpt":{"rendered":"<p><UL><LI>Praktischer, runder Rankturm f\u00fcr Tomaten<\/LI><LI>Gestell aus beschichtetem Stahl, verl\u00e4uft konisch nach oben<\/LI><LI>St\u00fctzturm passt optimal in runde T\u00f6pfe<\/LI><LI>Optimal f\u00fcr hochwachsende Pflanzen<\/LI><\/UL><\/p>\n","protected":false},"featured_media":1576,"comment_status":"closed","ping_status":"open","template":"","meta":[],"product_cat":[928,933],"product_tag":[],"wcpa_form_fields":null,"tiered_pricing_type":"fixed","tiered_pricing_fixed_rules":[],"_links":{"self":[{"href":"https:\/\/www.gardiso.eu\/de\/wp-json\/wp\/v2\/product\/2913"}],"collection":[{"href":"https:\/\/www.gardiso.eu\/de\/wp-json\/wp\/v2\/product"}],"about":[{"href":"https:\/\/www.gardiso.eu\/de\/wp-json\/wp\/v2\/types\/product"}],"replies":[{"embeddable":true,"href":"https:\/\/www.gardiso.eu\/de\/wp-json\/wp\/v2\/comments?post=2913"}],"wp:featuredmedia":[{"embeddable":true,"href":"https:\/\/www.gardiso.eu\/de\/wp-json\/wp\/v2\/media\/1576"}],"wp:attachment":[{"href":"https:\/\/www.gardiso.eu\/de\/wp-json\/wp\/v2\/media?parent=2913"}],"wp:term":[{"taxonomy":"product_cat","embeddable":true,"href":"https:\/\/www.gardiso.eu\/de\/wp-json\/wp\/v2\/product_cat?post=2913"},{"taxonomy":"product_tag","embeddable":true,"href":"https:\/\/www.gardiso.eu\/de\/wp-json\/wp\/v2\/product_tag?post=2913"}],"curies":[{"name":"wp","href":"https:\/\/api.w.org\/{rel}","templated":true}]}}