{"id":2891,"date":"2022-08-04T17:46:09","date_gmt":"2022-08-04T15:46:09","guid":{"rendered":"https:\/\/gardiso.insektenschutz365.eu\/p\/sonnensegel-basic\/"},"modified":"2026-02-27T17:38:37","modified_gmt":"2026-02-27T16:38:37","slug":"sonnensegel-basic","status":"publish","type":"product","link":"https:\/\/www.gardiso.eu\/de\/p\/sonnensegel-basic\/","title":{"rendered":"Sonnensegel Basic"},"content":{"rendered":"<p><h4><strong>Modernes Sonnensegel f\u00fcr eine perfekte Beschattung<\/strong><\/h4>\n<p>Sommer, Sonne, Sonnenschein &#8211; k\u00fchle Getr\u00e4nke &amp; Schatten sind zu dieser Zeit sehr willkommen. Das leichte Sonnensegel sorgt an hei\u00dfen Sommertagen f\u00fcr angenehmen Schatten. Zugleich ist es ein moderner Blickfang, der Farbe in Ihr Zuhause bringt. Flexibel und einfach zu montieren mit vielf\u00e4ltigen Einsatzm\u00f6glichkeiten auf Terrasse, Balkon und Garten. Sch\u00fctzender Schatten wann und wo immer Sie ihn m\u00f6chten.&nbsp;<\/p>\n<p>Das&nbsp;<strong>Sonnensegel ist aus rei\u00dffestem Gewebe&nbsp;<\/strong>(100% HDPE)&nbsp;gefertigt und besonders dicht verwebt. Das atmungsaktive Material ist best\u00e4ndig gegen\u00fcber Wind und hohen Temperaturen. An hei\u00dfen Tagen bildet sich kein W\u00e4rmestau unter dem Segel und bis zu 60% der Sonnenenergie wird reflektiert. Die Doppelnaht an den R\u00e4ndern und das integrierte Gurtband sorgen f\u00fcr Stabilit\u00e4t und erm\u00f6glichen die straffe Spannung des Segels. Die rostfreien Metall\u00f6sen aus Edelstahl gew\u00e4hrleisten eine sichere und dauerhafte Anbringung.&nbsp;<\/p>\n<p>Einfache Reinigung &#8211; das Sonnensegel wird bei 30\u00b0 in der Waschmaschine gewaschen oder mit milder Seifenlauge gereinigt und anschlie\u00dfend mit einem Schlauch abgespritzt.<\/p>\n<p>\n<strong>Eckdaten<\/strong><\/p>\n<ul>\n<li>Form: Dreieck<\/li>\n<li>Ma\u00dfe: 3,6&#215;3,6 m<\/li>\n<li>Gewicht: 185 g\/m\u00b2<\/li>\n<li>Farbe: grau<\/li>\n<\/ul>\n<p><strong>Einsatzm\u00f6glichkeiten<\/strong><\/p>\n<ul>\n<li>Terrasse, Balkon, Freifl\u00e4chen im Garten<\/li>\n<li>Kinderspielplatz, Sandkasten, Schwimmbecken\/Pools<\/li>\n<li>Campingplatz, \u00dcberdachung von Parkfl\u00e4chen<\/li>\n<\/ul>\n<p>\n<strong>Lieferumfang<\/strong><\/p>\n<ul>\n<li>1 Sonnensegel<\/li>\n<li>1,5 m lange Befestigungsseile (3 St\u00fcck)<\/li>\n<\/ul>\n<p>&nbsp;<\/p><\/p>\n","protected":false},"excerpt":{"rendered":"<p><UL><LI>HDPE-Sonnensegel als angenehmer Schattenspender<\/LI><LI>60% UV-Schutz<\/LI><LI>Luft- und wasserdurchl\u00e4ssig &#8211; es bleibt k\u00fchl unterm Segel<\/LI><LI>Rei\u00df- und wetterfestes Gewebe, UV-best\u00e4ndig und farbecht<\/LI><LI>Befestigungs\u00f6sen und Seil zum leichten Einh\u00e4ngen<\/LI><LI>Einfache Reinigung mit Wasser oder bei 30\u00b0 waschen<\/LI><\/UL><\/p>\n","protected":false},"featured_media":1556,"comment_status":"closed","ping_status":"open","template":"","meta":[],"product_cat":[951,953],"product_tag":[],"wcpa_form_fields":null,"tiered_pricing_type":"fixed","tiered_pricing_fixed_rules":[],"_links":{"self":[{"href":"https:\/\/www.gardiso.eu\/de\/wp-json\/wp\/v2\/product\/2891"}],"collection":[{"href":"https:\/\/www.gardiso.eu\/de\/wp-json\/wp\/v2\/product"}],"about":[{"href":"https:\/\/www.gardiso.eu\/de\/wp-json\/wp\/v2\/types\/product"}],"replies":[{"embeddable":true,"href":"https:\/\/www.gardiso.eu\/de\/wp-json\/wp\/v2\/comments?post=2891"}],"wp:featuredmedia":[{"embeddable":true,"href":"https:\/\/www.gardiso.eu\/de\/wp-json\/wp\/v2\/media\/1556"}],"wp:attachment":[{"href":"https:\/\/www.gardiso.eu\/de\/wp-json\/wp\/v2\/media?parent=2891"}],"wp:term":[{"taxonomy":"product_cat","embeddable":true,"href":"https:\/\/www.gardiso.eu\/de\/wp-json\/wp\/v2\/product_cat?post=2891"},{"taxonomy":"product_tag","embeddable":true,"href":"https:\/\/www.gardiso.eu\/de\/wp-json\/wp\/v2\/product_tag?post=2891"}],"curies":[{"name":"wp","href":"https:\/\/api.w.org\/{rel}","templated":true}]}}