{"id":2889,"date":"2022-08-04T17:46:09","date_gmt":"2022-08-04T15:46:09","guid":{"rendered":"https:\/\/gardiso.insektenschutz365.eu\/p\/tomatenhaus-folientunnel-set-2x2m\/"},"modified":"2025-12-29T11:39:29","modified_gmt":"2025-12-29T10:39:29","slug":"tomatenhaus-folientunnel-set-2x2m","status":"publish","type":"product","link":"https:\/\/www.gardiso.eu\/de\/p\/tomatenhaus-folientunnel-set-2x2m\/","title":{"rendered":"Tomatenhaus Folientunnel-Set 2x2m"},"content":{"rendered":"<h4>Tomaten\u00fcberdachung f\u00fcr besseren Schutz vor N\u00e4sse<\/h4>\n<p>Tomaten&nbsp;m\u00fcssen etwas mehr gehegt und gepflegt werden als andere Pflanzen! Sie m\u00f6chten vor allem nicht nass werden und f\u00fchlen sich daher in einem <strong>Gew\u00e4chshaus<\/strong> sehr wohl.&nbsp;<\/p>\n<p>Dieses Tomatenzelt ist nach dem Prinzip eines Folientunnels aufgebaut. Drei Tunnelb\u00f6gen werden auf die gew\u00fcnschte Gr\u00f6\u00dfe verl\u00e4ngert, nebeneinander in die Erde gesteckt und mit einer transparenten Folie bespannt. Die Folie l\u00e4sst sich auf beliebiger H\u00f6he anbringen.&nbsp;<\/p>\n<p>&nbsp;<\/p>\n<p><strong>Eckdaten<\/strong><\/p>\n<ul>\n<li>Gr\u00f6\u00dfe: 200 x 27&nbsp;x 210&nbsp;cm (LxBxH)<\/li>\n<li>Farbe: wei\u00df \/ transparent<\/li>\n<li>St\u00e4rke Folie: 60 \u00b5m<\/li>\n<\/ul>\n<p>&nbsp;<\/p>\n<p><strong>Inhalt \/ Lieferumfang<\/strong><\/p>\n<ul>\n<li>3 Tunnelb\u00f6gen<\/li>\n<li>Verl\u00e4ngerungsstangen<\/li>\n<li>transparente Gew\u00e4chshausfolie<\/li>\n<li>Befestigungsclips und Verbinder<\/li>\n<\/ul>\n","protected":false},"excerpt":{"rendered":"<p><UL><LI>Tomatenzelt bestehend aus Tunnelb\u00f6gen &amp; Folie<\/LI><LI>Selbes Prinzip wie beim Folientunnel &#8211; Fr\u00fchbeet<\/LI><LI>Unkomplizierte L\u00f6sung zum Schutz der Tomaten<\/LI><LI>Schneller Aufbau dank Stecksystem<\/LI><\/UL><\/p>\n","protected":false},"featured_media":1554,"comment_status":"closed","ping_status":"closed","template":"","meta":[],"product_cat":[919,932,920,928],"product_tag":[],"wcpa_form_fields":null,"tiered_pricing_type":"fixed","tiered_pricing_fixed_rules":[],"_links":{"self":[{"href":"https:\/\/www.gardiso.eu\/de\/wp-json\/wp\/v2\/product\/2889"}],"collection":[{"href":"https:\/\/www.gardiso.eu\/de\/wp-json\/wp\/v2\/product"}],"about":[{"href":"https:\/\/www.gardiso.eu\/de\/wp-json\/wp\/v2\/types\/product"}],"replies":[{"embeddable":true,"href":"https:\/\/www.gardiso.eu\/de\/wp-json\/wp\/v2\/comments?post=2889"}],"wp:featuredmedia":[{"embeddable":true,"href":"https:\/\/www.gardiso.eu\/de\/wp-json\/wp\/v2\/media\/1554"}],"wp:attachment":[{"href":"https:\/\/www.gardiso.eu\/de\/wp-json\/wp\/v2\/media?parent=2889"}],"wp:term":[{"taxonomy":"product_cat","embeddable":true,"href":"https:\/\/www.gardiso.eu\/de\/wp-json\/wp\/v2\/product_cat?post=2889"},{"taxonomy":"product_tag","embeddable":true,"href":"https:\/\/www.gardiso.eu\/de\/wp-json\/wp\/v2\/product_tag?post=2889"}],"curies":[{"name":"wp","href":"https:\/\/api.w.org\/{rel}","templated":true}]}}