{"id":2884,"date":"2022-08-04T17:46:09","date_gmt":"2022-08-04T15:46:09","guid":{"rendered":"https:\/\/gardiso.insektenschutz365.eu\/p\/gartenwerkzeug-set-fuer-kinder-3-teilig\/"},"modified":"2025-12-30T15:11:13","modified_gmt":"2025-12-30T14:11:13","slug":"gartenwerkzeug-set-fuer-kinder-3-teilig","status":"publish","type":"product","link":"https:\/\/www.gardiso.eu\/de\/p\/gartenwerkzeug-set-fuer-kinder-3-teilig\/","title":{"rendered":"Gartenwerkzeug Set f\u00fcr Kinder 3-teilig"},"content":{"rendered":"<h4>Kleines Gartenwerkzeug f\u00fcr Nachwuchsg\u00e4rtner<\/h4>\n<p>Fr\u00fch \u00fcbt sich, wer Spa\u00df im&nbsp;Garten haben will &#8230;<\/p>\n<p>Dieses Gartenwerkzeug Set ist ideal f\u00fcr kleine G\u00e4rtner und G\u00e4rtnerinnen. Die kindgerechten Ger\u00e4te eignen sich wunderbar f\u00fcr die Mitarbeit am Balkon, im Beet oder beim Umpflanzen von Blumen. Der Stiel ist aus Eukalyptusholz, die Werkzeugk\u00f6pfe aus Metall wurden in fr\u00f6hlichen Farben bemalt. Spa\u00df am buddeln steht nichts mehr im Wege.&nbsp;<\/p>\n<p>&nbsp;<\/p>\n<p><strong>Set Inhalt<\/strong><\/p>\n<ul>\n<li>1 hellgr\u00fcne Spitzschaufel<\/li>\n<li>1 dunkelgr\u00fcner Rechen<\/li>\n<li>1 roter Spaten<\/li>\n<\/ul>\n<p>&nbsp;<\/p>\n<p>&nbsp;<\/p>\n<p>F\u00fcr noch gr\u00f6\u00dferen Spa\u00df und Mithilfe im Garten bietet&nbsp;sich das <a href=\"\/\/www.gardiso.eu\/at\/shop\/Garten\/gartenwerkzeug-set-fuer-kinder-5-teilig-p55313?listName=shop&quot;\" target=\"&quot;_blank&quot;\" title=\"&quot;Gartenwerkzeug\" rel=\"noopener\">5-teilige Gartenwerkzeug Set mit Rechen, Besen, Schaufel &amp; Co<\/a>&nbsp;f\u00fcr unsere Jungg\u00e4rtner an.&nbsp;<\/p>\n<p>&nbsp;<\/p>\n","protected":false},"excerpt":{"rendered":"<p><UL><LI>3-teiliges Gartenwerkzeug Set f\u00fcr Kinder<\/LI><LI>Praktische Kleinger\u00e4te in kr\u00e4ftigen Farben<\/LI><LI>Leicht und robust f\u00fcr die gemeinsame Gartenarbeit<\/LI><\/UL><\/p>\n","protected":false},"featured_media":1545,"comment_status":"closed","ping_status":"open","template":"","meta":[],"product_cat":[922,925],"product_tag":[],"wcpa_form_fields":null,"tiered_pricing_type":"fixed","tiered_pricing_fixed_rules":[],"_links":{"self":[{"href":"https:\/\/www.gardiso.eu\/de\/wp-json\/wp\/v2\/product\/2884"}],"collection":[{"href":"https:\/\/www.gardiso.eu\/de\/wp-json\/wp\/v2\/product"}],"about":[{"href":"https:\/\/www.gardiso.eu\/de\/wp-json\/wp\/v2\/types\/product"}],"replies":[{"embeddable":true,"href":"https:\/\/www.gardiso.eu\/de\/wp-json\/wp\/v2\/comments?post=2884"}],"wp:featuredmedia":[{"embeddable":true,"href":"https:\/\/www.gardiso.eu\/de\/wp-json\/wp\/v2\/media\/1545"}],"wp:attachment":[{"href":"https:\/\/www.gardiso.eu\/de\/wp-json\/wp\/v2\/media?parent=2884"}],"wp:term":[{"taxonomy":"product_cat","embeddable":true,"href":"https:\/\/www.gardiso.eu\/de\/wp-json\/wp\/v2\/product_cat?post=2884"},{"taxonomy":"product_tag","embeddable":true,"href":"https:\/\/www.gardiso.eu\/de\/wp-json\/wp\/v2\/product_tag?post=2884"}],"curies":[{"name":"wp","href":"https:\/\/api.w.org\/{rel}","templated":true}]}}