{"id":2882,"date":"2022-08-04T17:45:58","date_gmt":"2022-08-04T15:45:58","guid":{"rendered":"https:\/\/gardiso.insektenschutz365.eu\/p\/beeteinfassung-aus-dunklem-bambus\/"},"modified":"2025-12-29T15:11:15","modified_gmt":"2025-12-29T14:11:15","slug":"beeteinfassung-aus-dunklem-bambus","status":"publish","type":"product","link":"https:\/\/www.gardiso.eu\/de\/p\/beeteinfassung-aus-dunklem-bambus\/","title":{"rendered":"Beeteinfassung aus dunklem Bambus"},"content":{"rendered":"<h4>Beetumrandung aus dunklem Bambus<\/h4>\n<p>Den&nbsp;hat sicher nicht jeder in seinem Garten hervorblitzen: einen <strong>dunkelbraunen&nbsp;Bambuszaun<\/strong>.&nbsp;Damit werden Blumen- und Gem\u00fcsebeete, Str\u00e4ucher und Lieblingspl\u00e4tze im Garten <strong>dekorativ in Szene gesetzt<\/strong>.<\/p>\n<p>Bambus ist eine sehr witterungsbest\u00e4ndige&nbsp;und robuste Pflanze und daher f\u00fcr lange Zeit ein treuer Begleiter. F\u00fcr diese Beeteinfassung wurden dicke,&nbsp;halbierte Bambusrohre mit einer Schnur speziell verflochten, was&nbsp;sich in einer h\u00fcbschen Zierbindung zeigt. Die <strong>zugespitzten F\u00fc\u00dfe<\/strong> machen ein Eindr\u00fccken oder Einschlagen in den Rasen (z.B. mit einem Gummihammer) leicht m\u00f6glich und sorgen f\u00fcr eine <strong>stabile Verankerung.<\/strong><\/p>\n<p>&nbsp;<\/p>\n<p><strong>Eckdaten<\/strong><\/p>\n<ul>\n<li>Gr\u00f6\u00dfe inkl. Steckf\u00fc\u00dfe:&nbsp;90 x 35&nbsp;cm (L x H)<\/li>\n<li>Gr\u00f6\u00dfe ohne Steckf\u00fc\u00dfe: 90 x 20 cm (L x H)<\/li>\n<li>Material:&nbsp;lasiertes Bambusholz<\/li>\n<li>Farbe: dunkelbraun\/schwarzbraun<\/li>\n<\/ul>\n<p>&nbsp;<\/p>\n<p><strong>Lieferumfang<\/strong><\/p>\n<ul>\n<li>1 Beeteinfassung aus Bambus<\/li>\n<\/ul>\n<p>&nbsp;<\/p>\n<p><strong>Hinweis<\/strong><br \/>\nDa es sich bei diesem&nbsp;Bambuszaun um ein Naturprodukt handelt, k\u00f6nnen Dicke, Farbintensit\u00e4t&nbsp;und Aussehen der Bambusrohre variieren.<\/p>\n<p>&nbsp;<\/p>\n<h4>Mehr Auswahl gew\u00fcnscht?<\/h4>\n<p>St\u00f6bern Sie doch einfach durch unseren Shop und schauen Sie sich auch andere&nbsp;<a href=\"\/\/www.gardiso.eu\/at\/shop\/Garten\/Gartendekoration-c62109&quot;\">Beeteinfassungen<\/a> aus&nbsp;Weide,&nbsp;Haselnuss oder Rattan an.<\/p>\n","protected":false},"excerpt":{"rendered":"<p><UL><LI>Beeteinfassung aus dunklem, vollem Bambusrohr<\/LI><LI>Dekoratives Highlight f\u00fcr Garten &amp;\u00a0Beete<\/LI><LI>Zwei stabile Steckf\u00fc\u00dfe f\u00fcr guten Halt im Boden<\/LI><LI>Langlebiger, wetterfester &amp; umweltfreundlicher Zaun<\/LI><\/UL><\/p>\n","protected":false},"featured_media":5097,"comment_status":"closed","ping_status":"closed","template":"","meta":[],"product_cat":[929,928],"product_tag":[],"wcpa_form_fields":null,"tiered_pricing_type":"fixed","tiered_pricing_fixed_rules":[],"_links":{"self":[{"href":"https:\/\/www.gardiso.eu\/de\/wp-json\/wp\/v2\/product\/2882"}],"collection":[{"href":"https:\/\/www.gardiso.eu\/de\/wp-json\/wp\/v2\/product"}],"about":[{"href":"https:\/\/www.gardiso.eu\/de\/wp-json\/wp\/v2\/types\/product"}],"replies":[{"embeddable":true,"href":"https:\/\/www.gardiso.eu\/de\/wp-json\/wp\/v2\/comments?post=2882"}],"wp:featuredmedia":[{"embeddable":true,"href":"https:\/\/www.gardiso.eu\/de\/wp-json\/wp\/v2\/media\/5097"}],"wp:attachment":[{"href":"https:\/\/www.gardiso.eu\/de\/wp-json\/wp\/v2\/media?parent=2882"}],"wp:term":[{"taxonomy":"product_cat","embeddable":true,"href":"https:\/\/www.gardiso.eu\/de\/wp-json\/wp\/v2\/product_cat?post=2882"},{"taxonomy":"product_tag","embeddable":true,"href":"https:\/\/www.gardiso.eu\/de\/wp-json\/wp\/v2\/product_tag?post=2882"}],"curies":[{"name":"wp","href":"https:\/\/api.w.org\/{rel}","templated":true}]}}