{"id":2876,"date":"2022-08-04T17:45:58","date_gmt":"2022-08-04T15:45:58","guid":{"rendered":"https:\/\/gardiso.insektenschutz365.eu\/p\/markierungsfahnen-fuer-den-garten-5-stueck\/"},"modified":"2026-04-29T07:27:17","modified_gmt":"2026-04-29T05:27:17","slug":"markierungsfahnen-fuer-den-garten-5-stueck","status":"publish","type":"product","link":"https:\/\/www.gardiso.eu\/de\/p\/markierungsfahnen-fuer-den-garten-5-stueck\/","title":{"rendered":"Markierungsfahnen f\u00fcr den Garten | 5 St\u00fcck"},"content":{"rendered":"<p><h4>Markierfahnen zur Erkennung von W\u00fchlmausg\u00e4ngen<\/h4>\n<p>Die roten F\u00e4hnchen sind ein simples aber wirkungsvolles Instrument zur Aufsp\u00fcrung von unterirdischen W\u00fchlmausg\u00e4ngen.&nbsp;<\/p>\n<p><strong>Und so gehts:<\/strong><\/p>\n<ul>\n<li>Die Metallspitze in die Erde stecken. Dort, wo die Erde nicht fest und kein&nbsp;Widerstand zu sp\u00fcren ist, sind Sie auf einen Gang getroffen.&nbsp;<\/li>\n<li>Diese Stelle mit dem F\u00e4hnchen&nbsp;markieren.&nbsp;&nbsp;<\/li>\n<li>Liegen die Flaggen nach ein paar Stunden im Gras, ist dies ein Hinweis darauf, dass der Gang h\u00e4ufig benutzt wird.&nbsp;<br \/>\n\tHier kann nun mit der Vertreibung bzw. dem Fang der W\u00fchlm\u00e4use begonnen werden.&nbsp;<\/li>\n<\/ul>\n<p>&nbsp;<\/p>\n<p><strong>Lieferumfang<\/strong><\/p>\n<ul>\n<li>5 St\u00fcck Markierflaggen<\/li>\n<\/ul>\n<p>&nbsp;<\/p>\n<p><a data-tabindex-counter=\"&quot;1&quot;\" data-tabindex-value=\"&quot;none&quot;\" href=\"\/\/www.gardiso.eu\/at\/shop\/Schaedlingsabwehr\/Maeuse-Maulwuerfe-c62121&quot;\" target=\"&quot;_blank&quot;\" rel=\"noopener\">Wirkungsvolle Abwehrger\u00e4te<\/a> mit kaum h\u00f6rbaren Schallwellen und einem Wirkungsbereich bis zu 1.000 m\u00b2 helfen dabei, den Garten f\u00fcr die Nagetiere unattraktiv zu machen.&nbsp;<\/p><\/p>\n","protected":false},"excerpt":{"rendered":"<p><UL><LI>Rote Markierfahnen f\u00fcr den Au\u00dfenbereich<\/LI><LI>Hilfsmittel zum Auffinden von W\u00fchlmausg\u00e4ngen<\/LI><LI>Erh\u00f6hung der Sichtbarkeit von div. Anschl\u00fcssen im Garten<\/LI><LI>40cm Metallstab mit roter Dreiecksflagge<\/LI><LI>5\u00a0St\u00fcck pro Packung<\/LI><\/UL><\/p>\n","protected":false},"featured_media":5076,"comment_status":"closed","ping_status":"open","template":"","meta":[],"product_cat":[945,940],"product_tag":[],"wcpa_form_fields":null,"tiered_pricing_type":"fixed","tiered_pricing_fixed_rules":[],"_links":{"self":[{"href":"https:\/\/www.gardiso.eu\/de\/wp-json\/wp\/v2\/product\/2876"}],"collection":[{"href":"https:\/\/www.gardiso.eu\/de\/wp-json\/wp\/v2\/product"}],"about":[{"href":"https:\/\/www.gardiso.eu\/de\/wp-json\/wp\/v2\/types\/product"}],"replies":[{"embeddable":true,"href":"https:\/\/www.gardiso.eu\/de\/wp-json\/wp\/v2\/comments?post=2876"}],"wp:featuredmedia":[{"embeddable":true,"href":"https:\/\/www.gardiso.eu\/de\/wp-json\/wp\/v2\/media\/5076"}],"wp:attachment":[{"href":"https:\/\/www.gardiso.eu\/de\/wp-json\/wp\/v2\/media?parent=2876"}],"wp:term":[{"taxonomy":"product_cat","embeddable":true,"href":"https:\/\/www.gardiso.eu\/de\/wp-json\/wp\/v2\/product_cat?post=2876"},{"taxonomy":"product_tag","embeddable":true,"href":"https:\/\/www.gardiso.eu\/de\/wp-json\/wp\/v2\/product_tag?post=2876"}],"curies":[{"name":"wp","href":"https:\/\/api.w.org\/{rel}","templated":true}]}}