{"id":2874,"date":"2022-08-04T17:45:58","date_gmt":"2022-08-04T15:45:58","guid":{"rendered":"https:\/\/gardiso.insektenschutz365.eu\/p\/taubenabwehr-classic-60cm-variabel-aluminium\/"},"modified":"2025-12-30T15:11:57","modified_gmt":"2025-12-30T14:11:57","slug":"taubenabwehr-classic-60cm-variabel-aluminium","status":"publish","type":"product","link":"https:\/\/www.gardiso.eu\/de\/p\/taubenabwehr-classic-60cm-variabel-aluminium\/","title":{"rendered":"Taubenabwehr Classic  60cm &#8211; variabel, Aluminium"},"content":{"rendered":"<p>Tauben sind nicht jedermanns Lieblingstiere. Vor allem dann, wenn sie ihr Gesch\u00e4ft an unerw\u00fcnschten Pl\u00e4tzen verrichten. Zu diesen Pl\u00e4tzen geh\u00f6ren beispielsweise das Fensterbrett, der Balkon, die Terrasse oder generell der Garten oder Eingangsbereich Ihres Heims. Denn nichts wirkt unhygienischer als Taubenkot an den eben genannten Stellen.&nbsp;<\/p>\n<p>Mit der variablen Taubenabwehr&nbsp;k\u00f6nnen Sie die unliebsamen Tiere <strong>umweltfreundlich<\/strong> und <strong>ohne Chemie<\/strong> fernhalten. Das praktische Stecksystem wirkt abschreckend f\u00fcr Tauben. Dadurch kommen sie erst gar nicht auf die Idee, dass sie auf Ihrem Fensterbrett, Balkon, etc. Platz nehmen k\u00f6nnten.&nbsp;<\/p>\n<p>Die <strong>Montage<\/strong> ist <strong>schnell<\/strong> und <strong>einfach<\/strong> erledigt: Sie brauchen nur die Spikes ins Aluminium-Profil stecken und das Produkt am gew\u00fcnschten Platz mit den inkludierten Schrauben und D\u00fcbel befestigen. Die <strong>variable Taubenabwehr<\/strong> gibt Ihnen die Wahl, dass Sie die Spikes entweder <strong>2 oder 4-reihig<\/strong> anbringen k\u00f6nnen. M\u00f6gliche Fl\u00e4chen f\u00fcr die Befestigung sind Marmor, Holz, Beton, etc. Wichtig ist, dass Sie einen Untergrund w\u00e4hlen, auf dem das Produkt angeschraubt werden kann.&nbsp;<\/p>\n<p>Auch gegen andere <a data-tabindex-counter=\"&quot;1&quot;\" data-tabindex-value=\"&quot;none&quot;\" href=\"\/\/www.insektenschutz24.eu\/at\/shop\/Tier-und-Schaedlingsabwehr-c62561&quot;\" title=\"&quot;Nat\u00fcrlicher\">Sch\u00e4dlinge in Haus und Garten<\/a> finden Sie in unserem <a data-tabindex-counter=\"&quot;1&quot;\" data-tabindex-value=\"&quot;none&quot;\" href=\"\/\/www.insektenschutz24.eu\/at&quot;\" title=\"&quot;Onlineshop\">Insektenschutz24-Onlineshop<\/a> effektive Abwehrprodukte. F\u00fcr eine reichhaltige Ernte k\u00f6nnen Sie mit dem <a data-tabindex-counter=\"&quot;1&quot;\" data-tabindex-value=\"&quot;none&quot;\" href=\"\/\/www.insektenschutz24.eu\/at\/shop\/Tier-und-Schaedlingsabwehr\/vogelschutznetz-schwarz-10x4-m-p43658?listName=shop&quot;\" title=\"&quot;Sch\u00fctzen\">zuverl\u00e4ssigen Vogelschutznetz<\/a> beispielsweise Ihre Obstb\u00e4ume vor Vogelfra\u00df sch\u00fctzen.&nbsp;<\/p>\n<p>Langlebige Nutzung&nbsp;<br \/>\nIndividuell k\u00fcrzbare Profile<br \/>\nH\u00e4lt Tauben zuverl\u00e4ssig fern<br \/>\nEffektiver Schutz vor Vogelkot an unerw\u00fcnschten Pl\u00e4tzen<br \/>\nStabiles Material: Alu-Profile und Edelstahl-Spikes<br \/>\nInkl. Befestigungsmaterial: Schrauben und D\u00fcbel<br \/>\nMa\u00dfe: L\u00e4nge: 60 cm; H\u00f6he: 10 cm (inkl. Spikes); Breite: 5,8 cm<\/p>\n","protected":false},"excerpt":{"rendered":"<p><UL><LI>Zuverl\u00e4ssige Abwehr von Tauben<\/LI><LI>Stabiles Aluminium-Profil und Edelstahl-Spikes<\/LI><LI>Inkl. Schrauben und D\u00fcbel<\/LI><LI>Befestigung auf Marmor, Holz, Beton, etc.<\/LI><LI>Variabel: 2 oder 4-reihig<\/LI><\/UL><\/p>\n","protected":false},"featured_media":5073,"comment_status":"closed","ping_status":"closed","template":"","meta":[],"product_cat":[940,944],"product_tag":[],"wcpa_form_fields":null,"tiered_pricing_type":"fixed","tiered_pricing_fixed_rules":[],"_links":{"self":[{"href":"https:\/\/www.gardiso.eu\/de\/wp-json\/wp\/v2\/product\/2874"}],"collection":[{"href":"https:\/\/www.gardiso.eu\/de\/wp-json\/wp\/v2\/product"}],"about":[{"href":"https:\/\/www.gardiso.eu\/de\/wp-json\/wp\/v2\/types\/product"}],"replies":[{"embeddable":true,"href":"https:\/\/www.gardiso.eu\/de\/wp-json\/wp\/v2\/comments?post=2874"}],"wp:featuredmedia":[{"embeddable":true,"href":"https:\/\/www.gardiso.eu\/de\/wp-json\/wp\/v2\/media\/5073"}],"wp:attachment":[{"href":"https:\/\/www.gardiso.eu\/de\/wp-json\/wp\/v2\/media?parent=2874"}],"wp:term":[{"taxonomy":"product_cat","embeddable":true,"href":"https:\/\/www.gardiso.eu\/de\/wp-json\/wp\/v2\/product_cat?post=2874"},{"taxonomy":"product_tag","embeddable":true,"href":"https:\/\/www.gardiso.eu\/de\/wp-json\/wp\/v2\/product_tag?post=2874"}],"curies":[{"name":"wp","href":"https:\/\/api.w.org\/{rel}","templated":true}]}}