{"id":2868,"date":"2022-08-04T17:45:58","date_gmt":"2022-08-04T15:45:58","guid":{"rendered":"https:\/\/gardiso.insektenschutz365.eu\/p\/maeuseabwehr-stecker-indoor-30m%c2%b2\/"},"modified":"2025-12-30T06:38:40","modified_gmt":"2025-12-30T05:38:40","slug":"maeuseabwehr-stecker-indoor-30m%c2%b2","status":"publish","type":"product","link":"https:\/\/www.gardiso.eu\/de\/p\/maeuseabwehr-stecker-indoor-30m%c2%b2\/","title":{"rendered":"M\u00e4useabwehr Stecker indoor | 30m\u00b2"},"content":{"rendered":"<p><strong>\u200bM\u00e4usevertreiber f\u00fcr zuhause<\/strong><\/p>\n<p>Kaum in der Steckdose eingesteckt sendet der Mausvertreiber in unregelm\u00e4\u00dfigen Intervallen hohe T\u00f6ne im Ultraschallbereich aus, die f\u00fcr den Menschen ungef\u00e4hrlich sind. Sowohl in Wohn- als auch in Vorratsr\u00e4umen erschrecken M\u00e4use durch die in ihren Ohren&nbsp;schrill klingenden T\u00f6ne und nehmen bald Rei\u00dfaus.&nbsp;<\/p>\n<p>&nbsp;<\/p>\n<p><strong>Hinweis<\/strong><\/p>\n<p>Den M\u00e4useabwehrstecker nicht durch Vorh\u00e4nge oder Kleinm\u00f6bel verdecken, damit er seine volle Wirkung entfaltet.&nbsp;<\/p>\n","protected":false},"excerpt":{"rendered":"<p><UL><LI>Ultraschall-Stecker zur M\u00e4useabwehr und zur Vorbeugung<\/LI><LI>Kaum h\u00f6rbar f\u00fcr Menschen, aber extrem schrill klingend f\u00fcr M\u00e4use<\/LI><LI>Reichweite in Innenr\u00e4umen bis zu 30m\u00b2<\/LI><LI>Einfach zum Einstecken in die Steckdose<\/LI><LI>Mit Kippschalter und Nachtlicht<\/LI><\/UL><\/p>\n","protected":false},"featured_media":1528,"comment_status":"closed","ping_status":"closed","template":"","meta":[],"product_cat":[945,940],"product_tag":[],"wcpa_form_fields":null,"tiered_pricing_type":"fixed","tiered_pricing_fixed_rules":[],"_links":{"self":[{"href":"https:\/\/www.gardiso.eu\/de\/wp-json\/wp\/v2\/product\/2868"}],"collection":[{"href":"https:\/\/www.gardiso.eu\/de\/wp-json\/wp\/v2\/product"}],"about":[{"href":"https:\/\/www.gardiso.eu\/de\/wp-json\/wp\/v2\/types\/product"}],"replies":[{"embeddable":true,"href":"https:\/\/www.gardiso.eu\/de\/wp-json\/wp\/v2\/comments?post=2868"}],"wp:featuredmedia":[{"embeddable":true,"href":"https:\/\/www.gardiso.eu\/de\/wp-json\/wp\/v2\/media\/1528"}],"wp:attachment":[{"href":"https:\/\/www.gardiso.eu\/de\/wp-json\/wp\/v2\/media?parent=2868"}],"wp:term":[{"taxonomy":"product_cat","embeddable":true,"href":"https:\/\/www.gardiso.eu\/de\/wp-json\/wp\/v2\/product_cat?post=2868"},{"taxonomy":"product_tag","embeddable":true,"href":"https:\/\/www.gardiso.eu\/de\/wp-json\/wp\/v2\/product_tag?post=2868"}],"curies":[{"name":"wp","href":"https:\/\/api.w.org\/{rel}","templated":true}]}}