{"id":2842,"date":"2022-08-04T17:45:38","date_gmt":"2022-08-04T15:45:38","guid":{"rendered":"https:\/\/gardiso.insektenschutz365.eu\/p\/folienbeet-set-aus-tunnelboegen-klammern-ohne-folie\/"},"modified":"2026-03-12T17:04:01","modified_gmt":"2026-03-12T16:04:01","slug":"folienbeet-set-aus-tunnelboegen-klammern-ohne-folie","status":"publish","type":"product","link":"https:\/\/www.gardiso.eu\/de\/p\/folienbeet-set-aus-tunnelboegen-klammern-ohne-folie\/","title":{"rendered":"Folienbeet-Set aus Tunnelb\u00f6gen &amp; Klammern OHNE\u00a0Folie"},"content":{"rendered":"<h4>Set f\u00fcr den Bau eines Folienfr\u00fchbeets<\/h4>\n<p>Mit diesem Set stellt man im Nu das <strong>Grundger\u00fcst <\/strong>f\u00fcr ein&nbsp;Folienfr\u00fchbeet auf. Die Tunnelb\u00f6gen aus PVC sind einfach zusammen zu stecken und im Boden zu befestigen. Mit einer <a href=\"&quot;\/at\/shop\/pflanzenanzucht\/fruehbeet-folie-gelocht-10x1-5m-20um-p51387?listName=shop&quot;\" target=\"&quot;_blank&quot;\" title=\"&quot;Fr\u00fchbeetfolie&quot;\" rel=\"noopener\">Fr\u00fchbeetfolie<\/a> oder einem <a href=\"&quot;\/at\/shop\/pflanzenanzucht\/gartenvlies-fuer-fruehbeete-10x1-5m-weiss-p54940?listName=shop&quot;\" target=\"&quot;_blank&quot;\" title=\"&quot;Gartenvlies\" rel=\"noopener\">Gartenvlies<\/a>&nbsp;abgedeckt, entsteht&nbsp;im Nu ein Mini-Gew\u00e4chshaus im Beet. Das schafft ein optimales Wachstumsklima f\u00fcr die Pflanzen und sch\u00fctzt sie gleichzeitig vor Frost und Sch\u00e4dlingen.&nbsp;Mit speziellen Klips wird die Folie an den Bogenelemente&nbsp;befestigt.&nbsp;<\/p>\n<p>\n<strong>Tipp<\/strong><br \/>\nWird die Bogenkonstruktion mit einem <a href=\"&quot;\/at\/shop\/schaedlingsabwehr\/insekten-wespen\/insektenschutz-netz-fuer-gemuesebeete-5x2m-p51351?listName=shop&quot;\" target=\"&quot;_blank&quot;\" title=\"&quot;Insektenschutznetz\" rel=\"noopener\">feinmaschigen Netz<\/a> bespannt, sind die Pflanzen vor Insekten oder hungrigen V\u00f6geln gesch\u00fctzt.&nbsp;<br \/>\n&nbsp;<\/p>\n<p>&nbsp;<\/p>\n<p><strong>Lieferumfang<\/strong><\/p>\n<ul>\n<li>12 Tunnelb\u00f6gen \u00e0 60&nbsp;cm<\/li>\n<li>8 Verbindungselemente&nbsp;\u00e0 12 cm<\/li>\n<li>16 Befestigungsklammern<\/li>\n<\/ul>\n<p>&nbsp;<\/p>\n<p><strong>Hinweis<\/strong><br \/>\nDas Set wird <strong>ohne Folie <\/strong>geliefert. Das Anwendungsbild dient lediglich zur besseren Vorstellung der Funktionsweise.<\/p>\n","protected":false},"excerpt":{"rendered":"<p><UL><LI>Set f\u00fcr den Bau eines Fr\u00fchbeet-Tunnels<\/LI><LI>Einfach zusammensteckbare B\u00f6gen aus PVC + Klips<\/LI><LI>Witterungsbest\u00e4ndige und wiederverwendbare Konstruktion<\/LI><LI>Folien, Vliese oder Netze sind extra erh\u00e4ltlich<\/LI><\/UL><\/p>\n","protected":false},"featured_media":1489,"comment_status":"closed","ping_status":"open","template":"","meta":[],"product_cat":[926],"product_tag":[],"wcpa_form_fields":null,"tiered_pricing_type":"fixed","tiered_pricing_fixed_rules":[],"_links":{"self":[{"href":"https:\/\/www.gardiso.eu\/de\/wp-json\/wp\/v2\/product\/2842"}],"collection":[{"href":"https:\/\/www.gardiso.eu\/de\/wp-json\/wp\/v2\/product"}],"about":[{"href":"https:\/\/www.gardiso.eu\/de\/wp-json\/wp\/v2\/types\/product"}],"replies":[{"embeddable":true,"href":"https:\/\/www.gardiso.eu\/de\/wp-json\/wp\/v2\/comments?post=2842"}],"wp:featuredmedia":[{"embeddable":true,"href":"https:\/\/www.gardiso.eu\/de\/wp-json\/wp\/v2\/media\/1489"}],"wp:attachment":[{"href":"https:\/\/www.gardiso.eu\/de\/wp-json\/wp\/v2\/media?parent=2842"}],"wp:term":[{"taxonomy":"product_cat","embeddable":true,"href":"https:\/\/www.gardiso.eu\/de\/wp-json\/wp\/v2\/product_cat?post=2842"},{"taxonomy":"product_tag","embeddable":true,"href":"https:\/\/www.gardiso.eu\/de\/wp-json\/wp\/v2\/product_tag?post=2842"}],"curies":[{"name":"wp","href":"https:\/\/api.w.org\/{rel}","templated":true}]}}