{"id":2840,"date":"2022-08-04T17:45:38","date_gmt":"2022-08-04T15:45:38","guid":{"rendered":"https:\/\/gardiso.insektenschutz365.eu\/p\/maeuse-marderabwehr-indoor-bis-250m%c2%b2\/"},"modified":"2025-12-17T11:38:40","modified_gmt":"2025-12-17T10:38:40","slug":"maeuse-marderabwehr-indoor-bis-250m%c2%b2","status":"publish","type":"product","link":"https:\/\/www.gardiso.eu\/de\/p\/maeuse-marderabwehr-indoor-bis-250m%c2%b2\/","title":{"rendered":"M\u00e4use-\/Marderabwehr &#8211; indoor bis 250m\u00b2"},"content":{"rendered":"<p><strong>M\u00e4useabwehr mit Ultraschall f\u00fcr Innenr\u00e4ume<\/strong><\/p>\n<p>Der Einsatzbereich dieses zuverl\u00e4ssigen Ultraschall-Vertreibers sind leicht zug\u00e4ngliche R\u00e4ume und selten frequentierte Bereiche&nbsp;wie z.B. Keller, Dachboden, Ferienh\u00e4user und Lagerr\u00e4ume mit bis zu 250 m\u00b2&nbsp;Fl\u00e4che. Zur Vertreibung von Haussch\u00e4dlingen wie M\u00e4usen, Ratten, Mardern und Siebenschl\u00e4fern.<\/p>\n<p>Das Ger\u00e4t arbeitet mit <strong>zwei unterschiedlichen Frequenzen<\/strong>.&nbsp;Der f\u00fcr Menschen unh\u00f6rbare Frequenzbereich 25 &#8211; 30 kHz reicht in den meisten F\u00e4llen aus (Normalmodus).&nbsp;In extremen Situationen kann kurzfristig&nbsp;zum Vertreiber-Booster auf Stufe Zwei, der im h\u00f6rbaren Frequenzbereich 6 &#8211; 9 kHz liegt, gewechselt werden.&nbsp;Je besser der Schall sich entfalten kann, desto eher werden Sch\u00e4dlinge das Weite suchen und auch k\u00fcnftig fern bleiben. Die zuf\u00e4llige Frequenz\u00e4nderung verhindert au\u00dferdem eine Gew\u00f6hnung an den Ton.<\/p>\n<p>&nbsp;<\/p>\n<p><strong>Einsatzbereiche<\/strong><\/p>\n<ul>\n<li>Keller<\/li>\n<li>Dachboden<\/li>\n<li>Zweitwohnung<\/li>\n<li>Kleingewerbe<\/li>\n<li>etc.<\/li>\n<\/ul>\n<p>&nbsp;<\/p>\n<p><strong>Lieferumfang<\/strong><\/p>\n<ul>\n<li>1 Abwehrger\u00e4t<\/li>\n<li>1 Netzger\u00e4t Adapter 230\/9V<\/li>\n<\/ul>\n","protected":false},"excerpt":{"rendered":"<p><UL><LI>Wirkungsvolles Ger\u00e4t zur M\u00e4useabwehr durch Ultraschall<\/LI><LI>Zwei Betriebsmodi: Normal- und Intensivbetrieb<\/LI><LI>Keine Gew\u00f6hnung durch zuf\u00e4llige Frequenz\u00e4nderung<\/LI><LI>N\u00fctzliche Abwehr gegen Ratten, Marder + Siebenschl\u00e4fer<\/LI><\/UL><\/p>\n","protected":false},"featured_media":1486,"comment_status":"closed","ping_status":"closed","template":"","meta":[],"product_cat":[945,940],"product_tag":[],"wcpa_form_fields":null,"tiered_pricing_type":"fixed","tiered_pricing_fixed_rules":[],"_links":{"self":[{"href":"https:\/\/www.gardiso.eu\/de\/wp-json\/wp\/v2\/product\/2840"}],"collection":[{"href":"https:\/\/www.gardiso.eu\/de\/wp-json\/wp\/v2\/product"}],"about":[{"href":"https:\/\/www.gardiso.eu\/de\/wp-json\/wp\/v2\/types\/product"}],"replies":[{"embeddable":true,"href":"https:\/\/www.gardiso.eu\/de\/wp-json\/wp\/v2\/comments?post=2840"}],"wp:featuredmedia":[{"embeddable":true,"href":"https:\/\/www.gardiso.eu\/de\/wp-json\/wp\/v2\/media\/1486"}],"wp:attachment":[{"href":"https:\/\/www.gardiso.eu\/de\/wp-json\/wp\/v2\/media?parent=2840"}],"wp:term":[{"taxonomy":"product_cat","embeddable":true,"href":"https:\/\/www.gardiso.eu\/de\/wp-json\/wp\/v2\/product_cat?post=2840"},{"taxonomy":"product_tag","embeddable":true,"href":"https:\/\/www.gardiso.eu\/de\/wp-json\/wp\/v2\/product_tag?post=2840"}],"curies":[{"name":"wp","href":"https:\/\/api.w.org\/{rel}","templated":true}]}}