{"id":2838,"date":"2022-08-04T17:45:38","date_gmt":"2022-08-04T15:45:38","guid":{"rendered":"https:\/\/gardiso.insektenschutz365.eu\/p\/maeuse-marderabwehr-indoor-bis-80m%c2%b2\/"},"modified":"2025-12-23T16:38:31","modified_gmt":"2025-12-23T15:38:31","slug":"maeuse-marderabwehr-indoor-bis-80m%c2%b2","status":"publish","type":"product","link":"https:\/\/www.gardiso.eu\/de\/p\/maeuse-marderabwehr-indoor-bis-80m%c2%b2\/","title":{"rendered":"M\u00e4use-\/Marderabwehr &#8211; indoor bis 80m\u00b2"},"content":{"rendered":"<p><span>M\u00e4useabwehr mit K\u00f6rperschall f\u00fcr Innenr\u00e4ume<\/span><\/p>\n<p>Der Maus- und Rattenvertreiber&nbsp;ist ein seit Jahrzehnten bew\u00e4hrter Haus- und Vorratssch\u00e4dlingsvertreiber.&nbsp;Die optimalen Einsatzbereiche sind schwer und nicht zug\u00e4ngliche Stellen wie z.B. Zwischendecken, Hohlr\u00e4ume, Dachb\u00f6den und Vorratsr\u00e4ume.&nbsp;Die unregelm\u00e4\u00dfigen, f\u00fcr das menschliche Ohr kaum bemerkbaren Resonanzen nerven die Tiere so extrem, dass sie bald das Weite suchen.<\/p>\n<p>Wirksames Ger\u00e4t zur Vertreibung von Haussch\u00e4dlingen wie M\u00e4usen, Ratten, Mardern und Siebenschl\u00e4fern durch K\u00f6rperschall (Vibrationen). Komplett inkl. Netzger\u00e4t Adapter 230\/9 V. Bew\u00e4hrte Qualit\u00e4t seit \u00fcber 20 Jahren &#8211; Made in EU.<br \/>\n&nbsp;<\/p>\n<p><strong>Einsatzbereiche<\/strong><\/p>\n<ul>\n<li>Hohlr\u00e4ume &amp;&nbsp;Verstecke<\/li>\n<li>Regale<\/li>\n<li>Zwischendecken &amp;&nbsp;Isolierungen<\/li>\n<li>Dachb\u00f6den, Vorratsr\u00e4ume<\/li>\n<li>etc.<\/li>\n<\/ul>\n","protected":false},"excerpt":{"rendered":"<p><UL><LI>Wirkungsvolles M\u00e4useabwehr Ger\u00e4t durch K\u00f6rperschall<\/LI><LI>Ideal f\u00fcr unzug\u00e4ngliche Stellen &amp; Hohlr\u00e4ume<\/LI><LI>Wirkt gegen Ratten, Marder und Siebenschl\u00e4fer<\/LI><LI>Inklusive Netzger\u00e4t 230\/9 V<\/LI><\/UL><\/p>\n","protected":false},"featured_media":1483,"comment_status":"closed","ping_status":"closed","template":"","meta":[],"product_cat":[945,940],"product_tag":[],"wcpa_form_fields":null,"tiered_pricing_type":"fixed","tiered_pricing_fixed_rules":[],"_links":{"self":[{"href":"https:\/\/www.gardiso.eu\/de\/wp-json\/wp\/v2\/product\/2838"}],"collection":[{"href":"https:\/\/www.gardiso.eu\/de\/wp-json\/wp\/v2\/product"}],"about":[{"href":"https:\/\/www.gardiso.eu\/de\/wp-json\/wp\/v2\/types\/product"}],"replies":[{"embeddable":true,"href":"https:\/\/www.gardiso.eu\/de\/wp-json\/wp\/v2\/comments?post=2838"}],"wp:featuredmedia":[{"embeddable":true,"href":"https:\/\/www.gardiso.eu\/de\/wp-json\/wp\/v2\/media\/1483"}],"wp:attachment":[{"href":"https:\/\/www.gardiso.eu\/de\/wp-json\/wp\/v2\/media?parent=2838"}],"wp:term":[{"taxonomy":"product_cat","embeddable":true,"href":"https:\/\/www.gardiso.eu\/de\/wp-json\/wp\/v2\/product_cat?post=2838"},{"taxonomy":"product_tag","embeddable":true,"href":"https:\/\/www.gardiso.eu\/de\/wp-json\/wp\/v2\/product_tag?post=2838"}],"curies":[{"name":"wp","href":"https:\/\/api.w.org\/{rel}","templated":true}]}}