{"id":2801,"date":"2022-08-04T17:45:05","date_gmt":"2022-08-04T15:45:05","guid":{"rendered":"https:\/\/gardiso.insektenschutz365.eu\/p\/sonnensegel-fuer-seilspannmarkise-mit-laufhaken\/"},"modified":"2026-03-16T10:54:32","modified_gmt":"2026-03-16T09:54:32","slug":"sonnensegel-fuer-seilspannmarkise-mit-laufhaken","status":"publish","type":"product","link":"https:\/\/www.gardiso.eu\/de\/p\/sonnensegel-fuer-seilspannmarkise-mit-laufhaken\/","title":{"rendered":"Sonnensegel f\u00fcr Seilspannmarkise mit Laufhaken"},"content":{"rendered":"<h4><strong>Raffbares Sonnensegel f\u00fcr Seilspannmarkisen und Winterg\u00e4rten<\/strong><\/h4>\n<p>Sonnengesch\u00fctzte, k\u00fchle Pl\u00e4tze sind an hei\u00dfen Tagen sehr begehrt. Umso sch\u00f6ner, wenn diese im eigenen Zuhause geschaffen werden k\u00f6nnen.<\/p>\n<p>Dieses <strong>Seilspannsegel<\/strong> ist ein wahres Sonnenschutz Multitalent. Als <strong>Innenbeschattung f\u00fcr Terrassen\u00fcberdachungen und Winterg\u00e4rten<\/strong> zeigt es sich von seiner besten Seite. Der\u00a0leicht transparente <strong>Polyesterstoff<\/strong>\u00a0ist lichtdurchl\u00e4ssig, moderne Farben sorgen f\u00fcr freundlichen Lichteinfall in den Raum.<\/p>\n<p>Als <strong>Sonnenschutz<\/strong> <strong>unter Glasd\u00e4chern<\/strong> eingesetzt, reflektiert es bis zu <strong>80%<\/strong> <strong>der UV-Strahlen<\/strong> und sorgt f\u00fcr eine angenehme K\u00fchlung des Raumes; als <strong>Seitenmarkise<\/strong> verwendet sch\u00fctzt es zudem vor Wind und den Blicken anderer. Passendes Befestigungsmaterial\u00a0garantiert Ihnen eine sichere und individuelle Montage (extra erh\u00e4ltlich).<\/p>\n<p>&nbsp;<\/p>\n<p><strong>Details zum Seilspannsegel<\/strong><\/p>\n<ul>\n<li>Segelstoff: farbechtes Polyestergewebe,\u00a0175 g\/m\u00b2, mit UV-Schutz<\/li>\n<li>Segelform: rechteckig<\/li>\n<li>Ma\u00dfe: 270 x 140 cm oder\u00a0420 x 140 cm<\/li>\n<li>mehrere Farben zur Auswahl<\/li>\n<\/ul>\n<p>&nbsp;<\/p>\n<p><strong>Lieferumfang<\/strong><\/p>\n<ul>\n<li>1 Sonnensegel<\/li>\n<li>20 &#8211; 30 Laufhaken (20 St\u00fcck f\u00fcr das 270&#215;140 cm Segel \/ 30 St\u00fcck f\u00fcr das 420&#215;140 cm Segel)<\/li>\n<\/ul>\n<p>&nbsp;<\/p>\n<p><strong>Wartung und Reinigung<\/strong><\/p>\n<p>Zur Auffrischung der Farben kann das Sonnensegel <strong>bei 40\u00b0 in der Waschmaschine gewaschen<\/strong> und auf kleiner Stufe geb\u00fcgelt werden. M\u00f6chte man das Sonnensegel \u00fcber den Winter einlagern, sollte man es gut trocknen lassen, um evtl. Schimmelbildung zu vermeiden.<\/p>\n<p>&nbsp;<\/p>\n<p><strong>Vielf\u00e4ltige Einsatzbereiche f\u00fcr gro\u00dfe\u00a0Flexibilit\u00e4t<\/strong><\/p>\n<ul>\n<li>Sonnenschutz Terrassen\u00fcberdachung innen\/au\u00dfen<\/li>\n<li>Sonnenschutz unter <strong>Glasdach<\/strong><\/li>\n<li><strong>Wintergarten <\/strong>Beschattung innen<\/li>\n<li><strong>Pergola<\/strong> Beschattung<\/li>\n<li>Seitenmarkise f\u00fcr <strong>Balkone<\/strong><\/li>\n<li>Au\u00dfenbeschattung f\u00fcr <strong>Hausgiebel<\/strong><\/li>\n<\/ul>\n","protected":false},"excerpt":{"rendered":"<ul>\n<li>Raffbares Sonnensegel in 2 Gr\u00f6\u00dfen und 6 Farben<\/li>\n<li>Flexible Beschattung f\u00fcr Terrassen\u00fcberdachungen und Winterg\u00e4rten<\/li>\n<li>Wasserabweisendes, lichtdurchl\u00e4ssiges Polyestergewebe mit UV-Schutz<\/li>\n<li>UV-stabil, wetterfest und waschbar<\/li>\n<li>Montagematerial ist separat erh\u00e4ltlich<\/li>\n<\/ul>\n","protected":false},"featured_media":10480,"comment_status":"closed","ping_status":"closed","template":"","meta":[],"product_cat":[952,951],"product_tag":[],"wcpa_form_fields":null,"tiered_pricing_type":"fixed","tiered_pricing_fixed_rules":[],"_links":{"self":[{"href":"https:\/\/www.gardiso.eu\/de\/wp-json\/wp\/v2\/product\/2801"}],"collection":[{"href":"https:\/\/www.gardiso.eu\/de\/wp-json\/wp\/v2\/product"}],"about":[{"href":"https:\/\/www.gardiso.eu\/de\/wp-json\/wp\/v2\/types\/product"}],"replies":[{"embeddable":true,"href":"https:\/\/www.gardiso.eu\/de\/wp-json\/wp\/v2\/comments?post=2801"}],"wp:featuredmedia":[{"embeddable":true,"href":"https:\/\/www.gardiso.eu\/de\/wp-json\/wp\/v2\/media\/10480"}],"wp:attachment":[{"href":"https:\/\/www.gardiso.eu\/de\/wp-json\/wp\/v2\/media?parent=2801"}],"wp:term":[{"taxonomy":"product_cat","embeddable":true,"href":"https:\/\/www.gardiso.eu\/de\/wp-json\/wp\/v2\/product_cat?post=2801"},{"taxonomy":"product_tag","embeddable":true,"href":"https:\/\/www.gardiso.eu\/de\/wp-json\/wp\/v2\/product_tag?post=2801"}],"curies":[{"name":"wp","href":"https:\/\/api.w.org\/{rel}","templated":true}]}}