{"id":2795,"date":"2022-08-04T17:45:05","date_gmt":"2022-08-04T15:45:05","guid":{"rendered":"https:\/\/gardiso.insektenschutz365.eu\/p\/insektenhotel-pyramide-fuer-marienkaefer-wildbiene-co\/"},"modified":"2025-12-18T16:38:32","modified_gmt":"2025-12-18T15:38:32","slug":"insektenhotel-pyramide-fuer-marienkaefer-wildbiene-co","status":"publish","type":"product","link":"https:\/\/www.gardiso.eu\/de\/p\/insektenhotel-pyramide-fuer-marienkaefer-wildbiene-co\/","title":{"rendered":"Insektenhotel Pyramide f\u00fcr Marienk\u00e4fer, Wildbiene &amp; Co"},"content":{"rendered":"<h4>Insektenhotel in Pyramidenform \u2013 Nistplatz und Schutzort f\u00fcr N\u00fctzlinge<\/h4>\n<p>Das ansprechende Insektenhaus in Pyramidenform leistet einen wertvollen Beitrag zum <strong>Schutz von N\u00fctzlingen wie Marienk\u00e4fer, Florfliegen und Wildbienen<\/strong>. Sie&nbsp;best\u00e4uben die in der N\u00e4he wachsenden Blumen, Obst und Gem\u00fcsepflanzen und <strong>verzehren gleichzeitig Schadinsekten wie Blattl\u00e4use oder Spinnmilben.&nbsp;<\/strong>Das Insektenhotel&nbsp;ist aus massivem Holz&nbsp;gefertigt, die geflammte Oberfl\u00e4che sorgt f\u00fcr eine h\u00f6here Widerstandskraft gegen\u00fcber Wind &amp; Wetter. Der feuerrote Bereich zieht die filegran aussehende &amp; sehr n\u00fctzliche&nbsp;Florfliege an, die mit Vorliebe Blattl\u00e4use vertilgt.&nbsp;<\/p>\n<p>&nbsp;<\/p>\n<p><strong>Eckdaten<\/strong><\/p>\n<ul>\n<li>Gr\u00f6\u00dfe: 37x48x10 cm (BxHxT)<\/li>\n<li>Material: unbehandeltes Massivholz, geflammte Oberfl\u00e4che<\/li>\n<li>F\u00fcllung: Rinde und Schilfrohr<\/li>\n<\/ul>\n<p>&nbsp;<\/p>\n<p><strong>Es freuen sich \u00fcber einen Platz im Hotel<\/strong><\/p>\n<ul>\n<li>Wildbienen<\/li>\n<li>Marienk\u00e4fer<\/li>\n<li>Florfliegen<\/li>\n<li>Ohrw\u00fcrmer<\/li>\n<\/ul>\n<p>Wespen siedeln sich in Insektenhotels nicht an.<\/p>\n<p>&nbsp;<\/p>\n<p><strong>Zur Platzwahl<\/strong><\/p>\n<ul>\n<li>Trockener, sonniger, vor Wind und Regen gesch\u00fctzter Ort (z.B. an der Hauswand)<\/li>\n<li>Anbringung zwischen 0,5 und 2 Meter \u00fcber dem Boden; ideal in der N\u00e4he von Bl\u00fctenpflanzen<\/li>\n<li>Ganzj\u00e4hrig an seinem Platz h\u00e4ngen lassen &#8211; es dient N\u00fctzlingen als Winterquartier<\/li>\n<\/ul>\n<p>&nbsp;<\/p>\n<p><strong>Zur Reinigung<\/strong><br \/>\nEine S\u00e4uberung des Hotels ist nicht n\u00f6tig. Darum k\u00fcmmern sich die Insekten im Fr\u00fchjahr selbst. Mehr dazu finden&nbsp;Sie in unseren <a href=\"\/\/www.gardiso.eu\/at\/service-infos\/faq&quot;\" target=\"&quot;_blank&quot;\" title=\"&quot;Fragen\" rel=\"noopener\">N\u00fctzlinge-FAQ<\/a>.<\/p>\n<p>&nbsp;<\/p>\n<h4>Entdecken Sie mehr!<\/h4>\n<p>Unser N\u00fctzlingssortiment bieten eine tolle Auswahl an&nbsp;verschiedenen&nbsp;<a href=\"\/\/www.gardiso.eu\/de\/shop\/Nuetzlinge\/Insekten-Bienen-c62100&quot;\" target=\"&quot;_blank&quot;\" title=\"&quot;Insektenhotels\" rel=\"noopener\">Insektenhotels und speziellen Nisthilfen<\/a> f\u00fcr Marienk\u00e4fer, Florfliegen&nbsp;und Wildbienen.&nbsp;<\/p>\n<p>Mit unseren <strong>Selbstbauk\u00e4sten f\u00fcr KINDER<\/strong> entsteht&nbsp;im Nu und ohne&nbsp;bohren&nbsp;ein&nbsp;<a href=\"\/\/www.gardiso.eu\/at\/shop\/nuetzlinge\/voegel\/vogel-nistkasten-bausatz-inkl.-farben-pinsel-fuer-kinder-p54894?listName=shop&quot;\" target=\"&quot;_blank&quot;\" title=\"&quot;Vogel-Nistkasten\" rel=\"noopener\">niedlicher&nbsp;Vogel-Nistkasten<\/a>, ein&nbsp;<a href=\"\/\/www.gardiso.eu\/at\/shop\/nuetzlinge\/voegel\/vogelfutterhaus-bausatz-inkl.-farben-pinsel-fuer-kinder-p54895?listName=shop&quot;\" target=\"&quot;_blank&quot;\" title=\"&quot;Vogelfutterhaus\" rel=\"noopener\">kleines&nbsp;Vogelfutterh\u00e4uschen<\/a>&nbsp;oder ein&nbsp;<a href=\"\/\/www.gardiso.eu\/at\/shop\/nuetzlinge\/insekten-bienen\/insektenhotel-pyramide--selbstbaukasten-fuer-kinder-p55014?listName=shop&quot;\" target=\"&quot;_blank&quot;\" title=\"&quot;Insektenhotel\" rel=\"noopener\">h\u00fcbsches&nbsp;Insektenhotel<\/a>&nbsp;f\u00fcr Wildbiene&nbsp;&amp; Co.<\/p>\n","protected":false},"excerpt":{"rendered":"<p><UL><LI>Brutplatz und Winterquartier f\u00fcr n\u00fctzliche Insekten<\/LI><LI>Bewohner: Wildbienen, Marienk\u00e4fer &amp; Florfliegen<\/LI><LI>Holzkorpus gef\u00fcllt mit Rinde und Schilfrohr<\/LI><LI>Aufh\u00e4ngevorrichtung auf der R\u00fcckseite<\/LI><\/UL><\/p>\n","protected":false},"featured_media":1444,"comment_status":"closed","ping_status":"closed","template":"","meta":[],"product_cat":[957,955],"product_tag":[],"wcpa_form_fields":null,"tiered_pricing_type":"fixed","tiered_pricing_fixed_rules":[],"_links":{"self":[{"href":"https:\/\/www.gardiso.eu\/de\/wp-json\/wp\/v2\/product\/2795"}],"collection":[{"href":"https:\/\/www.gardiso.eu\/de\/wp-json\/wp\/v2\/product"}],"about":[{"href":"https:\/\/www.gardiso.eu\/de\/wp-json\/wp\/v2\/types\/product"}],"replies":[{"embeddable":true,"href":"https:\/\/www.gardiso.eu\/de\/wp-json\/wp\/v2\/comments?post=2795"}],"wp:featuredmedia":[{"embeddable":true,"href":"https:\/\/www.gardiso.eu\/de\/wp-json\/wp\/v2\/media\/1444"}],"wp:attachment":[{"href":"https:\/\/www.gardiso.eu\/de\/wp-json\/wp\/v2\/media?parent=2795"}],"wp:term":[{"taxonomy":"product_cat","embeddable":true,"href":"https:\/\/www.gardiso.eu\/de\/wp-json\/wp\/v2\/product_cat?post=2795"},{"taxonomy":"product_tag","embeddable":true,"href":"https:\/\/www.gardiso.eu\/de\/wp-json\/wp\/v2\/product_tag?post=2795"}],"curies":[{"name":"wp","href":"https:\/\/api.w.org\/{rel}","templated":true}]}}