{"id":2786,"date":"2022-08-04T17:45:05","date_gmt":"2022-08-04T15:45:05","guid":{"rendered":"https:\/\/gardiso.insektenschutz365.eu\/p\/folienbeet-set-folie-tunnelboegen-klammern-heringe\/"},"modified":"2025-10-27T15:11:15","modified_gmt":"2025-10-27T14:11:15","slug":"folienbeet-set-folie-tunnelboegen-klammern-heringe","status":"publish","type":"product","link":"https:\/\/www.gardiso.eu\/de\/p\/folienbeet-set-folie-tunnelboegen-klammern-heringe\/","title":{"rendered":"Folienbeet-Set: Folie, Tunnelb\u00f6gen, Klammern &amp; Heringe"},"content":{"rendered":"<h4><strong>Komplett-Set f\u00fcr den Bau eines Folienbeets<\/strong><\/h4>\n<p>Ein Fr\u00fchbeet-Tunnel&nbsp;ist \u00e4u\u00dferst platzsparend und flexibel in der Anwendung. Mit diesem Set k\u00f6nnen Sie schnell und flexibel ein Mini-Gew\u00e4chshaus im Garten zaubern. Unter der perforierten Folie wachsen die Setzlinge &amp; Jungpflanzen schneller und sind gleichzeitig vor Frost, Sch\u00e4dlingen &amp; Co gesch\u00fctzt.&nbsp;<\/p>\n<p>&nbsp;<\/p>\n<p><strong>Eckdaten<\/strong><\/p>\n<ul>\n<li>Gr\u00f6\u00dfe des Beets: ca. 7 m\u00b2<\/li>\n<li>Folienfarbe: gr\u00fcn<\/li>\n<li>Folienst\u00e4rke: 37 \u00b5m \/ 30 g\/m\u00b2<\/li>\n<\/ul>\n<p>\n<strong>Set-Inhalt \/ Lieferumfang&nbsp;<\/strong><\/p>\n<ul>\n<li>1 Fr\u00fchbeetfolie 10 x 1,5 m, gr\u00fcn-transparent<\/li>\n<li>8 Tunnelb\u00f6gen aus verzinktem Metall<\/li>\n<li>40&nbsp;Befestigungsklammern<\/li>\n<li>2 Heringe zur sicheren Fixierung im Boden<\/li>\n<\/ul>\n<p><strong>Tipp&nbsp;<\/strong><br \/>\nSpannen Sie \u00fcber den Tunnelbogen ein <a href=\"&quot;\/at\/shop\/garten\/saecke-netze\/insekten-schutznetz-fuer-gemuesebeete-5x2m-p51351?listName=shop&quot;\" target=\"&quot;_blank&quot;\" title=\"&quot;Insektenschutz-Netz\" rel=\"noopener\">feinmaschiges Netz<\/a> und&nbsp;<strong>sch\u00fctzen<\/strong>&nbsp;Sie damit Ihr Gem\u00fcse effektiv&nbsp;<strong>vor dem aktiven Kohlwei\u00dfling<\/strong>!<\/p>\n","protected":false},"excerpt":{"rendered":"<p><UL><LI>Komplett-Set f\u00fcr den Bau eines Fr\u00fchbeet-Tunnels<\/LI><LI>Folienbeet sorgt f\u00fcr bessere Wachstumsbedingungen<\/LI><LI>Schutz der Jungpflanzen vor Frost &amp; Sch\u00e4dlingen<\/LI><LI>Einfach aufgebaut<\/LI><\/UL><\/p>\n","protected":false},"featured_media":1428,"comment_status":"closed","ping_status":"closed","template":"","meta":[],"product_cat":[932,926,928],"product_tag":[],"wcpa_form_fields":null,"tiered_pricing_type":"fixed","tiered_pricing_fixed_rules":[],"_links":{"self":[{"href":"https:\/\/www.gardiso.eu\/de\/wp-json\/wp\/v2\/product\/2786"}],"collection":[{"href":"https:\/\/www.gardiso.eu\/de\/wp-json\/wp\/v2\/product"}],"about":[{"href":"https:\/\/www.gardiso.eu\/de\/wp-json\/wp\/v2\/types\/product"}],"replies":[{"embeddable":true,"href":"https:\/\/www.gardiso.eu\/de\/wp-json\/wp\/v2\/comments?post=2786"}],"wp:featuredmedia":[{"embeddable":true,"href":"https:\/\/www.gardiso.eu\/de\/wp-json\/wp\/v2\/media\/1428"}],"wp:attachment":[{"href":"https:\/\/www.gardiso.eu\/de\/wp-json\/wp\/v2\/media?parent=2786"}],"wp:term":[{"taxonomy":"product_cat","embeddable":true,"href":"https:\/\/www.gardiso.eu\/de\/wp-json\/wp\/v2\/product_cat?post=2786"},{"taxonomy":"product_tag","embeddable":true,"href":"https:\/\/www.gardiso.eu\/de\/wp-json\/wp\/v2\/product_tag?post=2786"}],"curies":[{"name":"wp","href":"https:\/\/api.w.org\/{rel}","templated":true}]}}