{"id":2780,"date":"2022-08-04T17:44:54","date_gmt":"2022-08-04T15:44:54","guid":{"rendered":"https:\/\/gardiso.insektenschutz365.eu\/p\/kaelteschutz-vlies-aus-schafwolle\/"},"modified":"2025-12-23T06:38:40","modified_gmt":"2025-12-23T05:38:40","slug":"kaelteschutz-vlies-aus-schafwolle","status":"publish","type":"product","link":"https:\/\/www.gardiso.eu\/de\/p\/kaelteschutz-vlies-aus-schafwolle\/","title":{"rendered":"K\u00e4lteschutz Vlies aus Schafwolle"},"content":{"rendered":"<h4>Atmungsaktive und w\u00e4rmeisolierende Vliesdecke aus Schafwolle<\/h4>\n<p><strong>Nat\u00fcrlicher Winterschutz f\u00fcr Ihre Pflanzen<\/strong><\/p>\n<p>\nDas hochwertige Wintervlies aus reiner Schafwolle sch\u00fctzt Str\u00e4ucher, Topfpflanzen oder B\u00e4ume zuverl\u00e4ssig vor K\u00e4lte, Frost und Wind. Der nachwachsende Naturrohstoff Schafwolle besitzt ideale w\u00e4rmeisolierende Eigenschaften und ist extrem atmungsaktiv. Die D\u00e4mmeigenschaft bleibt erhalten, auch wenn das Vlies nass wird, da Luftpolster zwischen den Fasern bestehen bleiben. Extra leicht und angenehm weich in der Verarbeitung, daher sehr schonend zu den Pflanzen.<\/p>\n<p>&nbsp;<\/p>\n<p><strong>Eckdaten<\/strong><\/p>\n<ul>\n<li>Gr\u00f6\u00dfe: 2 x 1 m<\/li>\n<li>St\u00e4rke: 100 g\/m\u00b2<\/li>\n<li>Farbe: wei\u00df<\/li>\n<li>Material: 100% Schafwolle aus \u00d6sterreich<\/li>\n<\/ul>\n<p>\n&nbsp;<\/p>\n<p><strong>Lieferumfang<\/strong><\/p>\n<ul>\n<li>1 K\u00e4lteschutzvlies aus Schafwolle<\/li>\n<\/ul>\n","protected":false},"excerpt":{"rendered":"<p><UL><LI>Atmungsaktive Vliesdecke aus 100% Schafwolle<\/LI><LI>Effektiver, nat\u00fcrlicher Schutz vor K\u00e4lte und Frost<\/LI><LI>Optimale W\u00e4rmeisolierung im\u00a0Beet<\/LI><LI>Schonend zu den Pflanzen<\/LI><LI>Schafwolle aus \u00d6sterreich<\/LI><\/UL><\/p>\n","protected":false},"featured_media":1416,"comment_status":"closed","ping_status":"closed","template":"","meta":[],"product_cat":[935,934],"product_tag":[],"wcpa_form_fields":null,"tiered_pricing_type":"fixed","tiered_pricing_fixed_rules":[],"_links":{"self":[{"href":"https:\/\/www.gardiso.eu\/de\/wp-json\/wp\/v2\/product\/2780"}],"collection":[{"href":"https:\/\/www.gardiso.eu\/de\/wp-json\/wp\/v2\/product"}],"about":[{"href":"https:\/\/www.gardiso.eu\/de\/wp-json\/wp\/v2\/types\/product"}],"replies":[{"embeddable":true,"href":"https:\/\/www.gardiso.eu\/de\/wp-json\/wp\/v2\/comments?post=2780"}],"wp:featuredmedia":[{"embeddable":true,"href":"https:\/\/www.gardiso.eu\/de\/wp-json\/wp\/v2\/media\/1416"}],"wp:attachment":[{"href":"https:\/\/www.gardiso.eu\/de\/wp-json\/wp\/v2\/media?parent=2780"}],"wp:term":[{"taxonomy":"product_cat","embeddable":true,"href":"https:\/\/www.gardiso.eu\/de\/wp-json\/wp\/v2\/product_cat?post=2780"},{"taxonomy":"product_tag","embeddable":true,"href":"https:\/\/www.gardiso.eu\/de\/wp-json\/wp\/v2\/product_tag?post=2780"}],"curies":[{"name":"wp","href":"https:\/\/api.w.org\/{rel}","templated":true}]}}