{"id":2778,"date":"2022-08-04T17:44:54","date_gmt":"2022-08-04T15:44:54","guid":{"rendered":"https:\/\/gardiso.insektenschutz365.eu\/p\/vogel-nistkasten-3in1-fuer-heimische-voegel\/"},"modified":"2025-12-30T15:11:45","modified_gmt":"2025-12-30T14:11:45","slug":"vogel-nistkasten-3in1-fuer-heimische-voegel","status":"publish","type":"product","link":"https:\/\/www.gardiso.eu\/de\/p\/vogel-nistkasten-3in1-fuer-heimische-voegel\/","title":{"rendered":"Vogel-Nistkasten 3in1 f\u00fcr heimische V\u00f6gel"},"content":{"rendered":"<h4><strong>Flexibler Nistplatz f\u00fcr eine Vielzahl heimischer Vogelarten\u00a0<\/strong><\/h4>\n<p>V\u00f6gel finden immer weniger nat\u00fcrliche Nistpl\u00e4tze. Mit Nistk\u00e4sten im Garten kann man den heimischen V\u00f6geln \u201eunter die Fl\u00fcgel greifen\u201c und gleichzeitig faszinierende Beobachtungen machen. Dort k\u00f6nnen die Tiere ihren gefiederten Nachwuchs gesch\u00fctzt aufziehen.\u00a0Dieser Nistkasten ist so flexibel, dass Sie\u00a0entscheiden k\u00f6nnen, welchen Vogelarten Sie eine sichere Brutm\u00f6glichkeit bieten m\u00f6chten. Dar\u00fcber bestimmt die Gr\u00f6\u00dfe des Einfluglochs.<\/p>\n<p>&nbsp;<\/p>\n<p><strong>Eckdaten<\/strong><\/p>\n<ul>\n<li>Ma\u00dfe: 17x24x17 cm (BxHxT)<\/li>\n<li>Einflugloch: \u00d8 28 mm oder\u00a0\u00d8 33 mm<\/li>\n<li>Material: gehobeltes\u00a0Massivholz mit geflammter Oberfl\u00e4che<\/li>\n<\/ul>\n<p>&nbsp;<\/p>\n<p><strong>Diese V\u00f6gel k\u00f6nnten in den Nistkasten einziehen&#8230;<\/strong><\/p>\n<ul>\n<li>Blau-, Hauben- und Tannenmeise (Einflugloch \u00d8 28 mm)<\/li>\n<li>Kleiber, Kohlmeise, Gartenrotschwanz (Einflugloch \u00d8 33 mm)<\/li>\n<li>Zaunk\u00f6nig, Bachstelze, Rotkehlchen (ohne Frontplatte)<\/li>\n<\/ul>\n<p>&nbsp;<\/p>\n<p><strong>Anbringung im Herbst<\/strong><br \/>\nHerbst ist der optimale Zeitpunkt zum Anbringen\u00a0der Nisthilfe. Manche Vogelarten nutzen den Nistkasten \u00fcber den Winter als Schlafplatz und sichern sich damit bereits einen guten Platz f\u00fcr die Brutsaison.<\/p>\n<p><strong>Reinigung\u00a0<\/strong><br \/>\nDie Frontplatte des Nistkastens wird aufgeklappt. Dann kann er ausgekehrt oder mit hei\u00dfem Wasser gereinigt werden. Anschlie\u00dfend gut trocknen lassen.\u00a0N\u00e4heres\u00a0erfahren Sie in unseren <a title=\"&quot;Fragen\" href=\"\/\/www.gardiso.eu\/at\/service-infos\/faq&quot;\" target=\"&quot;_blank&quot;\" rel=\"noopener\">N\u00fctzlinge-FAQ<\/a>.<\/p>\n<p>&nbsp;<\/p>\n<h4>Was halten Sie &#8230;<\/h4>\n<p>von\u00a0einem\u00a0<a title=\"&quot;Vogel\" href=\"&quot;\/at\/shop\/nuetzlinge\/nistkasten-fuer-voegel--bausatz-inkl.-farben-pinsel-p54894?listName=shop&quot;\" target=\"&quot;_blank&quot;\" rel=\"noopener\">Vogel Nistkasten\u00a0zum selber basteln<\/a>? \u00a0<strong>Kinder<\/strong> lieben bunte Vogelh\u00e4user und Nistk\u00e4sten!<\/p>\n<p>Ganz besonders im Winter, der futterarmen Zeit des Jahres,\u00a0freuen sich unsere heimischen\u00a0V\u00f6gel \u00fcber leckere K\u00f6rner und ein Pl\u00e4tzchen\u00a0in\u00a0<a title=\"&quot;Vogelfuttersilos\" href=\"&quot;\/at\/shop\/nuetzlinge\/voegel-c62101&quot;\" target=\"&quot;_blank&quot;\" rel=\"noopener\">Vogelfuttersilos &amp; Vogelh\u00e4usern.<\/a><\/p>\n","protected":false},"excerpt":{"rendered":"<ul>\n<li>Flexibler Nistkasten 3in1 mit auswechselbaren Frontplatten<\/li>\n<li>Korpus aus gehobeltem Massivholz, geflammte Oberfl\u00e4che<\/li>\n<li>Spitzdach ist mit Dachpappe gedeckt<\/li>\n<li>Inkl. Aufh\u00e4ngevorrichtung auf der R\u00fcckseite<\/li>\n<\/ul>\n","protected":false},"featured_media":657,"comment_status":"closed","ping_status":"closed","template":"","meta":[],"product_cat":[955,959],"product_tag":[],"wcpa_form_fields":null,"tiered_pricing_type":"fixed","tiered_pricing_fixed_rules":[],"_links":{"self":[{"href":"https:\/\/www.gardiso.eu\/de\/wp-json\/wp\/v2\/product\/2778"}],"collection":[{"href":"https:\/\/www.gardiso.eu\/de\/wp-json\/wp\/v2\/product"}],"about":[{"href":"https:\/\/www.gardiso.eu\/de\/wp-json\/wp\/v2\/types\/product"}],"replies":[{"embeddable":true,"href":"https:\/\/www.gardiso.eu\/de\/wp-json\/wp\/v2\/comments?post=2778"}],"wp:featuredmedia":[{"embeddable":true,"href":"https:\/\/www.gardiso.eu\/de\/wp-json\/wp\/v2\/media\/657"}],"wp:attachment":[{"href":"https:\/\/www.gardiso.eu\/de\/wp-json\/wp\/v2\/media?parent=2778"}],"wp:term":[{"taxonomy":"product_cat","embeddable":true,"href":"https:\/\/www.gardiso.eu\/de\/wp-json\/wp\/v2\/product_cat?post=2778"},{"taxonomy":"product_tag","embeddable":true,"href":"https:\/\/www.gardiso.eu\/de\/wp-json\/wp\/v2\/product_tag?post=2778"}],"curies":[{"name":"wp","href":"https:\/\/api.w.org\/{rel}","templated":true}]}}