{"id":2774,"date":"2022-08-04T17:44:54","date_gmt":"2022-08-04T15:44:54","guid":{"rendered":"https:\/\/gardiso.insektenschutz365.eu\/p\/tomaten-rankturm-dreieckig\/"},"modified":"2026-03-21T08:46:33","modified_gmt":"2026-03-21T07:46:33","slug":"tomaten-rankturm-dreieckig","status":"publish","type":"product","link":"https:\/\/www.gardiso.eu\/de\/p\/tomaten-rankturm-dreieckig\/","title":{"rendered":"Tomaten-Rankturm dreieckig"},"content":{"rendered":"<p><h4>Praktische Rankhilfe f\u00fcr&nbsp;hochwachsende Pflanzen<\/h4>\n<p>Der Rankturm&nbsp;besteht aus&nbsp;drei rostfreien, kunststoffummantelten Stahlrohren sowie Zwischenstreben, die individuell an die Pflanze anpassbar sind.&nbsp;Er ist f\u00fcr alle hochwachsenden Pflanzen wie Tomaten, Gurken, Bohnen, Paprika, etc. gut geeignet. Das Gestell wird einfach in den Pflanztrog&nbsp;gesteckt und die Pflanze mit Schn\u00fcren oder Pflanzenbindern festgemacht.&nbsp;<\/p>\n<p>&nbsp;<\/p>\n<p><strong>\u200bZum Tomaten Rankturm:&nbsp;<\/strong><\/p>\n<ul>\n<li>Farbe: dunkelgr\u00fcn<\/li>\n<li>Gr\u00f6\u00dfe: 30 x 150 cm<\/li>\n<li>Form: dreieckig<\/li>\n<li>Material: Stahl, mit Kunststoff \u00fcberzogen<\/li>\n<\/ul>\n<p>&nbsp;<\/p>\n<p><strong>Tipp<\/strong><\/p>\n<p>Die w\u00e4rmeliebenden Tomaten&nbsp;f\u00fchlen sich in einem&nbsp;<a href=\"\/\/www.gardiso.eu\/at\/shop\/Pflanzenanzucht\/Anzucht-Outdoor\/tomatenhaus-mit-aufrollbarer-tuer-2x2x0-6-m-p59097?listName=_action&quot;\"><strong>Gew\u00e4chshaus<\/strong><\/a>&nbsp;sehr wohl, da sie gesch\u00fctzt vor N\u00e4sse, K\u00e4lte, Braunf\u00e4ule&nbsp;und Sch\u00e4dlingen wunderbar wachsen und reifen k\u00f6nnen.&nbsp;Die empfindlichen Fr\u00fcchte&nbsp;k\u00f6nnen auch mit&nbsp;<a href=\"\/\/www.gardiso.eu\/at\/shop\/pflanzenanzucht\/tomaten-folienschlauch-fuer-5-7-tomatenstoecke-weiss-p51390?listName=shop&quot;\" target=\"&quot;_blank&quot;\" title=\"&quot;K\u00e4lteschutzfolie\" rel=\"noopener\">Tomatenhauben<\/a>&nbsp;aus Vlies gesch\u00fctzt werden.<\/p><\/p>\n","protected":false},"excerpt":{"rendered":"<p><UL><LI>Rankhilfe f\u00fcr Tomaten, Gurken &amp; hochwachsende Pflanzen<\/LI><LI>Turm aus kunststoffummantelten Stahlrohren<\/LI><LI>Zwischenstreben sind an die Pflanze anpassbar<\/LI><\/UL><\/p>\n","protected":false},"featured_media":1406,"comment_status":"closed","ping_status":"closed","template":"","meta":[],"product_cat":[928,933],"product_tag":[],"wcpa_form_fields":null,"tiered_pricing_type":"fixed","tiered_pricing_fixed_rules":[],"_links":{"self":[{"href":"https:\/\/www.gardiso.eu\/de\/wp-json\/wp\/v2\/product\/2774"}],"collection":[{"href":"https:\/\/www.gardiso.eu\/de\/wp-json\/wp\/v2\/product"}],"about":[{"href":"https:\/\/www.gardiso.eu\/de\/wp-json\/wp\/v2\/types\/product"}],"replies":[{"embeddable":true,"href":"https:\/\/www.gardiso.eu\/de\/wp-json\/wp\/v2\/comments?post=2774"}],"wp:featuredmedia":[{"embeddable":true,"href":"https:\/\/www.gardiso.eu\/de\/wp-json\/wp\/v2\/media\/1406"}],"wp:attachment":[{"href":"https:\/\/www.gardiso.eu\/de\/wp-json\/wp\/v2\/media?parent=2774"}],"wp:term":[{"taxonomy":"product_cat","embeddable":true,"href":"https:\/\/www.gardiso.eu\/de\/wp-json\/wp\/v2\/product_cat?post=2774"},{"taxonomy":"product_tag","embeddable":true,"href":"https:\/\/www.gardiso.eu\/de\/wp-json\/wp\/v2\/product_tag?post=2774"}],"curies":[{"name":"wp","href":"https:\/\/api.w.org\/{rel}","templated":true}]}}