{"id":2760,"date":"2022-08-04T17:44:43","date_gmt":"2022-08-04T15:44:43","guid":{"rendered":"https:\/\/gardiso.insektenschutz365.eu\/p\/insektenhotel-fuer-wildbienen-zum-haengen\/"},"modified":"2026-04-24T20:37:22","modified_gmt":"2026-04-24T18:37:22","slug":"insektenhotel-fuer-wildbienen-zum-haengen","status":"publish","type":"product","link":"https:\/\/www.gardiso.eu\/de\/p\/insektenhotel-fuer-wildbienen-zum-haengen\/","title":{"rendered":"Insektenhotel f\u00fcr Wildbienen zum H\u00e4ngen"},"content":{"rendered":"<h4><strong>Nistkasten f\u00fcr Wildbienen<\/strong><\/h4>\n<p>Dieses <strong>Bienenhotel<\/strong> bietet verschiedenen Wildbienenarten eine Nistm\u00f6glichkeit; z. B. der Roten Mauerbiene oder einzeln lebenden Wespenarten. Die in ihrer Art bereits bedrohten Wildbienen finden in diesem Block Schutz und ausreichend Platz zum Nisten. Durch die unterschiedlich gro\u00dfen Durchmesser der L\u00f6cher k\u00f6nnen sich <strong>mehrere Wildbienenarten<\/strong>&nbsp;ansiedeln. Die verschieden gro\u00dfen Bohrungen im Massivholzblock imitieren K\u00e4ferfra\u00dfg\u00e4nge in Totholzst\u00e4mmen, die von vielen Bienen- und Wespenarten als Bruth\u00f6hlen verwendet werden.<br \/>\n&nbsp;<\/p>\n<p><strong>Eckdaten<\/strong><\/p>\n<ul>\n<li>Gr\u00f6\u00dfe: 12 x 30 x 8 cm (BxHxT)<\/li>\n<li>Material: Massives Pappelholz, geflammte Oberfl\u00e4che<\/li>\n<\/ul>\n<p>&nbsp;<\/p>\n<p><strong>Geeigneter Platz zum Aufh\u00e4ngen<\/strong><\/p>\n<ul>\n<li>Trockener, windgesch\u00fctzter&nbsp;Ort, wenn m\u00f6glich nach S\u00fcdosten ausgerichtet<\/li>\n<li>Das Nistholz bleibt das ganze Jahr \u00fcber an seinem Platz \u2013 auch im Winter<\/li>\n<li>Das Bienenhaus darf nicht nass werden, da ansonsten die Brut verschimmeln kann<\/li>\n<li>Verschlossene L\u00f6cher\/Bohrungen keinesfalls&nbsp;\u00f6ffnen<\/li>\n<\/ul>\n<p>&nbsp;<\/p>\n<p><strong>Reinigung<\/strong><br \/>\nDie Bienen sorgen im n\u00e4chsten Fr\u00fchjahr selbst f\u00fcr das S\u00e4ubern ihrer H\u00f6hlen. Eine Reinigung ist daher nicht n\u00f6tig.<\/p>\n<p>&nbsp;<\/p>\n<p><strong>Wussten Sie&#8230;<\/strong><br \/>\n&#8230; dass es in Europa \u00fcber 1.000 verschiedene&nbsp;Wildbienen-Arten gibt (Honigbienen&nbsp;z\u00e4hlen nicht dazu)<br \/>\n&#8230; dass Wildbienen den Hauptteil der Best\u00e4ubung von Bl\u00fctenpflanzen erledigen und damit auch die Ertr\u00e4ge von z. B. Obstb\u00e4umen und Beerenstr\u00e4uchern sichern?&nbsp;<\/p>\n<p>&nbsp;<\/p>\n<h4>Marienk\u00e4fer, Florfliegen&nbsp;&amp; andere N\u00fctzlinge&#8230;<\/h4>\n<p>finden in eigens f\u00fcr diese N\u00fctzlinge gebauten <a href=\"&quot;\/at\/shop\/nuetzlinge\/insekten-bienen-c62100&quot;\" target=\"&quot;_blank&quot;\" title=\"&quot;Insektenhotels\" rel=\"noopener\">Insektenhotels<\/a> einen sicheren Brutplatz.&nbsp;<strong>Zum Beobachten<\/strong> der filegranen Florfliege oder des s\u00fc\u00dfen Marienk\u00e4fers ist eine Becherlupe ganz wunderbar geeignet &#8211; speziell f\u00fcr <strong>Kinder ab 3 Jahren.&nbsp;<\/strong><\/p>\n","protected":false},"excerpt":{"rendered":"<p><UL><LI>Bienenhotel als spezielle Nisthilfe f\u00fcr Wildbienen<\/LI><LI>Geflammter Nistkasten aus starkem Pappelholz<\/LI><LI>Geeignet f\u00fcr mehrere Wildbienenarten<\/LI><LI>Aufh\u00e4ngeschnur inkludiert<\/LI><\/UL><\/p>\n","protected":false},"featured_media":1376,"comment_status":"closed","ping_status":"closed","template":"","meta":[],"product_cat":[957,955],"product_tag":[],"wcpa_form_fields":null,"tiered_pricing_type":"fixed","tiered_pricing_fixed_rules":[],"_links":{"self":[{"href":"https:\/\/www.gardiso.eu\/de\/wp-json\/wp\/v2\/product\/2760"}],"collection":[{"href":"https:\/\/www.gardiso.eu\/de\/wp-json\/wp\/v2\/product"}],"about":[{"href":"https:\/\/www.gardiso.eu\/de\/wp-json\/wp\/v2\/types\/product"}],"replies":[{"embeddable":true,"href":"https:\/\/www.gardiso.eu\/de\/wp-json\/wp\/v2\/comments?post=2760"}],"wp:featuredmedia":[{"embeddable":true,"href":"https:\/\/www.gardiso.eu\/de\/wp-json\/wp\/v2\/media\/1376"}],"wp:attachment":[{"href":"https:\/\/www.gardiso.eu\/de\/wp-json\/wp\/v2\/media?parent=2760"}],"wp:term":[{"taxonomy":"product_cat","embeddable":true,"href":"https:\/\/www.gardiso.eu\/de\/wp-json\/wp\/v2\/product_cat?post=2760"},{"taxonomy":"product_tag","embeddable":true,"href":"https:\/\/www.gardiso.eu\/de\/wp-json\/wp\/v2\/product_tag?post=2760"}],"curies":[{"name":"wp","href":"https:\/\/api.w.org\/{rel}","templated":true}]}}