{"id":2758,"date":"2022-08-04T17:44:43","date_gmt":"2022-08-04T15:44:43","guid":{"rendered":"https:\/\/gardiso.insektenschutz365.eu\/p\/tomatenhaus-aus-aluminium\/"},"modified":"2025-12-17T16:38:45","modified_gmt":"2025-12-17T15:38:45","slug":"tomatenhaus-aus-aluminium","status":"publish","type":"product","link":"https:\/\/www.gardiso.eu\/de\/p\/tomatenhaus-aus-aluminium\/","title":{"rendered":"Tomatenhaus aus Aluminium"},"content":{"rendered":"<p><h4>Stabiles Tomatengew\u00e4chshaus f\u00fcr langj\u00e4hrigen Einsatz<\/h4>\n<p>Die Tomate&nbsp;braucht&nbsp;f\u00fcr ihr Wachstum&nbsp;etwas mehr Pflege und Schutz als andere Pflanzen! Sie f\u00fchlt sich&nbsp;in einem <strong>Gew\u00e4chshaus<\/strong> sehr wohl, da ihr hier N\u00e4sse, K\u00e4lte, Braunf\u00e4ule&nbsp;und Sch\u00e4dlinge&nbsp;nichts anhaben k\u00f6nnen.<\/p>\n<p>Dieses&nbsp;<strong>Tomatenhaus<\/strong> ist nicht nur f\u00fcr eine Saison, sondern f\u00fcr den&nbsp;mehrj\u00e4hrigen Einsatz ausgelegt. Das Grundger\u00fcst bilden stabile <strong>Aluminiumprofile<\/strong> mit einer robusten Bodenverankerung. Die rei\u00dffeste, 100\u00b5 starke Folie wird&nbsp;mit <strong>Befestigungsclips<\/strong> am Gest\u00e4nge&nbsp;angebracht (und bei Bedarf ebenso einfach wieder entfernt). Die <strong>durchsichtige Folie<\/strong> l\u00e4sst&nbsp;<strong>w\u00e4rmendes Sonnenlicht<\/strong> ins Innere, ein optimaler <strong>Luftaustausch <\/strong>wird durch eine offene Seite gew\u00e4hrleistet.&nbsp;Das Tomatengew\u00e4chshaus hat keinen Boden, damit die Luft besser zirkulieren kann und sich kein Wasser ansammelt.<\/p>\n<p>&nbsp;<\/p>\n<p><strong>Eckdaten<\/strong><\/p>\n<ul>\n<li>Gr\u00f6\u00dfe: 150 x 80&nbsp;x 170&nbsp;cm (LxBxH)<\/li>\n<li>Farbe: wei\u00df \/ transparent<\/li>\n<li>St\u00e4rke Folie: 100 \u00b5m<\/li>\n<\/ul>\n<p>&nbsp;<\/p>\n<p><strong>Inhalt \/ Lieferumfang<\/strong><\/p>\n<ul>\n<li>Aluminiumprofile&nbsp;f\u00fcr die Grundkonstruktion<\/li>\n<li>Transparente Gew\u00e4chshausfolie<\/li>\n<li>Spezialclips zur Befestigung der Folie<\/li>\n<li>Erdn\u00e4gel<\/li>\n<\/ul>\n<p>&nbsp;<\/p><\/p>\n","protected":false},"excerpt":{"rendered":"<p><UL><LI>Tomatengew\u00e4chshaus zum Schutz vor N\u00e4sse und K\u00e4lte<\/LI><LI>Grundger\u00fcst aus Aluminium sorgt f\u00fcr gute Stabilit\u00e4t<\/LI><LI>Transparente Gew\u00e4chshausfolie l\u00e4sst Licht &amp; W\u00e4rme durch<\/LI><LI>Optimaler Luftaustausch und kein Hitzestau<\/LI><LI>Einfache Montage und starke Bodenverankerung<\/LI><\/UL><\/p>\n","protected":false},"featured_media":1373,"comment_status":"closed","ping_status":"closed","template":"","meta":[],"product_cat":[919,920],"product_tag":[],"wcpa_form_fields":null,"tiered_pricing_type":"fixed","tiered_pricing_fixed_rules":[],"_links":{"self":[{"href":"https:\/\/www.gardiso.eu\/de\/wp-json\/wp\/v2\/product\/2758"}],"collection":[{"href":"https:\/\/www.gardiso.eu\/de\/wp-json\/wp\/v2\/product"}],"about":[{"href":"https:\/\/www.gardiso.eu\/de\/wp-json\/wp\/v2\/types\/product"}],"replies":[{"embeddable":true,"href":"https:\/\/www.gardiso.eu\/de\/wp-json\/wp\/v2\/comments?post=2758"}],"wp:featuredmedia":[{"embeddable":true,"href":"https:\/\/www.gardiso.eu\/de\/wp-json\/wp\/v2\/media\/1373"}],"wp:attachment":[{"href":"https:\/\/www.gardiso.eu\/de\/wp-json\/wp\/v2\/media?parent=2758"}],"wp:term":[{"taxonomy":"product_cat","embeddable":true,"href":"https:\/\/www.gardiso.eu\/de\/wp-json\/wp\/v2\/product_cat?post=2758"},{"taxonomy":"product_tag","embeddable":true,"href":"https:\/\/www.gardiso.eu\/de\/wp-json\/wp\/v2\/product_tag?post=2758"}],"curies":[{"name":"wp","href":"https:\/\/api.w.org\/{rel}","templated":true}]}}