{"id":2756,"date":"2022-08-04T17:44:43","date_gmt":"2022-08-04T15:44:43","guid":{"rendered":"https:\/\/gardiso.insektenschutz365.eu\/p\/beeteinfassung-aus-weide-eckig\/"},"modified":"2026-04-18T10:29:40","modified_gmt":"2026-04-18T08:29:40","slug":"beeteinfassung-aus-weide-eckig","status":"publish","type":"product","link":"https:\/\/www.gardiso.eu\/de\/p\/beeteinfassung-aus-weide-eckig\/","title":{"rendered":"Beeteinfassung aus Weide eckig"},"content":{"rendered":"<h4>Nat\u00fcrlicher Weidenzaun f\u00fcr den flexiblen Einsatz im Garten<\/h4>\n<p>Diese Beeteinfassung aus Weide ist sehr flexibel in der Anwendung. F\u00fcr den Mini-Zaun wurden f\u00fcnf Elemente aus <strong>geflochtenen Weidenst\u00e4ben <\/strong>miteinander verbunden, die eine individuelle Verwendung erm\u00f6glichen. Egal, ob Sie eine <strong>eckige oder geschwungene Umrandung<\/strong> m\u00f6chten &#8211; dieser Weidenzaun l\u00e4sst viele Gestaltungsm\u00f6glichkeiten zu.&nbsp;Die zugespitzten Steckf\u00fc\u00dfe erleichtern das Eindr\u00fccken in den Boden.&nbsp;<\/p>\n<p>\n<strong>Eckdaten<\/strong><\/p>\n<ul>\n<li>Gr\u00f6\u00dfe inkl. Steckf\u00fc\u00dfe:&nbsp;100 x 35&nbsp;cm&nbsp;<\/li>\n<li>Gr\u00f6\u00dfe ohne Steckf\u00fc\u00dfe: 100 x 20 cm<\/li>\n<li>Material: unbehandelte, geflochtene Weidenst\u00e4be<\/li>\n<li>Farbe: dunkelbraun<\/li>\n<\/ul>\n<p>&nbsp;<\/p>\n<p><strong>Lieferumfang<\/strong><\/p>\n<ul>\n<li>1 Weidenzaun<\/li>\n<\/ul>\n<p>&nbsp;<\/p>\n<p>\n<a href=\"\/\/www.gardiso.eu\/at\/shop\/Garten\/Gartendekoration-c62109&quot;\">Beeteinfassungen<\/a> aus nachwachsenden Materialien wie Weide, Bambus oder Haselnuss unterst\u00fctzten den Nachhaltigkeitscharakter im Garten. Wer es einen Hauch moderner m\u00f6chte, greift zu Mini-Z\u00e4unen aus dunkelgrauem <strong>Rattan<\/strong>.&nbsp;<\/p>\n","protected":false},"excerpt":{"rendered":"<p><UL><LI>Weidenzaun f\u00fcr eine geschwungene &amp; eckige Abgrenzung<\/LI><LI>Sch\u00f6ne Optik durch horizontal geflochtene Weidenst\u00e4be<\/LI><LI>F\u00fcnf Zaunelemente f\u00fcr mehr Flexibilit\u00e4t<\/LI><LI>Viele Steckf\u00fc\u00dfe f\u00fcr leichtes Verankern im Boden<\/LI><\/UL><\/p>\n","protected":false},"featured_media":1369,"comment_status":"closed","ping_status":"closed","template":"","meta":[],"product_cat":[929,928],"product_tag":[],"wcpa_form_fields":null,"tiered_pricing_type":"fixed","tiered_pricing_fixed_rules":[],"_links":{"self":[{"href":"https:\/\/www.gardiso.eu\/de\/wp-json\/wp\/v2\/product\/2756"}],"collection":[{"href":"https:\/\/www.gardiso.eu\/de\/wp-json\/wp\/v2\/product"}],"about":[{"href":"https:\/\/www.gardiso.eu\/de\/wp-json\/wp\/v2\/types\/product"}],"replies":[{"embeddable":true,"href":"https:\/\/www.gardiso.eu\/de\/wp-json\/wp\/v2\/comments?post=2756"}],"wp:featuredmedia":[{"embeddable":true,"href":"https:\/\/www.gardiso.eu\/de\/wp-json\/wp\/v2\/media\/1369"}],"wp:attachment":[{"href":"https:\/\/www.gardiso.eu\/de\/wp-json\/wp\/v2\/media?parent=2756"}],"wp:term":[{"taxonomy":"product_cat","embeddable":true,"href":"https:\/\/www.gardiso.eu\/de\/wp-json\/wp\/v2\/product_cat?post=2756"},{"taxonomy":"product_tag","embeddable":true,"href":"https:\/\/www.gardiso.eu\/de\/wp-json\/wp\/v2\/product_tag?post=2756"}],"curies":[{"name":"wp","href":"https:\/\/api.w.org\/{rel}","templated":true}]}}