{"id":2754,"date":"2022-08-04T17:44:43","date_gmt":"2022-08-04T15:44:43","guid":{"rendered":"https:\/\/gardiso.insektenschutz365.eu\/p\/beeteinfassung-aus-bambus-gerollt\/"},"modified":"2025-12-24T16:38:28","modified_gmt":"2025-12-24T15:38:28","slug":"beeteinfassung-aus-bambus-gerollt","status":"publish","type":"product","link":"https:\/\/www.gardiso.eu\/de\/p\/beeteinfassung-aus-bambus-gerollt\/","title":{"rendered":"Beeteinfassung aus Bambus gerollt"},"content":{"rendered":"<h4>Gem\u00fcsebeete dekorativ einfassen mit einem Bambuszaun<\/h4>\n<p>Bambus als nat\u00fcrliches Dekorationselement bildet die Basis dieser Beeteinfassung. Fest miteinander verbundene Bambusrohre gew\u00e4hrleisten <strong>Stabilit\u00e4t&lt;\/strong&gt;; lassen durch die Rollenform jedoch&nbsp;eine <strong>flexible Verwendung<\/strong> zu. Der Mini-Zaun ist eine ideale Umrandung f\u00fcr&nbsp;<strong>Blumen- und Gem\u00fcsebeete<\/strong>&nbsp;in diversen Formen. Auch als Abgrenzung zu Gehwegen und Terrassen hin macht der Bambuszaun eine gute Figur.&nbsp;<\/p>\n<p>&nbsp;<\/p>\n<p><strong>Eckdaten<\/strong><\/p>\n<ul>\n<li>Gr\u00f6\u00dfe: 120 x 30 cm<\/li>\n<li>Durchmesser&nbsp;Bambusrohre: 25&nbsp;&#8211; 30 mm<\/li>\n<li>Material: Bambusrohr<\/li>\n<li>Farbe: hellbraun\/natur<\/li>\n<\/ul>\n<p>&nbsp;<\/p>\n<p><strong>Lieferumfang<\/strong><\/p>\n<ul>\n<li>1 Beeteinfassung aus Bambus<\/li>\n<\/ul>\n<p>&nbsp;<\/p>\n<h4>Die Qual der Wahl hat&#8230;<\/h4>\n<p>&#8230; wer sich unter all den n\u00fctzlichen, dekorativen, modernen <a href=\"\/\/www.gardiso.eu\/at\/shop\/Garten\/Gartendekoration-c62109&quot;\">Beetumrandungen und Raseneinfassungen<\/a> aus&nbsp;Weide, Bambus, Haselnuss,&nbsp;Rattan oder Kunststoff entscheiden darf.&nbsp;<\/p>\n","protected":false},"excerpt":{"rendered":"<p><UL><LI>Beetumrandung in Rollenform zur flexiblen Gestaltung<\/LI><LI>Dekorative Abgrenzung aus hellen Bambusrohren<\/LI><LI>F\u00fcr runde und eckige Beete geeignet<\/LI><\/UL><\/p>\n","protected":false},"featured_media":1366,"comment_status":"closed","ping_status":"closed","template":"","meta":[],"product_cat":[929,928],"product_tag":[],"wcpa_form_fields":null,"tiered_pricing_type":"fixed","tiered_pricing_fixed_rules":[],"_links":{"self":[{"href":"https:\/\/www.gardiso.eu\/de\/wp-json\/wp\/v2\/product\/2754"}],"collection":[{"href":"https:\/\/www.gardiso.eu\/de\/wp-json\/wp\/v2\/product"}],"about":[{"href":"https:\/\/www.gardiso.eu\/de\/wp-json\/wp\/v2\/types\/product"}],"replies":[{"embeddable":true,"href":"https:\/\/www.gardiso.eu\/de\/wp-json\/wp\/v2\/comments?post=2754"}],"wp:featuredmedia":[{"embeddable":true,"href":"https:\/\/www.gardiso.eu\/de\/wp-json\/wp\/v2\/media\/1366"}],"wp:attachment":[{"href":"https:\/\/www.gardiso.eu\/de\/wp-json\/wp\/v2\/media?parent=2754"}],"wp:term":[{"taxonomy":"product_cat","embeddable":true,"href":"https:\/\/www.gardiso.eu\/de\/wp-json\/wp\/v2\/product_cat?post=2754"},{"taxonomy":"product_tag","embeddable":true,"href":"https:\/\/www.gardiso.eu\/de\/wp-json\/wp\/v2\/product_tag?post=2754"}],"curies":[{"name":"wp","href":"https:\/\/api.w.org\/{rel}","templated":true}]}}