{"id":2744,"date":"2022-08-04T17:44:33","date_gmt":"2022-08-04T15:44:33","guid":{"rendered":"https:\/\/gardiso.insektenschutz365.eu\/p\/pikier-werkzeug-zum-umpflanzen-von-saemlingen\/"},"modified":"2025-12-29T06:39:17","modified_gmt":"2025-12-29T05:39:17","slug":"pikier-werkzeug-zum-umpflanzen-von-saemlingen","status":"publish","type":"product","link":"https:\/\/www.gardiso.eu\/de\/p\/pikier-werkzeug-zum-umpflanzen-von-saemlingen\/","title":{"rendered":"Pikier-Werkzeug zum Umpflanzen von S\u00e4mlingen"},"content":{"rendered":"<p><h4><strong>Pikier-Werkzeug zum Umpflanzen von Setzlingen<\/strong><\/h4>\n<p>Der kleine <strong>Anzucht-Helfer<\/strong> mit gro\u00dfer Wirkung, da die Setzlinge&nbsp;<strong>beim Umpflanzen geschont&nbsp;<\/strong>und nicht besch\u00e4digt werden. Mit dem Pikierstab werden die Pflanzen vorsichtig voneinander getrennt. Anschlie\u00dfend werden die Wurzeln gek\u00fcrzt und die Jungpflanze in ein neues Pflanzloch eingesetzt. Danach einfach mit der Pikiergabel das Loch um die Pflanze vorsichtig andr\u00fccken und mit Erde bedecken.<\/p>\n<p>\n<strong>Eckdaten<\/strong><\/p>\n<ul>\n<li>Gr\u00f6\u00dfe: 15 cm<\/li>\n<li>Farbe: dunkelgr\u00fcn<\/li>\n<li>Material: hochwertiger Kunststoff<\/li>\n<\/ul>\n<p>&nbsp;<\/p>\n<p><strong>Lieferumfang<\/strong><br \/>\n1 Pikiergabel und 1 Pikierstab<\/p>\n<p>&nbsp;<\/p>\n<p>&nbsp;<\/p>\n<h4>Lust auf frisches Gr\u00fcn?<\/h4>\n<p>Mit einem&nbsp;<a href=\"\/\/www.gardiso.eu\/at\/shop\/Pflanzenanzucht\/Anzucht-Indoor-c62113&quot;\" target=\"&quot;_blank&quot;\" title=\"&quot;Mini-Gew\u00e4chsh\u00e4user\" rel=\"noopener\">Zimmergew\u00e4chshaus&nbsp;f\u00fcr die Fensterbank<\/a>, in dem feine Kr\u00e4uter, Sprossen und Gem\u00fcse heranwachsen, l\u00e4sst sich der Fr\u00fchling vorzeitig ins Zuhause holen.&nbsp;<a href=\"\/\/www.gardiso.eu\/at\/shop\/Pflanzenanzucht\/Nuetzliches-Zubehoer-c62115&quot;\" target=\"&quot;_blank&quot;\" title=\"&quot;N\u00fctzliches\" rel=\"noopener\">N\u00fczliche Helferlein<\/a>&nbsp;wie Pikier-Sets, Quelltabletten, Pflanzt\u00f6pfe und beschriftbare Pflanzenetiketten k\u00f6nnen einem die Anzucht wesentlich&nbsp;erleichtern.&nbsp;<\/p><\/p>\n","protected":false},"excerpt":{"rendered":"<p><UL><LI>Pikierstab und Pikiergabel im Set<\/LI><LI>Schonendes Umsetzen der Jungpflanzen durch abgerundete Form<\/LI><LI>Wiederverwendbares Werkzeug aus Kunststoff<\/LI><\/UL><\/p>\n","protected":false},"featured_media":1349,"comment_status":"closed","ping_status":"open","template":"","meta":[],"product_cat":[922,925],"product_tag":[],"wcpa_form_fields":null,"tiered_pricing_type":"fixed","tiered_pricing_fixed_rules":[],"_links":{"self":[{"href":"https:\/\/www.gardiso.eu\/de\/wp-json\/wp\/v2\/product\/2744"}],"collection":[{"href":"https:\/\/www.gardiso.eu\/de\/wp-json\/wp\/v2\/product"}],"about":[{"href":"https:\/\/www.gardiso.eu\/de\/wp-json\/wp\/v2\/types\/product"}],"replies":[{"embeddable":true,"href":"https:\/\/www.gardiso.eu\/de\/wp-json\/wp\/v2\/comments?post=2744"}],"wp:featuredmedia":[{"embeddable":true,"href":"https:\/\/www.gardiso.eu\/de\/wp-json\/wp\/v2\/media\/1349"}],"wp:attachment":[{"href":"https:\/\/www.gardiso.eu\/de\/wp-json\/wp\/v2\/media?parent=2744"}],"wp:term":[{"taxonomy":"product_cat","embeddable":true,"href":"https:\/\/www.gardiso.eu\/de\/wp-json\/wp\/v2\/product_cat?post=2744"},{"taxonomy":"product_tag","embeddable":true,"href":"https:\/\/www.gardiso.eu\/de\/wp-json\/wp\/v2\/product_tag?post=2744"}],"curies":[{"name":"wp","href":"https:\/\/api.w.org\/{rel}","templated":true}]}}