{"id":2742,"date":"2022-08-04T17:44:33","date_gmt":"2022-08-04T15:44:33","guid":{"rendered":"https:\/\/gardiso.insektenschutz365.eu\/p\/schnecken-schutzringe-fuers-gemuesebeet-6-stueck\/"},"modified":"2025-12-30T06:38:35","modified_gmt":"2025-12-30T05:38:35","slug":"schneckenschutzring-fuers-gemuesebeet-6-stueck","status":"publish","type":"product","link":"https:\/\/www.gardiso.eu\/de\/p\/schneckenschutzring-fuers-gemuesebeet-6-stueck\/","title":{"rendered":"Schneckenschutzring f\u00fcrs Gem\u00fcsebeet, 6 St\u00fcck"},"content":{"rendered":"<h4>Nat\u00fcrliche Schneckenabwehr im Gem\u00fcsebeet<\/h4>\n<p>Schnecken-Alarm im Gem\u00fcsebeet? Keine Sorge, der Schnecken-Schutzring h\u00e4lt Schnecken von Ihren Salatk\u00f6pfen gezielt fern! Der nach unten gekr\u00fcmmten Rand sorgt f\u00fcr eine besonders effiziente Abwehr ganz ohne Chemie. Zus\u00e4tzlich bleibt beim Gie\u00dfen die Erde rund um den Ring trocken, was den Schnecken das Kriechen erheblich erschwert. Auch Unkraut kann sich so schwieriger ansiedeln.<br \/>\n&nbsp;<\/p>\n<p><strong>Lieferumfang<\/strong><br \/>\n6 Schneckenschutzringe<br \/>\n&nbsp;<\/p>\n<p><strong>Tipp<\/strong><br \/>\nDer Schnecken-Schutzring kann wunderbar mit einer <a href=\"&quot;\/at\/shop\/pflanzenanzucht\/anzucht-outdoor\/pflanzenhaube-zum-schutz-von-beetgemuese-10-stueck-p45593?listName=_action&quot;\" target=\"&quot;_blank&quot;\" title=\"&quot;Pflanzenhut\" rel=\"noopener\">Pflanzenhaube<\/a>&nbsp;kombiniert werden, um&nbsp;Jungpflanzen &amp; Setzlinge vor Sch\u00e4dlingen, Wind und Wetter abzuschirmen.<\/p>\n","protected":false},"excerpt":{"rendered":"<p><UL><LI>Nat\u00fcrlicher und chemiefreier Schutz vor Schnecken<\/LI><LI>Nach unten gekr\u00fcmmter Rand f\u00fcr besonders gute Abwehr<\/LI><LI>Wiederverwendbar und witterungsbest\u00e4ndig<\/LI><LI>Ideal in Kombination mit einem Pflanzenhut<\/LI><\/UL><\/p>\n","protected":false},"featured_media":1347,"comment_status":"closed","ping_status":"open","template":"","meta":[],"product_cat":[940,943],"product_tag":[],"wcpa_form_fields":null,"tiered_pricing_type":"fixed","tiered_pricing_fixed_rules":[],"_links":{"self":[{"href":"https:\/\/www.gardiso.eu\/de\/wp-json\/wp\/v2\/product\/2742"}],"collection":[{"href":"https:\/\/www.gardiso.eu\/de\/wp-json\/wp\/v2\/product"}],"about":[{"href":"https:\/\/www.gardiso.eu\/de\/wp-json\/wp\/v2\/types\/product"}],"replies":[{"embeddable":true,"href":"https:\/\/www.gardiso.eu\/de\/wp-json\/wp\/v2\/comments?post=2742"}],"wp:featuredmedia":[{"embeddable":true,"href":"https:\/\/www.gardiso.eu\/de\/wp-json\/wp\/v2\/media\/1347"}],"wp:attachment":[{"href":"https:\/\/www.gardiso.eu\/de\/wp-json\/wp\/v2\/media?parent=2742"}],"wp:term":[{"taxonomy":"product_cat","embeddable":true,"href":"https:\/\/www.gardiso.eu\/de\/wp-json\/wp\/v2\/product_cat?post=2742"},{"taxonomy":"product_tag","embeddable":true,"href":"https:\/\/www.gardiso.eu\/de\/wp-json\/wp\/v2\/product_tag?post=2742"}],"curies":[{"name":"wp","href":"https:\/\/api.w.org\/{rel}","templated":true}]}}