{"id":2736,"date":"2022-08-04T17:44:33","date_gmt":"2022-08-04T15:44:33","guid":{"rendered":"https:\/\/gardiso.insektenschutz365.eu\/p\/stecketiketten-zum-beschriften-weiss\/"},"modified":"2026-03-02T09:25:37","modified_gmt":"2026-03-02T08:25:37","slug":"stecketiketten-zum-beschriften-weiss","status":"publish","type":"product","link":"https:\/\/www.gardiso.eu\/de\/p\/stecketiketten-zum-beschriften-weiss\/","title":{"rendered":"Stecketiketten zum Beschriften wei\u00df"},"content":{"rendered":"<p><h4><strong>Wei\u00dfe Pflanzenetiketten zum Beschriften von Setzlingen<\/strong><\/h4>\n<p>Mit Hilfe der <strong>Stecketiketten<\/strong> werden die S\u00e4mlinge und Setzlinge in Mini-Gew\u00e4chsh\u00e4usern und <a href=\"&quot;\/at\/shop\/pflanzenanzucht\/torffreie-anzuchttoepfe-8cm-eckig-16-stueck-p58681?listName=shop&quot;\">Anzuchtt\u00f6pfen<\/a> unverkennbar markiert. Am Ende zugespitzt k\u00f6nnen sie ganz leicht in Anzuchterde, <a href=\"&quot;\/at\/shop\/pflanzenanzucht\/anzucht-quelltabletten-aus-kokos--20-stueck-p58687?listName=shop&quot;\">Quelltabletten<\/a> oder den Boden von Beeten gesteckt werden. Damit ist eine Verwechslung ab sofort ausgeschlossen. Die Pflanzenstecker aus langlebigem Kunststoff sind mit Wasser zu reinigen und f\u00fcr die n\u00e4chste Saison wiederverwendbar. Kleine und n\u00fctzliche Helferlein f\u00fcr eine gelungene Anzucht und Aussaat.<\/p>\n<p>\n<strong>Eckdaten<\/strong><\/p>\n<ul>\n<li>Ma\u00dfe: 11,8 x 1,3 cm<\/li>\n<li>Farbe: wei\u00df<\/li>\n<li>Material: stabiler, witterungsbest\u00e4ndiger Kunststoff<\/li>\n<li>Geeignet f\u00fcr den Au\u00dfeneinsatz<\/li>\n<\/ul>\n<p>\n<strong>Lieferumfang<\/strong><\/p>\n<ul>\n<li>50 wei\u00dfe Stecketiketten + 1 Stift<\/li>\n<\/ul>\n<p>&nbsp;<\/p>\n<h4>Anzucht leicht gemacht<\/h4>\n<p>Wir k\u00f6nnen Ihnen einige Modelle an <a href=\"&quot;\/at\/shop\/pflanzenanzucht\/anzucht-indoor-c62113&quot;\">Zimmergew\u00e4chsh\u00e4usern f\u00fcr Fensterb\u00e4nke<\/a> und kleine K\u00fcchen in unserem Shop anbieten, damit Sie erfolgreich Ihre Lieblingskr\u00e4uter und leckere Gem\u00fcsesorten vorziehen k\u00f6nnen.&nbsp;<\/p><\/p>\n","protected":false},"excerpt":{"rendered":"<p><UL><LI>Praktische Stecketiketten zum Beschriften von Setzlingen<\/LI><LI>Ideales Zubeh\u00f6r f\u00fcr Aussaat und Anzucht<\/LI><LI>50 St\u00fcck Packung inkl. G\u00e4rtnerstift<\/LI><\/UL><\/p>\n","protected":false},"featured_media":1340,"comment_status":"closed","ping_status":"open","template":"","meta":[],"product_cat":[919,921],"product_tag":[],"wcpa_form_fields":null,"tiered_pricing_type":"fixed","tiered_pricing_fixed_rules":[],"_links":{"self":[{"href":"https:\/\/www.gardiso.eu\/de\/wp-json\/wp\/v2\/product\/2736"}],"collection":[{"href":"https:\/\/www.gardiso.eu\/de\/wp-json\/wp\/v2\/product"}],"about":[{"href":"https:\/\/www.gardiso.eu\/de\/wp-json\/wp\/v2\/types\/product"}],"replies":[{"embeddable":true,"href":"https:\/\/www.gardiso.eu\/de\/wp-json\/wp\/v2\/comments?post=2736"}],"wp:featuredmedia":[{"embeddable":true,"href":"https:\/\/www.gardiso.eu\/de\/wp-json\/wp\/v2\/media\/1340"}],"wp:attachment":[{"href":"https:\/\/www.gardiso.eu\/de\/wp-json\/wp\/v2\/media?parent=2736"}],"wp:term":[{"taxonomy":"product_cat","embeddable":true,"href":"https:\/\/www.gardiso.eu\/de\/wp-json\/wp\/v2\/product_cat?post=2736"},{"taxonomy":"product_tag","embeddable":true,"href":"https:\/\/www.gardiso.eu\/de\/wp-json\/wp\/v2\/product_tag?post=2736"}],"curies":[{"name":"wp","href":"https:\/\/api.w.org\/{rel}","templated":true}]}}