{"id":2734,"date":"2022-08-04T17:44:33","date_gmt":"2022-08-04T15:44:33","guid":{"rendered":"https:\/\/gardiso.insektenschutz365.eu\/p\/insekten-schutznetz-fuer-gemuesebeete\/"},"modified":"2025-12-30T11:39:40","modified_gmt":"2025-12-30T10:39:40","slug":"insekten-schutznetz-fuer-gemuesebeete","status":"publish","type":"product","link":"https:\/\/www.gardiso.eu\/de\/p\/insekten-schutznetz-fuer-gemuesebeete\/","title":{"rendered":"Insekten Schutznetz f\u00fcr Gem\u00fcsebeete"},"content":{"rendered":"<p><h4>Insektenschutznetz f\u00fcr Pflanzen &amp; Gem\u00fcsebeete<\/h4>\n<p>Feinmaschiges Netz zum Schutz der Setzlinge und Gem\u00fcseaussaaten vor allerlei Fliegen: Zwiebelfliege an Zwiebeln und Lauch, M\u00f6hrenfliege an M\u00f6hren und Kohlfliege an Radieschen, Rettich und Kohl. Die Maden dieser Fliegen fressen n\u00e4mlich G\u00e4nge in die Wurzeln und sch\u00e4digen somit die jungen Pfl\u00e4nzchen. Das Netz soll an den R\u00e4ndern gut befestigt und locker \u00fcber die Kulturen gelegt werden, damit diese frei wachsen k\u00f6nnen.<\/p>\n<p>&nbsp;<\/p>\n<p><strong>Eckdaten<\/strong><\/p>\n<ul>\n<li>Gr\u00f6\u00dfe: 5 x 2 m<\/li>\n<li>Maschenweite: 2&nbsp;mm<\/li>\n<li>Farbe: wei\u00df<\/li>\n<\/ul>\n<p>&nbsp;<\/p>\n<p>Setzen Sie zum&nbsp;<a data-tabindex-counter=\"&quot;1&quot;\" data-tabindex-value=\"&quot;none&quot;\" href=\"&quot;\/at\/shop\/pflanzenschutz-c62095&quot;\" target=\"&quot;_blank&quot;\" title=\"&quot;Nat\u00fcrlicher\" rel=\"noopener\">nat\u00fcrlichen Schutz vor Sch\u00e4dlingen im Garten Netze und Vliese&nbsp;<\/a>ein.<\/p>\n<p>&nbsp;<\/p>\n<p><strong>Tipp<\/strong><br \/>\nBefestigen Sie das Insektenschutz-Netz an <a data-tabindex-counter=\"&quot;1&quot;\" data-tabindex-value=\"&quot;none&quot;\" href=\"&quot;\/at\/shop\/pflanzenanzucht\/folienbeet-set-mit-tunnelboegen-klammern-p59884?listName=shop&quot;\" target=\"&quot;_blank&quot;\" title=\"&quot;Tunnelb\u00f6gen\" rel=\"noopener\">Tunnelb\u00f6gen<\/a> \u00fcber Ihrem Gem\u00fcsebeet. Dadurch wird z.B. der Kohlwei\u00dfling an der Eiablage gehindert und seine Raupen k\u00f6nnen keinen Schaden anrichten. Empfohlener Zeitraum f\u00fcr den Einsatz: April &#8211; September.&nbsp;<\/p><\/p>\n","protected":false},"excerpt":{"rendered":"<p><UL><LI>Feinmaschiges Netz f\u00fcr Gem\u00fcsebeete<\/LI><LI>Sch\u00fctzt vor Gem\u00fcsefliegen, Kohlwei\u00dfling &amp; Co<\/LI><LI>Vermindert den Einsatz von chemischen Mitteln<\/LI><\/UL><\/p>\n","protected":false},"featured_media":1335,"comment_status":"closed","ping_status":"closed","template":"","meta":[],"product_cat":[934,938],"product_tag":[],"wcpa_form_fields":null,"tiered_pricing_type":"fixed","tiered_pricing_fixed_rules":[],"_links":{"self":[{"href":"https:\/\/www.gardiso.eu\/de\/wp-json\/wp\/v2\/product\/2734"}],"collection":[{"href":"https:\/\/www.gardiso.eu\/de\/wp-json\/wp\/v2\/product"}],"about":[{"href":"https:\/\/www.gardiso.eu\/de\/wp-json\/wp\/v2\/types\/product"}],"replies":[{"embeddable":true,"href":"https:\/\/www.gardiso.eu\/de\/wp-json\/wp\/v2\/comments?post=2734"}],"wp:featuredmedia":[{"embeddable":true,"href":"https:\/\/www.gardiso.eu\/de\/wp-json\/wp\/v2\/media\/1335"}],"wp:attachment":[{"href":"https:\/\/www.gardiso.eu\/de\/wp-json\/wp\/v2\/media?parent=2734"}],"wp:term":[{"taxonomy":"product_cat","embeddable":true,"href":"https:\/\/www.gardiso.eu\/de\/wp-json\/wp\/v2\/product_cat?post=2734"},{"taxonomy":"product_tag","embeddable":true,"href":"https:\/\/www.gardiso.eu\/de\/wp-json\/wp\/v2\/product_tag?post=2734"}],"curies":[{"name":"wp","href":"https:\/\/api.w.org\/{rel}","templated":true}]}}