{"id":2732,"date":"2022-08-04T17:44:33","date_gmt":"2022-08-04T15:44:33","guid":{"rendered":"https:\/\/gardiso.insektenschutz365.eu\/p\/einlagefolie-fuer-komposter\/"},"modified":"2026-03-26T08:19:23","modified_gmt":"2026-03-26T07:19:23","slug":"einlagefolie-fuer-komposter","status":"publish","type":"product","link":"https:\/\/www.gardiso.eu\/de\/p\/einlagefolie-fuer-komposter\/","title":{"rendered":"Einlagefolie f\u00fcr Komposter"},"content":{"rendered":"<p><h4><strong>Innenauskleidung f\u00fcr Komposter<\/strong><\/h4>\n<p>K\u00fcchen- und Gartenabf\u00e4lle landen bei vielen in&nbsp;einem eigenen Komposter&nbsp;zur Erzeugung von n\u00e4hrstoffreicher Komposterde. Eine Freude&nbsp;f\u00fcr alle&nbsp;(Jung-)Pflanzen, die einmal davon profitieren!<\/p>\n<p>Egal ob der Komposter rund oder eckig, aus Metall oder Holz ist:&nbsp;diese&nbsp;Einlagefolie hat ihre St\u00e4rke im Innenbereich und <strong>f\u00f6rdert die&nbsp;Kompostierung<\/strong>. Durch die L\u00f6cher im Folienschlauch kann ein Fl\u00fcssigkeitsaustausch erfolgen. Es wird also auf der einen Seite eine zu starke Austrocknung des Komposthaufens verhindert,&nbsp;auf der anderen Seite die F\u00e4ulnisbildung durch Staun\u00e4sse oder Sauerstoffmangel vermindert.&nbsp;<\/p>\n<p>&nbsp;<\/p>\n<p><strong>Eckdaten<\/strong><\/p>\n<ul>\n<li>Gr\u00f6\u00dfe: 1,75 x 1,2 m<\/li>\n<li>St\u00e4rke: 90 \u00b5m<\/li>\n<li>Farbe: schwarz<\/li>\n<\/ul>\n<p>&nbsp;<\/p>\n<p><strong>Lieferumfang<\/strong><\/p>\n<ul>\n<li>3 Komposterfolien<\/li>\n<\/ul>\n<p>&nbsp;<\/p>\n<h4>Gut abgedeckt &#8230;&nbsp;<\/h4>\n<p>mit einer&nbsp;<a data-tabindex-counter=\"&quot;1&quot;\" data-tabindex-value=\"&quot;none&quot;\" href=\"\/\/www.gardiso.eu\/at\/shop\/Garten\/Abdeckungen\/abdeckplane-fuer-komposter-rund-1-2m-p51378?listName=shop&quot;\" target=\"&quot;_blank&quot;\" title=\"&quot;strapazierf\u00e4hige\" rel=\"noopener\">UV-stabilen und strapazierf\u00e4higen Kompostgitter Abdeckplane<\/a>&nbsp;sind vor allem&nbsp;<strong>offene,&nbsp;runde Komposter.&nbsp;<\/strong><a data-tabindex-counter=\"&quot;1&quot;\" data-tabindex-value=\"&quot;none&quot;\" href=\"\/\/www.gardiso.eu\/at\/shop\/Garten\/Abdeckungen\/spannfedern-aus-metall-fuer-komposter--6-stueck-p45213?listName=_action&quot;\" target=\"&quot;_blank&quot;\" title=\"&quot;Spannfedern\" rel=\"noopener\">Spannfedern aus Metall<\/a> fixieren Komposterfolien mit \u00d6sen&nbsp;sicher am Gitter.&nbsp;<\/p>\n<p>Ein loser Komposthaufen&nbsp;wird idealerweise mit einem <a data-tabindex-counter=\"&quot;1&quot;\" data-tabindex-value=\"&quot;none&quot;\" href=\"\/\/www.gardiso.eu\/at\/shop\/Garten\/Abdeckungen\/abdeckvlies-fuer-komposthaufen-2-5x2-m-p51376?listName=_action&quot;\" target=\"&quot;_blank&quot;\" title=\"&quot;Sch\u00fctzendes\" rel=\"noopener\">dicken, aber atmungsaktiven&nbsp;Kompostschutzvlies<\/a>&nbsp;sch\u00fctzend gegen Wind und Wetter abgedeckt.&nbsp;<\/p><\/p>\n","protected":false},"excerpt":{"rendered":"<p><UL><LI>Folie zur Auskleidung von Kompostern rund\/eckig<\/LI><LI>Optimal f\u00fcr eine saubere Komposterzeugung<\/LI><LI>F\u00e4ulnisbildung &amp; starke Austrocknung wird vermindert<\/LI><LI>Geeignet f\u00fcr Holz- und Metallkomposter<\/LI><\/UL><\/p>\n","protected":false},"featured_media":1331,"comment_status":"closed","ping_status":"open","template":"","meta":[],"product_cat":[918],"product_tag":[],"wcpa_form_fields":null,"tiered_pricing_type":"fixed","tiered_pricing_fixed_rules":[],"_links":{"self":[{"href":"https:\/\/www.gardiso.eu\/de\/wp-json\/wp\/v2\/product\/2732"}],"collection":[{"href":"https:\/\/www.gardiso.eu\/de\/wp-json\/wp\/v2\/product"}],"about":[{"href":"https:\/\/www.gardiso.eu\/de\/wp-json\/wp\/v2\/types\/product"}],"replies":[{"embeddable":true,"href":"https:\/\/www.gardiso.eu\/de\/wp-json\/wp\/v2\/comments?post=2732"}],"wp:featuredmedia":[{"embeddable":true,"href":"https:\/\/www.gardiso.eu\/de\/wp-json\/wp\/v2\/media\/1331"}],"wp:attachment":[{"href":"https:\/\/www.gardiso.eu\/de\/wp-json\/wp\/v2\/media?parent=2732"}],"wp:term":[{"taxonomy":"product_cat","embeddable":true,"href":"https:\/\/www.gardiso.eu\/de\/wp-json\/wp\/v2\/product_cat?post=2732"},{"taxonomy":"product_tag","embeddable":true,"href":"https:\/\/www.gardiso.eu\/de\/wp-json\/wp\/v2\/product_tag?post=2732"}],"curies":[{"name":"wp","href":"https:\/\/api.w.org\/{rel}","templated":true}]}}