{"id":2728,"date":"2022-08-04T17:44:33","date_gmt":"2022-08-04T15:44:33","guid":{"rendered":"https:\/\/gardiso.insektenschutz365.eu\/p\/pflanzenhaube-zum-schutz-von-beetgemuese-10-stueck\/"},"modified":"2025-12-30T06:38:50","modified_gmt":"2025-12-30T05:38:50","slug":"pflanzenhaube-zum-schutz-von-beetgemuese-10-stueck","status":"publish","type":"product","link":"https:\/\/www.gardiso.eu\/de\/p\/pflanzenhaube-zum-schutz-von-beetgemuese-10-stueck\/","title":{"rendered":"Pflanzenhaube zum Schutz von Beetgem\u00fcse 10 St\u00fcck"},"content":{"rendered":"<p><h4>Junge Pflanzen chemiefrei mit einem Pflanzenhut sch\u00fctzen<\/h4>\n<p>Gerade freuen Sie sich noch \u00fcber die ersten Triebe und im n\u00e4chsten Moment bev\u00f6lkern schon zahlreiche Schnecken Ihr Gem\u00fcsebeet. Die Pflanzenhaube <strong>sch\u00fctzt Jungpflanzen und Setzlinge<\/strong> effizient und einfach vor Schnecken, V\u00f6gel&nbsp;und Witterungseinf\u00e4llen.&nbsp;Sie ist aus Kunststoff gefertigt und steht f\u00fcr besondere Stabilit\u00e4t und Langlebigkeit.<\/p>\n<p>&nbsp;<\/p>\n<p><strong>Eckdaten<\/strong><\/p>\n<ul>\n<li>H\u00f6he: 26&nbsp;cm<\/li>\n<li>Durchmesser: 24 cm<\/li>\n<li>Farbe: gr\u00fcn-transparent<\/li>\n<\/ul>\n<p>&nbsp;<\/p>\n<p><strong>Lieferumfang<\/strong><\/p>\n<ul>\n<li>10 Pflanzenh\u00fcte<\/li>\n<\/ul>\n<p>&nbsp;<\/p>\n<p><strong>Tipp<\/strong><br \/>\nDie Pflanzenhaube&nbsp;kann wunderbar mit dem <a href=\"&quot;\/at\/shop\/schaedlingsabwehr\/schnecken\/schnecken-schutzringe-fuers-gemuesebeet-6-stueck-p44669?listName=shop&quot;\" target=\"&quot;_blank&quot;\" title=\"&quot;Schneckenabwehr\" rel=\"noopener\">Schneckenring<\/a>&nbsp;f\u00fcr einen noch besseren Schutz kombiniert werden.<\/p><\/p>\n","protected":false},"excerpt":{"rendered":"<p><UL><LI>Stabiler Pflanzenhut aus Kunststoff<\/LI><LI>Schutz von Jungpflanzen und Setzlingen im Beet<\/LI><LI>Abwehr von Schnecken, V\u00f6gel, Hagel und Frost<\/LI><LI>Ideal mit einem Schnecken-Schutzring kombinierbar<\/LI><\/UL><\/p>\n","protected":false},"featured_media":1325,"comment_status":"closed","ping_status":"open","template":"","meta":[],"product_cat":[934,936],"product_tag":[],"wcpa_form_fields":null,"tiered_pricing_type":"fixed","tiered_pricing_fixed_rules":[],"_links":{"self":[{"href":"https:\/\/www.gardiso.eu\/de\/wp-json\/wp\/v2\/product\/2728"}],"collection":[{"href":"https:\/\/www.gardiso.eu\/de\/wp-json\/wp\/v2\/product"}],"about":[{"href":"https:\/\/www.gardiso.eu\/de\/wp-json\/wp\/v2\/types\/product"}],"replies":[{"embeddable":true,"href":"https:\/\/www.gardiso.eu\/de\/wp-json\/wp\/v2\/comments?post=2728"}],"wp:featuredmedia":[{"embeddable":true,"href":"https:\/\/www.gardiso.eu\/de\/wp-json\/wp\/v2\/media\/1325"}],"wp:attachment":[{"href":"https:\/\/www.gardiso.eu\/de\/wp-json\/wp\/v2\/media?parent=2728"}],"wp:term":[{"taxonomy":"product_cat","embeddable":true,"href":"https:\/\/www.gardiso.eu\/de\/wp-json\/wp\/v2\/product_cat?post=2728"},{"taxonomy":"product_tag","embeddable":true,"href":"https:\/\/www.gardiso.eu\/de\/wp-json\/wp\/v2\/product_tag?post=2728"}],"curies":[{"name":"wp","href":"https:\/\/api.w.org\/{rel}","templated":true}]}}