{"id":2726,"date":"2022-08-04T17:44:33","date_gmt":"2022-08-04T15:44:33","guid":{"rendered":"https:\/\/gardiso.insektenschutz365.eu\/p\/kniekissen-fuer-die-gartenarbeit\/"},"modified":"2025-12-30T11:38:41","modified_gmt":"2025-12-30T10:38:41","slug":"kniekissen-fuer-die-gartenarbeit","status":"publish","type":"product","link":"https:\/\/www.gardiso.eu\/de\/p\/kniekissen-fuer-die-gartenarbeit\/","title":{"rendered":"Kniekissen f\u00fcr die Gartenarbeit"},"content":{"rendered":"<h4><strong>Kniekissen f\u00fcr Knie schonendes Arbeiten<\/strong><\/h4>\n<p>Das Kniekissen ist ein unglaublich praktischer und unverzichtbarer Helfer bei Gartenarbeiten. Egal ob beim Blumenzwiebel pflanzen, Rasenkante verlegen oder Unkraut j\u00e4ten &#8211; das Kniebrett schont Ihre Knie, h\u00e4lt sie warm und die Kleidung trocken. Das Material ist stabil aber weich, w\u00e4rmed\u00e4mmend und leicht zu reinigen. An dem integrierten Griff kann das Kniebrett leicht transportiert und&nbsp;platzsparend aufgeh\u00e4ngt werden.&nbsp;<\/p>\n<p>&nbsp;<\/p>\n<p><strong>Die Einsatzbereiche des Kniekissens sind vielf\u00e4ltig: <\/strong><\/p>\n<ul>\n<li>Unterlage beim Schrauben am Auto<\/li>\n<li>Sitzkissen\/Sitzpolster f\u00fcr drau\u00dfen u.a. auch beim Zelten<\/li>\n<li>Knie schonende&nbsp;Unterlage beim Heimwerken wie z.B. Boden&nbsp;oder Fliesen verlegen<\/li>\n<li>Reinigungsarbeiten<\/li>\n<\/ul>\n<p>\n<strong>Lieferumfang<\/strong><\/p>\n<ul>\n<li>1 Kniekissen in t\u00fcrkis-blau<\/li>\n<\/ul>\n","protected":false},"excerpt":{"rendered":"<p><UL><LI>Feuchtigkeit und Schmutz abweisendes Kniekissen<\/LI><LI>Schonung der Gelenke &amp; Schutz vor K\u00e4lte<\/LI><LI>Leicht abwischbare Oberfl\u00e4che<\/LI><LI>Integrierter Tragegriff<\/LI><\/UL><\/p>\n","protected":false},"featured_media":1322,"comment_status":"closed","ping_status":"closed","template":"","meta":[],"product_cat":[922,925],"product_tag":[],"wcpa_form_fields":null,"tiered_pricing_type":"fixed","tiered_pricing_fixed_rules":[],"_links":{"self":[{"href":"https:\/\/www.gardiso.eu\/de\/wp-json\/wp\/v2\/product\/2726"}],"collection":[{"href":"https:\/\/www.gardiso.eu\/de\/wp-json\/wp\/v2\/product"}],"about":[{"href":"https:\/\/www.gardiso.eu\/de\/wp-json\/wp\/v2\/types\/product"}],"replies":[{"embeddable":true,"href":"https:\/\/www.gardiso.eu\/de\/wp-json\/wp\/v2\/comments?post=2726"}],"wp:featuredmedia":[{"embeddable":true,"href":"https:\/\/www.gardiso.eu\/de\/wp-json\/wp\/v2\/media\/1322"}],"wp:attachment":[{"href":"https:\/\/www.gardiso.eu\/de\/wp-json\/wp\/v2\/media?parent=2726"}],"wp:term":[{"taxonomy":"product_cat","embeddable":true,"href":"https:\/\/www.gardiso.eu\/de\/wp-json\/wp\/v2\/product_cat?post=2726"},{"taxonomy":"product_tag","embeddable":true,"href":"https:\/\/www.gardiso.eu\/de\/wp-json\/wp\/v2\/product_tag?post=2726"}],"curies":[{"name":"wp","href":"https:\/\/api.w.org\/{rel}","templated":true}]}}