{"id":2722,"date":"2022-08-04T17:44:22","date_gmt":"2022-08-04T15:44:22","guid":{"rendered":"https:\/\/gardiso.insektenschutz365.eu\/p\/unkrautvlies\/"},"modified":"2025-12-30T06:39:13","modified_gmt":"2025-12-30T05:39:13","slug":"unkrautvlies","status":"publish","type":"product","link":"https:\/\/www.gardiso.eu\/de\/p\/unkrautvlies\/","title":{"rendered":"Unkrautvlies"},"content":{"rendered":"<h4>Unkraut Vlies in Premium Qualit\u00e4t<\/h4>\n<p><strong>Die nat\u00fcrliche L\u00f6sung f\u00fcr eine chemiefreie Unkrautbek\u00e4mpfung<\/strong><\/p>\n<p>\nDas hochwertige Material unterdr\u00fcckt den Unkrautwuchs und macht dem l\u00e4stigen J\u00e4ten den Garaus. Es zeichnet sich durch exzellente Wasser- und Luftdurchl\u00e4ssigkeit, Lichtundurchl\u00e4ssigkeit&nbsp;sowie hohe Belastbarkeit&nbsp;aus. Wunderbar geeignet f\u00fcr&nbsp;<strong>alle Gem\u00fcsebeete und Zierstr\u00e4ucher,<\/strong> es kann<strong>&nbsp;<\/strong>mit einer Mulchschicht f\u00fcr eine sch\u00f6nere Optik bedeckt werden. Auch unter Kieswegen findet das Unkrautvlies einen sinnvollen&nbsp;Platz.&nbsp;<\/p>\n<p>Das Vlies speichert zudem W\u00e4rme und Feuchtigkeit:&nbsp;die&nbsp;Pflanzen werden besser vor Bodenfrost gesch\u00fctzt und die Erde trocknet langsamer aus.&nbsp;<\/p>\n<p>&nbsp;<\/p>\n<\/p>\n<p><strong>Eckdaten<\/strong><\/p>\n<ul>\n<li>Gr\u00f6\u00dfe: 10 x 0,9 m<\/li>\n<li>St\u00e4rke: 125 g\/m\u00b2<\/li>\n<li>Farbe: braun<\/li>\n<li>Material: Vlies<\/li>\n<\/ul>\n<p>&nbsp;<\/p>\n<p><strong>Unkrautwuchs vorbeugen<br \/>\nUnkrautfolien und Vliese<\/strong>&nbsp;sind die optimalste L\u00f6sung f\u00fcr eine biologische und chemiefreie Unkrautbek\u00e4mpfung. Sie verhalten sich neutral gegen\u00fcber Wasser, Luft, Erde und sind unsch\u00e4dlich f\u00fcr Pflanzen, Tiere und Menschen. Bei richtiger Anwendung halten Folien &amp; Vliese den Boden feucht und sch\u00fctzen ihn vor Austrocknung. Sie eignen sich bestens f\u00fcr alle Arten von Anpflanzungen und sollten w\u00e4hrend der gesamten Gartensaison im Einsatz bleiben.<\/p>\n<p>Viel Freude und gute Ertr\u00e4ge w\u00fcnscht Ihnen das Team von Gardiso!<\/p>\n","protected":false},"excerpt":{"rendered":"<p><UL><LI>Starkes Qualit\u00e4tsvlies gegen Unkrautwuchs<\/LI><LI>Wasser- und luftdurchl\u00e4ssiges Gewebe<\/LI><LI>Hohe Rei\u00dffestigkeit &amp; UV-stabilisiert<\/LI><LI>Ideal f\u00fcr Gem\u00fcsebeete &amp; Zierstr\u00e4ucher<\/LI><\/UL><\/p>\n","protected":false},"featured_media":1312,"comment_status":"closed","ping_status":"closed","template":"","meta":[],"product_cat":[934,937],"product_tag":[],"wcpa_form_fields":null,"tiered_pricing_type":"fixed","tiered_pricing_fixed_rules":[],"_links":{"self":[{"href":"https:\/\/www.gardiso.eu\/de\/wp-json\/wp\/v2\/product\/2722"}],"collection":[{"href":"https:\/\/www.gardiso.eu\/de\/wp-json\/wp\/v2\/product"}],"about":[{"href":"https:\/\/www.gardiso.eu\/de\/wp-json\/wp\/v2\/types\/product"}],"replies":[{"embeddable":true,"href":"https:\/\/www.gardiso.eu\/de\/wp-json\/wp\/v2\/comments?post=2722"}],"wp:featuredmedia":[{"embeddable":true,"href":"https:\/\/www.gardiso.eu\/de\/wp-json\/wp\/v2\/media\/1312"}],"wp:attachment":[{"href":"https:\/\/www.gardiso.eu\/de\/wp-json\/wp\/v2\/media?parent=2722"}],"wp:term":[{"taxonomy":"product_cat","embeddable":true,"href":"https:\/\/www.gardiso.eu\/de\/wp-json\/wp\/v2\/product_cat?post=2722"},{"taxonomy":"product_tag","embeddable":true,"href":"https:\/\/www.gardiso.eu\/de\/wp-json\/wp\/v2\/product_tag?post=2722"}],"curies":[{"name":"wp","href":"https:\/\/api.w.org\/{rel}","templated":true}]}}