{"id":2720,"date":"2022-08-04T17:44:22","date_gmt":"2022-08-04T15:44:22","guid":{"rendered":"https:\/\/gardiso.insektenschutz365.eu\/p\/wurzelsperre-mit-vlies\/"},"modified":"2025-12-30T06:39:15","modified_gmt":"2025-12-30T05:39:15","slug":"wurzelsperre-mit-vlies","status":"publish","type":"product","link":"https:\/\/www.gardiso.eu\/de\/p\/wurzelsperre-mit-vlies\/","title":{"rendered":"Wurzelsperre mit Vlies"},"content":{"rendered":"<h4>Vlies zur Kontrolle von Wurzelwachstum<\/h4>\n<p><strong>Zum Schutz vor Sch\u00e4den durch Wurzelwerk<\/strong><br \/>\n&nbsp;<\/p>\n<p>Besonders starkes Vlies, das Kabel,&nbsp;Rohre und Asphaltfl\u00e4chen vor Sch\u00e4den durch Wurzelwerk sch\u00fctzt. Durch das Vlies wird&nbsp;das Wurzelwachstum kontrolliert in die Tiefe geleitet. Es weist zwei unterschiedliche Seiten auf: die schwarze, HDPE-beschichtete Seite soll zur Pflanze hin zeigen; die graue Seite mit Vliesoberfl\u00e4che zeigt nach au\u00dfen zur Erde hin.&nbsp;<\/p>\n<p>&nbsp;<\/p>\n<p><strong>Eckdaten<\/strong><\/p>\n<ul>\n<li>Gr\u00f6\u00dfe: 3,5 x 0,6 m<\/li>\n<li>St\u00e4rke: 275&nbsp;g\/m\u00b2<\/li>\n<li>Farbe: schwarz<\/li>\n<\/ul>\n<p>&nbsp;<\/p>\n<p><strong>Hinweis<\/strong><\/p>\n<p>Das Vlies ist nicht&nbsp;f\u00fcr Pflanzen mit starken Wurzeln wie Bambus oder Schilf geeignet. &nbsp;<\/p>\n","protected":false},"excerpt":{"rendered":"<p><UL><LI>Rei\u00dffestes Vlies zur Kontrolle von Wurzelwachstum<\/LI><LI>Sch\u00fctzt Kabel, Rohre, Asphaltfl\u00e4chen und Blumenbeete<\/LI><LI>Leitet das Wurzelwachstum in die Tiefe<\/LI><\/UL><\/p>\n","protected":false},"featured_media":1307,"comment_status":"closed","ping_status":"closed","template":"","meta":[],"product_cat":[929,928],"product_tag":[],"wcpa_form_fields":null,"tiered_pricing_type":"fixed","tiered_pricing_fixed_rules":[],"_links":{"self":[{"href":"https:\/\/www.gardiso.eu\/de\/wp-json\/wp\/v2\/product\/2720"}],"collection":[{"href":"https:\/\/www.gardiso.eu\/de\/wp-json\/wp\/v2\/product"}],"about":[{"href":"https:\/\/www.gardiso.eu\/de\/wp-json\/wp\/v2\/types\/product"}],"replies":[{"embeddable":true,"href":"https:\/\/www.gardiso.eu\/de\/wp-json\/wp\/v2\/comments?post=2720"}],"wp:featuredmedia":[{"embeddable":true,"href":"https:\/\/www.gardiso.eu\/de\/wp-json\/wp\/v2\/media\/1307"}],"wp:attachment":[{"href":"https:\/\/www.gardiso.eu\/de\/wp-json\/wp\/v2\/media?parent=2720"}],"wp:term":[{"taxonomy":"product_cat","embeddable":true,"href":"https:\/\/www.gardiso.eu\/de\/wp-json\/wp\/v2\/product_cat?post=2720"},{"taxonomy":"product_tag","embeddable":true,"href":"https:\/\/www.gardiso.eu\/de\/wp-json\/wp\/v2\/product_tag?post=2720"}],"curies":[{"name":"wp","href":"https:\/\/api.w.org\/{rel}","templated":true}]}}