{"id":2709,"date":"2022-08-04T17:44:22","date_gmt":"2022-08-04T15:44:22","guid":{"rendered":"https:\/\/gardiso.insektenschutz365.eu\/p\/fruehbeet-folie-geschlitzt\/"},"modified":"2025-12-30T11:39:32","modified_gmt":"2025-12-30T10:39:32","slug":"fruehbeet-folie-geschlitzt","status":"publish","type":"product","link":"https:\/\/www.gardiso.eu\/de\/p\/fruehbeet-folie-geschlitzt\/","title":{"rendered":"Fr\u00fchbeet Folie geschlitzt"},"content":{"rendered":"<h4><strong>Mitwachsende Folie zum Schutz von Pflanzen in Fr\u00fchbeeten<\/strong><\/h4>\n<p>Schlitzfolien&nbsp;werden vorzugsweise <strong>im Fr\u00fchjahr eingesetzt<\/strong> und eignen sich&nbsp;optimal zur Abdeckung schnell wachsender Pflanzen. Sie k\u00f6nnen <strong>von der Aussaat bis zur Ernte \u00fcber&nbsp;dem Beet <\/strong>verbleiben. Zu Beginn sind die Schlitze fast geschlossen. Die immer gr\u00f6\u00dfer werdenden Pflanzen dr\u00fccken die Folie nach oben, dadurch \u00f6ffenen sich die Schlitze und lassen mehr Wasser und Luft durch. Es kann die gesamte Wachstumsphase hindurch direkt durch die Folie gegossen und ged\u00fcngt werden.&nbsp;<br \/>\n&nbsp;<\/p>\n<p><strong>Eckdaten<\/strong><\/p>\n<ul>\n<li>Gr\u00f6\u00dfe: 1,4 x 7,2 m<\/li>\n<li>St\u00e4rke: 50 \u00b5m<\/li>\n<li>Farbe: transparent-gr\u00fcn<\/li>\n<\/ul>\n<p>&nbsp;<\/p>\n<p><strong>Lieferumfang<\/strong><\/p>\n<ul>\n<li>1 Schlitzfolie<\/li>\n<\/ul>\n","protected":false},"excerpt":{"rendered":"<p><UL><LI>Dehnbare Folie f\u00fcr Fr\u00fchbeete<\/LI><LI>Sch\u00fctzt die Aussaat vor Frost und Sch\u00e4dlingen<\/LI><LI>Ideal geeignet f\u00fcr schnell wachsende Pflanzen<\/LI><LI>Gie\u00dfen und D\u00fcngen durch die Folie m\u00f6glich<\/LI><\/UL><\/p>\n","protected":false},"featured_media":1290,"comment_status":"closed","ping_status":"closed","template":"","meta":[],"product_cat":[926],"product_tag":[],"wcpa_form_fields":null,"tiered_pricing_type":"fixed","tiered_pricing_fixed_rules":[],"_links":{"self":[{"href":"https:\/\/www.gardiso.eu\/de\/wp-json\/wp\/v2\/product\/2709"}],"collection":[{"href":"https:\/\/www.gardiso.eu\/de\/wp-json\/wp\/v2\/product"}],"about":[{"href":"https:\/\/www.gardiso.eu\/de\/wp-json\/wp\/v2\/types\/product"}],"replies":[{"embeddable":true,"href":"https:\/\/www.gardiso.eu\/de\/wp-json\/wp\/v2\/comments?post=2709"}],"wp:featuredmedia":[{"embeddable":true,"href":"https:\/\/www.gardiso.eu\/de\/wp-json\/wp\/v2\/media\/1290"}],"wp:attachment":[{"href":"https:\/\/www.gardiso.eu\/de\/wp-json\/wp\/v2\/media?parent=2709"}],"wp:term":[{"taxonomy":"product_cat","embeddable":true,"href":"https:\/\/www.gardiso.eu\/de\/wp-json\/wp\/v2\/product_cat?post=2709"},{"taxonomy":"product_tag","embeddable":true,"href":"https:\/\/www.gardiso.eu\/de\/wp-json\/wp\/v2\/product_tag?post=2709"}],"curies":[{"name":"wp","href":"https:\/\/api.w.org\/{rel}","templated":true}]}}