{"id":2707,"date":"2022-08-04T17:44:22","date_gmt":"2022-08-04T15:44:22","guid":{"rendered":"https:\/\/gardiso.insektenschutz365.eu\/p\/vogel-nistkasten-fuer-kleiber-kohlmeise-gartenrotschwanz\/"},"modified":"2025-12-30T15:11:29","modified_gmt":"2025-12-30T14:11:29","slug":"vogel-nistkasten-fuer-kleiber-kohlmeise-gartenrotschwanz","status":"publish","type":"product","link":"https:\/\/www.gardiso.eu\/de\/p\/vogel-nistkasten-fuer-kleiber-kohlmeise-gartenrotschwanz\/","title":{"rendered":"Vogel-Nistkasten f\u00fcr Kleiber, Kohlmeise &amp; Gartenrotschwanz"},"content":{"rendered":"<p><h4><strong>Kleiner Schutzplatz f\u00fcr den gefiederten Nachwuchs<\/strong><\/h4>\n<p>Dieser Nistkasten bietet heimischen Vogelarten wie <strong>Kleiber oder Kohlmeise<\/strong>&nbsp;eine sichere Brutm\u00f6glichkeit. Hier genie\u00dfen junge Vogelfamilien Schutz vor Sturm und R\u00e4ubern. Die Tiere k\u00f6nnen ihren gefiederten Nachwuchs ungest\u00f6rt aufziehen &#8211; und uns in der w\u00e4rmeren Jahreszeit mit ihrer Anwesenheit erfreuen. Der Nistkasten wird idealerweise im Halbschatten aufgeh\u00e4ngt, damit es den Jungv\u00f6gel nicht zu hei\u00df wird.<br \/>\n&nbsp;<\/p>\n<p><strong>Eckdaten<\/strong><\/p>\n<ul>\n<li>Ma\u00dfe: 18x33x14 cm (BxHxT)<\/li>\n<li>Einflugloch: \u00d8 33 mm<\/li>\n<li>Material: gehobeltes Massivholz, geflammte Oberfl\u00e4che<\/li>\n<\/ul>\n<p>&nbsp;<\/p>\n<p><strong>Diese V\u00f6gel freuen sich \u00fcber ein gesch\u00fctztes Pl\u00e4tzchen&#8230;<\/strong><\/p>\n<ul>\n<li>Kleiber<\/li>\n<li>Kohlmeise<\/li>\n<li>Gartenrotschwanz<\/li>\n<\/ul>\n<p>&nbsp;<\/p>\n<p><strong>Anbringung im Herbst<\/strong><br \/>\nHerbst ist der optimale Zeitpunkt zum Anbringen&nbsp;der Nisthilfe. Manche Vogelarten nutzen den Nistkasten \u00fcber den Winter als Schlafplatz und bereiten schon mal alles f\u00fcr die Brutzeit&nbsp;vor.&nbsp;<\/p>\n<p><strong>Reinigung im Sp\u00e4tsommer<\/strong><br \/>\nDer Nistkasten kann durch Aufklappen der Frontplatte ausgekehrt und &#8211; bei starker Verschmutzung &#8211; mit hei\u00dfem Wasser gereinigt werden. Mehr Infos dazu finden Sie in unseren <a href=\"\/\/www.gardiso.eu\/at\/service-infos\/faq&quot;\" target=\"&quot;_blank&quot;\" title=\"&quot;Fragen\" rel=\"noopener\">N\u00fctzling-FAQ<\/a><\/p>\n<p>&nbsp;<\/p>\n<h4>Schon mal gemacht?<\/h4>\n<p>Dank einfachem Stecksystem einen&nbsp;<a href=\"&quot;\/at\/shop\/nuetzlinge\/nistkasten-fuer-voegel--bausatz-inkl.-farben-pinsel-p54894?listName=shop&quot;\" target=\"&quot;_blank&quot;\" title=\"&quot;Vogel\" rel=\"noopener\">Vogel-Nistkasten selbst zusammengebaut<\/a>? Und im Anschluss bemalt und individuell gestaltet? Ein tolles Bastelprojekt f\u00fcr gro\u00dfe und kleine Vogel-Fans.<\/p>\n<p>Kinder &amp; Erwachsene lieben (bunte) <a href=\"\/\/www.gardiso.eu\/at\/shop\/Nuetzlinge\/Voegel-c62101&quot;\" target=\"&quot;_blank&quot;\" title=\"&quot;Vogelh\u00e4user\" rel=\"noopener\">Vogelh\u00e4user und Nistk\u00e4sten<\/a>! Wir alle unterst\u00fctzen unsere&nbsp;gefiederten Besucher tatkr\u00e4ftig, versorgen sie im&nbsp;Winter mit Futter und geben ihnen im Fr\u00fchjahr ein Pl\u00e4tzchen zur Aufzucht ihres Nachwuchses.&nbsp;<\/p><\/p>\n","protected":false},"excerpt":{"rendered":"<p><UL><LI>Nistkasten aus Holz mit Aufh\u00e4ngevorrichtung<\/LI><LI>Schr\u00e4ges, \u00fcberstehendes Dach zum\u00a0Schutz des Einfluglochs<\/LI><LI>Ideal f\u00fcr Kleiber, Kohlmeise und Gartenrotschwanz<\/LI><LI>Einfache Reinigung durch aufklappbare Frontplatte<\/LI><\/UL><\/p>\n","protected":false},"featured_media":1286,"comment_status":"closed","ping_status":"closed","template":"","meta":[],"product_cat":[955,959],"product_tag":[],"wcpa_form_fields":null,"tiered_pricing_type":"fixed","tiered_pricing_fixed_rules":[],"_links":{"self":[{"href":"https:\/\/www.gardiso.eu\/de\/wp-json\/wp\/v2\/product\/2707"}],"collection":[{"href":"https:\/\/www.gardiso.eu\/de\/wp-json\/wp\/v2\/product"}],"about":[{"href":"https:\/\/www.gardiso.eu\/de\/wp-json\/wp\/v2\/types\/product"}],"replies":[{"embeddable":true,"href":"https:\/\/www.gardiso.eu\/de\/wp-json\/wp\/v2\/comments?post=2707"}],"wp:featuredmedia":[{"embeddable":true,"href":"https:\/\/www.gardiso.eu\/de\/wp-json\/wp\/v2\/media\/1286"}],"wp:attachment":[{"href":"https:\/\/www.gardiso.eu\/de\/wp-json\/wp\/v2\/media?parent=2707"}],"wp:term":[{"taxonomy":"product_cat","embeddable":true,"href":"https:\/\/www.gardiso.eu\/de\/wp-json\/wp\/v2\/product_cat?post=2707"},{"taxonomy":"product_tag","embeddable":true,"href":"https:\/\/www.gardiso.eu\/de\/wp-json\/wp\/v2\/product_tag?post=2707"}],"curies":[{"name":"wp","href":"https:\/\/api.w.org\/{rel}","templated":true}]}}