{"id":2705,"date":"2022-08-04T17:44:08","date_gmt":"2022-08-04T15:44:08","guid":{"rendered":"https:\/\/gardiso.insektenschutz365.eu\/p\/vogel-nistkasten-fuer-meisen-wendehals\/"},"modified":"2025-12-30T15:11:32","modified_gmt":"2025-12-30T14:11:32","slug":"vogel-nistkasten-fuer-meisen-wendehals","status":"publish","type":"product","link":"https:\/\/www.gardiso.eu\/de\/p\/vogel-nistkasten-fuer-meisen-wendehals\/","title":{"rendered":"Vogel-Nistkasten f\u00fcr Meisen &amp; Wendehals"},"content":{"rendered":"<h4><strong>Sicherer Nistplatz f\u00fcr kleine Meisen<\/strong><\/h4>\n<p>In dieser Nisth\u00f6hle\u00a0finden kleine V\u00f6gel wie <strong>Meisen und Wendeh\u00e4lse<\/strong> Schutz vor Sturm und R\u00e4ubern. Hier k\u00f6nnen sie wunderbar ihren gefiederten Nachwuchs aufziehen. Der Nistkasten wird am besten an einem ruhigen Standort in der N\u00e4he von B\u00fcschen und B\u00e4umen angebracht; und in sicherer H\u00f6he vor Katzen, Marder und Eichh\u00f6rnchen.<strong>\u00a0<\/strong>Es gibt keine Sitzstangen und das Einflugloch wird durch ein \u00fcberstehendes Dach zus\u00e4tzlich vor Nestr\u00e4ubern gesch\u00fctzt.<\/p>\n<p>&nbsp;<\/p>\n<p><strong>Eckdaten<\/strong><\/p>\n<ul>\n<li>Ma\u00dfe: 17x24x17 cm (BxHxT)<\/li>\n<li>Einflugloch: \u00d8 28 mm<\/li>\n<li>Material: gehobeltes und impr\u00e4gniertes Massivholz<\/li>\n<\/ul>\n<p>&nbsp;<\/p>\n<p><strong>Diese V\u00f6gel freuen sich \u00fcber einen ruhigen Brutplatz&#8230;<\/strong><\/p>\n<ul>\n<li>Wendehals<\/li>\n<li>Meisen wie Tannenmeise,\u00a0Sumpfmeise, Haubenmeise\u00a0und Blaumeise<\/li>\n<\/ul>\n<p>&nbsp;<\/p>\n<p><strong>Anbringung im Herbst<\/strong><br \/>\nHerbst ist der ideale Zeitpunkt zum Aufh\u00e4ngen der Nisthilfe, denn manche Vogelarten nutzen den Platz als Quartier und zum Schlafen &#8211; vor der Brutsaison.<\/p>\n<p>&nbsp;<\/p>\n<p><strong>Reinigung im Sp\u00e4tsommer oder Fr\u00fchjahr<\/strong><br \/>\nDie Frontplatte kann abgenommen und der Nistkasten ges\u00e4ubert werden. Einfaches auskehren gen\u00fcgt meistens. Bei starker Verschmutzung mit hei\u00dfem Wasser reinigen und gut trocknen lassen. N\u00e4heres\u00a0k\u00f6nnen Sie in unseren <a title=\"&quot;Fragen\" href=\"\/\/www.gardiso.eu\/at\/service-infos\/faq&quot;\" target=\"&quot;_blank&quot;\" rel=\"noopener\">N\u00fctzlinge-FAQ<\/a> nachlesen.<\/p>\n<p>Unsere heimischen gefiederten Besucher\u00a0freuen sich auch im Winter \u00fcber Unterst\u00fctzung, vor allem in Form von Futterspenden in einem <a title=\"&quot;Vogelh\u00e4user\" href=\"\/\/www.gardiso.eu\/at\/shop\/Nuetzlinge\/Voegel-c62101&quot;\" target=\"&quot;_blank&quot;\" rel=\"noopener\">Vogelfuttersilo<\/a>.<\/p>\n<p>&nbsp;<\/p>\n<h4>Bastelprojekt im Mini-Format<\/h4>\n<p>Wussten Sie, dass es f\u00fcr KINDER ganz tolle Selbermacher-Baus\u00e4tze f\u00fcr ein\u00a0<a title=\"&quot;Vogelfutterhaus-Bausatz\" href=\"\/\/www.gardiso.eu\/at\/shop\/Nuetzlinge\/Voegel\/vogelfutterhaus-bausatz-inkl.-farben-pinsel-fuer-kinder-p54895?listName=shop&quot;\" target=\"&quot;_blank&quot;\" rel=\"noopener\">kleines Vogelhaus<\/a>\u00a0und einen\u00a0<a title=\"&quot;Vogel-Nistkasten\" href=\"\/\/www.gardiso.eu\/at\/shop\/Nuetzlinge\/Voegel\/vogel-nistkasten-bausatz-inkl.-farben-pinsel-fuer-kinder-p54894?listName=shop&quot;\" target=\"&quot;_blank&quot;\" rel=\"noopener\">Vogel-Nistkasten<\/a>\u00a0gibt?<\/p>\n","protected":false},"excerpt":{"rendered":"<ul>\n<li>Nistkasten aus Holz mit Aufh\u00e4nge\u00f6se<\/li>\n<li>Ruhiger Brutplatz f\u00fcr Meisen &amp; Wendehals<\/li>\n<li>Impr\u00e4gnierte Oberfl\u00e4che zum Schutz vor Witterungseinfl\u00fcssen<\/li>\n<li>Einfache Reinigung durch abnehmbare Frontplatte<\/li>\n<\/ul>\n","protected":false},"featured_media":1284,"comment_status":"closed","ping_status":"closed","template":"","meta":[],"product_cat":[955,959],"product_tag":[],"wcpa_form_fields":null,"tiered_pricing_type":"fixed","tiered_pricing_fixed_rules":[],"_links":{"self":[{"href":"https:\/\/www.gardiso.eu\/de\/wp-json\/wp\/v2\/product\/2705"}],"collection":[{"href":"https:\/\/www.gardiso.eu\/de\/wp-json\/wp\/v2\/product"}],"about":[{"href":"https:\/\/www.gardiso.eu\/de\/wp-json\/wp\/v2\/types\/product"}],"replies":[{"embeddable":true,"href":"https:\/\/www.gardiso.eu\/de\/wp-json\/wp\/v2\/comments?post=2705"}],"wp:featuredmedia":[{"embeddable":true,"href":"https:\/\/www.gardiso.eu\/de\/wp-json\/wp\/v2\/media\/1284"}],"wp:attachment":[{"href":"https:\/\/www.gardiso.eu\/de\/wp-json\/wp\/v2\/media?parent=2705"}],"wp:term":[{"taxonomy":"product_cat","embeddable":true,"href":"https:\/\/www.gardiso.eu\/de\/wp-json\/wp\/v2\/product_cat?post=2705"},{"taxonomy":"product_tag","embeddable":true,"href":"https:\/\/www.gardiso.eu\/de\/wp-json\/wp\/v2\/product_tag?post=2705"}],"curies":[{"name":"wp","href":"https:\/\/api.w.org\/{rel}","templated":true}]}}