{"id":2695,"date":"2022-08-04T17:44:08","date_gmt":"2022-08-04T15:44:08","guid":{"rendered":"https:\/\/gardiso.insektenschutz365.eu\/p\/unterbodengewebe-als-unkrautschutz\/"},"modified":"2025-12-30T11:39:44","modified_gmt":"2025-12-30T10:39:44","slug":"unterbodengewebe-als-unkrautschutz","status":"publish","type":"product","link":"https:\/\/www.gardiso.eu\/de\/p\/unterbodengewebe-als-unkrautschutz\/","title":{"rendered":"Unterbodengewebe als Unkrautschutz"},"content":{"rendered":"<p><h4>B\u00e4ndchengewebe zur Stabilisierung des Untergrunds<\/h4>\n<p><strong>Unkrautschutz und h\u00f6here Belastbarkeit in einem<\/strong><\/p>\n<p>Die&nbsp;robuste und wasserdurchl\u00e4ssige Unkrautfolie wird unter Gehwegen, Pflastersteinen,&nbsp;Kiesfl\u00e4chen, Terrassen &amp; Co verlegt. Es sorgt daf\u00fcr, dass sich die einzelnen Schichten &#8211; z.B. Schotter und Erde &#8211; nicht miteinander vermischen. Gleichzeitig wird der&nbsp;<strong>Untergrund stabilisiert<\/strong>&nbsp;und somit&nbsp;die Belastbarkeit der Fl\u00e4chen erh\u00f6ht. Das&nbsp;schwarze, lichtabsorbierende B\u00e4ndchen-Gewebe&nbsp;<strong>verhindert <\/strong>zudem dauerhaft das <strong>Wachstum&nbsp;von Unkraut<\/strong>.<br \/>\n\u2003<\/p>\n<p><strong>Eckdaten<\/strong><\/p>\n<ul>\n<li>Gr\u00f6\u00dfe: 10 x 2 m<\/li>\n<li>St\u00e4rke: 100 g\/m\u00b2<\/li>\n<li>Farbe: schwarz<\/li>\n<li>Material: Kunststoff-B\u00e4ndchengewebe<\/li>\n<\/ul>\n<p>&nbsp;<\/p>\n<p><strong>Lieferumfang<\/strong><\/p>\n<ul>\n<li>1 Unkrautfolie<\/li>\n<\/ul>\n<p><strong>Untergrund stabilisieren &amp; Unkrautwuchs vorbeugen&nbsp;<\/strong><br \/>\nGeotextilien sind besonders robust gegen\u00fcber \u00e4u\u00dferen Beanspruchungen und zeichnen sich durch Langlebigkeit aus. Sie dienen der Trennung von unterschiedlichen Bodenschichten und stabilisieren damit den Untergrund. Auf diese Weise wird die&nbsp;<strong>Lebensdauer und die Belastbarkeit<\/strong>&nbsp;der Fl\u00e4che&nbsp;<strong>erh\u00f6ht<\/strong>&nbsp;\u2013 und ganz nebenbei auch&nbsp;<strong>Unkrautwuchs verhindert<\/strong>.&nbsp;<\/p><\/p>\n","protected":false},"excerpt":{"rendered":"<p><UL><LI>Robustes Gewebe zur Stabilisierung des Bodens<\/LI><LI>Erh\u00f6ht die Belastbarkeit von Wegen und gr\u00f6\u00dferen Fl\u00e4chen<\/LI><LI>Unkrautwachstum wird verhindert<\/LI><LI>Wasserdurchl\u00e4ssig und lichtundurchl\u00e4ssig<\/LI><\/UL><\/p>\n","protected":false},"featured_media":1272,"comment_status":"closed","ping_status":"closed","template":"","meta":[],"product_cat":[934,937],"product_tag":[],"wcpa_form_fields":null,"tiered_pricing_type":"fixed","tiered_pricing_fixed_rules":[],"_links":{"self":[{"href":"https:\/\/www.gardiso.eu\/de\/wp-json\/wp\/v2\/product\/2695"}],"collection":[{"href":"https:\/\/www.gardiso.eu\/de\/wp-json\/wp\/v2\/product"}],"about":[{"href":"https:\/\/www.gardiso.eu\/de\/wp-json\/wp\/v2\/types\/product"}],"replies":[{"embeddable":true,"href":"https:\/\/www.gardiso.eu\/de\/wp-json\/wp\/v2\/comments?post=2695"}],"wp:featuredmedia":[{"embeddable":true,"href":"https:\/\/www.gardiso.eu\/de\/wp-json\/wp\/v2\/media\/1272"}],"wp:attachment":[{"href":"https:\/\/www.gardiso.eu\/de\/wp-json\/wp\/v2\/media?parent=2695"}],"wp:term":[{"taxonomy":"product_cat","embeddable":true,"href":"https:\/\/www.gardiso.eu\/de\/wp-json\/wp\/v2\/product_cat?post=2695"},{"taxonomy":"product_tag","embeddable":true,"href":"https:\/\/www.gardiso.eu\/de\/wp-json\/wp\/v2\/product_tag?post=2695"}],"curies":[{"name":"wp","href":"https:\/\/api.w.org\/{rel}","templated":true}]}}