{"id":2690,"date":"2022-08-04T17:43:58","date_gmt":"2022-08-04T15:43:58","guid":{"rendered":"https:\/\/gardiso.insektenschutz365.eu\/p\/balkon-sichtschutzmatte-2\/"},"modified":"2025-11-11T15:12:10","modified_gmt":"2025-11-11T14:12:10","slug":"balkon-sichtschutzmatte-2","status":"publish","type":"product","link":"https:\/\/www.gardiso.eu\/de\/p\/balkon-sichtschutzmatte-2\/","title":{"rendered":"Balkon Sichtschutzmatte"},"content":{"rendered":"<p><h4><strong>Praktischer Sichtschutz f\u00fcr s\u00fcdl\u00e4ndisches Flair am Balkon<\/strong><\/h4>\n<p>Die Balkonverkleidung in freundlichem Streifenmuster bringt Sommerstimmung in Ihr Zuhause. Sie macht den Balkon zu Ihrem Lieblingsplatz, gesch\u00fctzt vor fremden Blicken und Wind. Die Farben bleiben lange frisch und leuchtend und erfreuen Ihr Auge f\u00fcr viele Jahre. Die Bespannung aus <strong>rei\u00dffestem PE Gewebe<\/strong> mit verst\u00e4rktem Rand und <strong>Metall\u00f6sen<\/strong> bietet vollen Sichtschutz. Einfach und <strong>ohne bohren<\/strong> mit passenden Schn\u00fcren am Balkongitter zu befestigen. Genie\u00dfen Sie Ihr Fr\u00fchst\u00fcck ausgiebig &#8211; die Balkonblende schafft die n\u00f6tige Privatsph\u00e4re.<br \/>\n&nbsp;<\/p>\n<p><strong>Fakten zum&nbsp;Produkt<\/strong><\/p>\n<ul>\n<li>Ma\u00dfe: 5 x 0,9 m<\/li>\n<li>St\u00e4rke: 210 g\/m\u00b2<\/li>\n<li>Farbe: zweifarbig gestreift<\/li>\n<\/ul>\n<p>&nbsp;<\/p>\n<p><strong>Lieferumfang<\/strong><\/p>\n<ul>\n<li>1 Balkonblende<\/li>\n<li>12 m Befestigungsschnur, wei\u00df<\/li>\n<\/ul>\n<p>&nbsp;<\/p>\n<p><strong>Wartung und Reinigung<\/strong><br \/>\nDie Reinigung ist einfach: Balkonblende mit Seifenlauge reinigen und\/oder mit Wasser abspritzen.<\/p>\n<p>&nbsp;<\/p>\n<p>Tipps zur Befestigung von <a data-tabindex-counter=\"&quot;1&quot;\" data-tabindex-value=\"&quot;none&quot;\" href=\"&quot;\/at\/shop\/sichtschutz-c62092&quot;\" tabindex=\"&quot;-1&quot;\" target=\"&quot;_blank&quot;\" title=\"&quot;Sichtschutzmatten\" Balkon rel=\"noopener\">Sichtschutzmatten<\/a> haben wir in unseren <a data-tabindex-counter=\"&quot;1&quot;\" data-tabindex-value=\"&quot;none&quot;\" href=\"&quot;\/at\/service-infos\/faq&quot;\" tabindex=\"&quot;-1&quot;\" target=\"&quot;_blank&quot;\" title=\"&quot;Fragen\" Antworten rund um rel=\"noopener\">Sichtschutz&nbsp;FAQ<\/a> f\u00fcr Sie zusammengestellt.<\/p><\/p>\n","protected":false},"excerpt":{"rendered":"<p><UL><LI>Zweifarbiger Sicht- und Windschutz f\u00fcr den Balkon<\/LI><LI>100% Blickdichte<\/LI><LI>PE-Gewebe, verst\u00e4rkter Saum und Metall\u00f6sen<\/LI><LI>Einfache Montage mit Schn\u00fcren<\/LI><\/UL><\/p>\n","protected":false},"featured_media":383,"comment_status":"closed","ping_status":"open","template":"","meta":[],"product_cat":[947,946],"product_tag":[],"wcpa_form_fields":null,"tiered_pricing_type":"fixed","tiered_pricing_fixed_rules":[],"_links":{"self":[{"href":"https:\/\/www.gardiso.eu\/de\/wp-json\/wp\/v2\/product\/2690"}],"collection":[{"href":"https:\/\/www.gardiso.eu\/de\/wp-json\/wp\/v2\/product"}],"about":[{"href":"https:\/\/www.gardiso.eu\/de\/wp-json\/wp\/v2\/types\/product"}],"replies":[{"embeddable":true,"href":"https:\/\/www.gardiso.eu\/de\/wp-json\/wp\/v2\/comments?post=2690"}],"wp:featuredmedia":[{"embeddable":true,"href":"https:\/\/www.gardiso.eu\/de\/wp-json\/wp\/v2\/media\/383"}],"wp:attachment":[{"href":"https:\/\/www.gardiso.eu\/de\/wp-json\/wp\/v2\/media?parent=2690"}],"wp:term":[{"taxonomy":"product_cat","embeddable":true,"href":"https:\/\/www.gardiso.eu\/de\/wp-json\/wp\/v2\/product_cat?post=2690"},{"taxonomy":"product_tag","embeddable":true,"href":"https:\/\/www.gardiso.eu\/de\/wp-json\/wp\/v2\/product_tag?post=2690"}],"curies":[{"name":"wp","href":"https:\/\/api.w.org\/{rel}","templated":true}]}}