{"id":2686,"date":"2022-08-04T17:43:58","date_gmt":"2022-08-04T15:43:58","guid":{"rendered":"https:\/\/gardiso.insektenschutz365.eu\/p\/balkon-sichtschutzmatte\/"},"modified":"2025-12-16T15:12:09","modified_gmt":"2025-12-16T14:12:09","slug":"balkon-sichtschutzmatte","status":"publish","type":"product","link":"https:\/\/www.gardiso.eu\/de\/p\/balkon-sichtschutzmatte\/","title":{"rendered":"Balkon Sichtschutzmatte"},"content":{"rendered":"<h2>Zuverl\u00e4ssiger Sicht- und Windschutz f\u00fcr den Balkon<\/h2>\n<p>Sommer, Sonne, Meer &#8211; die Balkonverkleidung in kr\u00e4ftigen Farben sorgt f\u00fcr Urlaubsstimmung in Ihrem Zuhause.<\/p>\n<p>Das <strong>rei\u00dffeste HDPE Gewebe<\/strong> h\u00e4lt Witterungseinfl\u00fcssen stand und bietet optimalen Sicht- und Windschutz. Der obere und untere Rand ist verst\u00e4rkt und mit Knopfl\u00f6chern ges\u00e4umt. Zus\u00e4tzliche Metall\u00f6sen an den Seiten gew\u00e4hrleisten eine sichere Anbringung. Die Befestigung am <strong>Balkon oder Gel\u00e4nder von Terrassen<\/strong> geht einfach und ohne bohren mit passenden Schn\u00fcren. Mit diesem\u00a0langlebigen <a tabindex=\"&quot;-1&quot;\" href=\"https:\/\/www.gardiso.eu\/de\/c\/sichtschutz\/\" data-tabindex-counter=\"&quot;1&quot;\" data-tabindex-value=\"&quot;none&quot;\">Sichtschutz<\/a>\u00a0schaffen Sie sich Ihren privaten R\u00fcckzugsort &#8211; Ruhe und Erholung inklusive.<br \/>\n<strong>Fakten zur Balkonblende<\/strong><\/p>\n<ul>\n<li>Ma\u00dfe (LxH): 5 x 0,9 m \/ 3 x 0,9 m<\/li>\n<li>St\u00e4rke: 150 g\/m\u00b2<\/li>\n<li>Farben: wei\u00df, hellgrau, terrakotta\u00a0oder\u00a0gestreift<\/li>\n<\/ul>\n<p><strong>Lieferumfang<\/strong><\/p>\n<ul>\n<li>1 Balkonblende 5&#215;0,9m \/ 3 x 0,9 m<\/li>\n<li>12 m Befestigungsschnur, wei\u00df<\/li>\n<\/ul>\n<p><strong>Wartung und Reinigung<\/strong><br \/>\nDie Reinigung ist einfach und unkompliziert: Blende mit Seifenlauge reinigen und\/oder Wasser abspritzen.<\/p>\n","protected":false},"excerpt":{"rendered":"<ul>\n<li>Sicht- und Windschutzmatte f\u00fcr den Balkon<\/li>\n<li>HDPE-Gewebe aus recyceltem Kunststoff<\/li>\n<li>Verst\u00e4rkter Saum mit Metall\u00f6sen<\/li>\n<li>Einfache Montage mit Schn\u00fcren<\/li>\n<li>90% Blickdichte<\/li>\n<\/ul>\n<p>&nbsp;<\/p>\n","protected":false},"featured_media":8771,"comment_status":"closed","ping_status":"closed","template":"","meta":[],"product_cat":[947,946],"product_tag":[],"wcpa_form_fields":null,"tiered_pricing_type":"fixed","tiered_pricing_fixed_rules":[],"_links":{"self":[{"href":"https:\/\/www.gardiso.eu\/de\/wp-json\/wp\/v2\/product\/2686"}],"collection":[{"href":"https:\/\/www.gardiso.eu\/de\/wp-json\/wp\/v2\/product"}],"about":[{"href":"https:\/\/www.gardiso.eu\/de\/wp-json\/wp\/v2\/types\/product"}],"replies":[{"embeddable":true,"href":"https:\/\/www.gardiso.eu\/de\/wp-json\/wp\/v2\/comments?post=2686"}],"wp:featuredmedia":[{"embeddable":true,"href":"https:\/\/www.gardiso.eu\/de\/wp-json\/wp\/v2\/media\/8771"}],"wp:attachment":[{"href":"https:\/\/www.gardiso.eu\/de\/wp-json\/wp\/v2\/media?parent=2686"}],"wp:term":[{"taxonomy":"product_cat","embeddable":true,"href":"https:\/\/www.gardiso.eu\/de\/wp-json\/wp\/v2\/product_cat?post=2686"},{"taxonomy":"product_tag","embeddable":true,"href":"https:\/\/www.gardiso.eu\/de\/wp-json\/wp\/v2\/product_tag?post=2686"}],"curies":[{"name":"wp","href":"https:\/\/api.w.org\/{rel}","templated":true}]}}