{"id":2679,"date":"2022-08-04T17:43:58","date_gmt":"2022-08-04T15:43:58","guid":{"rendered":"https:\/\/gardiso.insektenschutz365.eu\/p\/beeteinfassung-aus-weide-gerundet\/"},"modified":"2026-05-10T15:39:40","modified_gmt":"2026-05-10T13:39:40","slug":"beeteinfassung-aus-weide-gerundet","status":"publish","type":"product","link":"https:\/\/www.gardiso.eu\/de\/p\/beeteinfassung-aus-weide-gerundet\/","title":{"rendered":"Beeteinfassung aus Weide gerundet"},"content":{"rendered":"<h4>Flexible&nbsp;Beeteinfassung aus Weide<\/h4>\n<p>Eine<strong>&nbsp;&quot;runde Sache&quot;&nbsp;<\/strong>verspricht es mit diesem Minizaun aus Weidenst\u00e4ben zu werden. Als Hingucker am Wegesrand oder als Abgrenzung von Blumen- und Gem\u00fcsebeete ist diese Einfassung optimal geeignet. Die zugespitzten F\u00fc\u00dfe erleichtern das Einstecken in die Erde.&nbsp;<\/p>\n<p>&nbsp;<\/p>\n<p><strong>Eckdaten<\/strong><\/p>\n<ul>\n<li>Gr\u00f6\u00dfe inkl. Steckf\u00fc\u00dfe:&nbsp;100 x 35&nbsp;cm<\/li>\n<li>Material: unbehandelte Weide<\/li>\n<li>Farbe: dunkelbraun<\/li>\n<\/ul>\n<p>&nbsp;<\/p>\n<p><strong>Lieferumfang<\/strong><\/p>\n<ul>\n<li>1 Weidenzaun<\/li>\n<\/ul>\n<p>&nbsp;<\/p>\n<p>\n<a href=\"\/\/www.gardiso.eu\/at\/shop\/Garten\/Gartendekoration-c62109&quot;\">Beeteinfassungen<\/a> aus nachwachsenden Materialien wie Weide, Bambus oder Haselnuss unterst\u00fctzten den Nachhaltigkeitscharakter im Garten. Wer es einen Hauch moderner m\u00f6chte, greift zu Mini-Z\u00e4unen aus dunkelgrauem <strong>Rattan<\/strong>.&nbsp;<\/p>\n","protected":false},"excerpt":{"rendered":"<p><UL><LI>Nat\u00fcrliche Beeteinfassung aus Weidenst\u00e4ben<\/LI><LI>Flexible Abgrenzung von runden Beeten<\/LI><LI>Weidenst\u00e4be sind mit beschichtetem Eisendraht verbunden<\/LI><LI>5 F\u00fc\u00dfe f\u00fcr leichtes Einstecken und stabilen Halt<\/LI><\/UL><\/p>\n","protected":false},"featured_media":1255,"comment_status":"closed","ping_status":"closed","template":"","meta":[],"product_cat":[929,928],"product_tag":[],"wcpa_form_fields":null,"tiered_pricing_type":"fixed","tiered_pricing_fixed_rules":[],"_links":{"self":[{"href":"https:\/\/www.gardiso.eu\/de\/wp-json\/wp\/v2\/product\/2679"}],"collection":[{"href":"https:\/\/www.gardiso.eu\/de\/wp-json\/wp\/v2\/product"}],"about":[{"href":"https:\/\/www.gardiso.eu\/de\/wp-json\/wp\/v2\/types\/product"}],"replies":[{"embeddable":true,"href":"https:\/\/www.gardiso.eu\/de\/wp-json\/wp\/v2\/comments?post=2679"}],"wp:featuredmedia":[{"embeddable":true,"href":"https:\/\/www.gardiso.eu\/de\/wp-json\/wp\/v2\/media\/1255"}],"wp:attachment":[{"href":"https:\/\/www.gardiso.eu\/de\/wp-json\/wp\/v2\/media?parent=2679"}],"wp:term":[{"taxonomy":"product_cat","embeddable":true,"href":"https:\/\/www.gardiso.eu\/de\/wp-json\/wp\/v2\/product_cat?post=2679"},{"taxonomy":"product_tag","embeddable":true,"href":"https:\/\/www.gardiso.eu\/de\/wp-json\/wp\/v2\/product_tag?post=2679"}],"curies":[{"name":"wp","href":"https:\/\/api.w.org\/{rel}","templated":true}]}}