{"id":2661,"date":"2022-08-04T17:43:34","date_gmt":"2022-08-04T15:43:34","guid":{"rendered":"https:\/\/gardiso.insektenschutz365.eu\/p\/kokosmatte-als-kaelteschutz\/"},"modified":"2025-12-30T11:39:18","modified_gmt":"2025-12-30T10:39:18","slug":"kokosmatte-als-kaelteschutz","status":"publish","type":"product","link":"https:\/\/www.gardiso.eu\/de\/p\/kokosmatte-als-kaelteschutz\/","title":{"rendered":"Kokosmatte als K\u00e4lteschutz 0,5 x 1,5 m"},"content":{"rendered":"<h2><strong>Kokosmatte aus Filz zum Schutz der Pflanzen vor Frostsch\u00e4den<\/strong><\/h2>\n<p>Ein idealer Helfer\u00a0zum sicheren \u00dcberwintern von k\u00e4lteempfindlichen Pflanzen. Hochwertiges Kokosfilz im Einsatz gegen hochgradige Minustemperaturen &#8211; beliebig zuschneidbar und lebensrettend f\u00fcr alle w\u00e4rmeliebenden Pflanzen.<\/p>\n<p>Dichter <strong>Kokosfilz<\/strong> ist ein nat\u00fcrliches <strong>Isolationsmaterial<\/strong> zum Umwickeln von T\u00f6pfen und K\u00fcbeln oder von Baumst\u00e4mmen bzw. -st\u00e4mmchen. F\u00fcr erh\u00f6hten <strong>Frostschutz<\/strong> wird die Kokosmatte am besten mehrlagig (ohne gro\u00dfe Luftfalten) um den K\u00fcbel oder das Pflanzgef\u00e4\u00df gewickelt, um die D\u00e4mmleistung zu erh\u00f6hen. So wird die Frostgefahr f\u00fcr das Wurzelwerk gemindert.<\/p>\n<p><strong>Winterschutz-Tipp:<\/strong> Gie\u00dfen Sie K\u00fcbelpflanzen auch im Winter, wenn es die Witterung zul\u00e4sst &#8211; m\u00e4\u00dfig, aber regelm\u00e4\u00dfig &#8211; und sorgen Sie f\u00fcr den reibungslosen Wasserablauf.<\/p>\n<h3><strong>Winterschutz leicht gemacht: Kokosmatte und Juteband\u00a0<\/strong><\/h3>\n<p>Dank ihrer praktischen Rolle l\u00e4sst sich die Kokosmatte m\u00fchelos und z\u00fcgig um den Pflanztopf wickeln. Mithilfe eines Bands, beispielsweise dem Jute-Wickelstreifen, kann die Filzmatte sicher fixiert werden. Die Kombination aus Kokosmatte und Juteband verleiht dem winterlichen Garten zudem eine dekorative Note. Um einen umfassenden Schutz zu gew\u00e4hrleisten, ist es ratsam, auch einen Topfschutz unter und \u00fcber dem bef\u00fcllten Pflanztopf anzubringen. Die Kokosmatte kann dabei problemlos auf die passende Gr\u00f6\u00dfe zugeschnitten oder durch eine vorgefertigte Mulchscheibe erg\u00e4nzt werden. Zus\u00e4tzlich wird empfohlen, die Bl\u00e4tter und Zweige der Pflanzen mit Wintervlies oder K\u00e4lteschutzfolie zu umh\u00fcllen. Erg\u00e4nzende Produkte f\u00fcr den Winterschutz finden Sie ebenfalls im Sortiment von Windhager.<\/p>\n<p><strong>Eckdaten<\/strong><\/p>\n<ul>\n<li>Gr\u00f6\u00dfe: 1,5 x 0,5 m<\/li>\n<li>St\u00e4rke: 1.000 g\/m\u00b2<\/li>\n<li>Farbe: natur\/braun<\/li>\n<\/ul>\n<p>&nbsp;<\/p>\n<p><strong>Lieferumfang<\/strong><\/p>\n<ul>\n<li>1 Kokosmatte<\/li>\n<\/ul>\n","protected":false},"excerpt":{"rendered":"<ul>\n<li>Kokosmatte aus 10 mm starkem, vernadeltem Kokosfilz<\/li>\n<li>Wirkungsvoller K\u00e4lteschutz<\/li>\n<li>Sch\u00fctzt Pflanzen vor Frostsch\u00e4den<\/li>\n<li>Auf die gew\u00fcnschte Gr\u00f6\u00dfe zuschneidbar<\/li>\n<li>Kokosfasern sind ein nachwachsender Rohstoff<\/li>\n<\/ul>\n","protected":false},"featured_media":1225,"comment_status":"closed","ping_status":"closed","template":"","meta":[],"product_cat":[924,935,934],"product_tag":[],"wcpa_form_fields":null,"tiered_pricing_type":"fixed","tiered_pricing_fixed_rules":{"2":"8.60","3":"7.60"},"_links":{"self":[{"href":"https:\/\/www.gardiso.eu\/de\/wp-json\/wp\/v2\/product\/2661"}],"collection":[{"href":"https:\/\/www.gardiso.eu\/de\/wp-json\/wp\/v2\/product"}],"about":[{"href":"https:\/\/www.gardiso.eu\/de\/wp-json\/wp\/v2\/types\/product"}],"replies":[{"embeddable":true,"href":"https:\/\/www.gardiso.eu\/de\/wp-json\/wp\/v2\/comments?post=2661"}],"wp:featuredmedia":[{"embeddable":true,"href":"https:\/\/www.gardiso.eu\/de\/wp-json\/wp\/v2\/media\/1225"}],"wp:attachment":[{"href":"https:\/\/www.gardiso.eu\/de\/wp-json\/wp\/v2\/media?parent=2661"}],"wp:term":[{"taxonomy":"product_cat","embeddable":true,"href":"https:\/\/www.gardiso.eu\/de\/wp-json\/wp\/v2\/product_cat?post=2661"},{"taxonomy":"product_tag","embeddable":true,"href":"https:\/\/www.gardiso.eu\/de\/wp-json\/wp\/v2\/product_tag?post=2661"}],"curies":[{"name":"wp","href":"https:\/\/api.w.org\/{rel}","templated":true}]}}