{"id":2659,"date":"2022-08-04T17:43:34","date_gmt":"2022-08-04T15:43:34","guid":{"rendered":"https:\/\/gardiso.insektenschutz365.eu\/p\/stuetzring-fuer-pflanzen-gruen-3-stueck\/"},"modified":"2025-12-30T11:38:38","modified_gmt":"2025-12-30T10:38:38","slug":"stuetzring-fuer-pflanzen-gruen-3-stueck","status":"publish","type":"product","link":"https:\/\/www.gardiso.eu\/de\/p\/stuetzring-fuer-pflanzen-gruen-3-stueck\/","title":{"rendered":"St\u00fctzring f\u00fcr Pflanzen gr\u00fcn, 3 St\u00fcck"},"content":{"rendered":"<p><h4>Mitwachsender St\u00fctzring f\u00fcr Pflanzen<\/h4>\n<p>Ihre Pflanzen sollen gerade nach oben wachsen und dabei dauerhaft gest\u00fctzt&nbsp;werden?&nbsp;<\/p>\n<p>Dann ist dieser Pflanzenring eine nat\u00fcrliche und unaufdringliche Hilfe. Er verleiht der Pflanze<strong> Stabilit\u00e4t<\/strong> und w\u00e4chst mit. Der Einsatz in <strong>Pflanzt\u00f6pfen oder im Freien<\/strong> ist gleich simpel: es wird ein Pflanzstab (Kunststoff, Holz, Bambus, etc.) eingesetzt und auf diesen der Pflanzenring draufgeschoben.&nbsp;<\/p>\n<p>\n<strong>Eckdaten<\/strong><\/p>\n<ul>\n<li>Ringgr\u00f6\u00dfe: 40 cm<\/li>\n<li>Farbe: gr\u00fcn<\/li>\n<\/ul>\n<p>&nbsp;<\/p>\n<p><strong>Lieferumfang<\/strong><\/p>\n<ul>\n<li>3 St\u00fcck Pflanzenringe<\/li>\n<\/ul>\n<p>&nbsp;<\/p><\/p>\n","protected":false},"excerpt":{"rendered":"<p><UL><LI>St\u00fctzring f\u00fcr einen geraden Pflanzenwuchs<\/LI><LI>Verleiht der Pflanze Stabilit\u00e4t<\/LI><LI>Einfach in der Anwendung<\/LI><LI>Einsetzbar im Innen- und Au\u00dfenbereich<\/LI><\/UL><\/p>\n","protected":false},"featured_media":1222,"comment_status":"closed","ping_status":"closed","template":"","meta":[],"product_cat":[928,933],"product_tag":[],"wcpa_form_fields":null,"tiered_pricing_type":"fixed","tiered_pricing_fixed_rules":[],"_links":{"self":[{"href":"https:\/\/www.gardiso.eu\/de\/wp-json\/wp\/v2\/product\/2659"}],"collection":[{"href":"https:\/\/www.gardiso.eu\/de\/wp-json\/wp\/v2\/product"}],"about":[{"href":"https:\/\/www.gardiso.eu\/de\/wp-json\/wp\/v2\/types\/product"}],"replies":[{"embeddable":true,"href":"https:\/\/www.gardiso.eu\/de\/wp-json\/wp\/v2\/comments?post=2659"}],"wp:featuredmedia":[{"embeddable":true,"href":"https:\/\/www.gardiso.eu\/de\/wp-json\/wp\/v2\/media\/1222"}],"wp:attachment":[{"href":"https:\/\/www.gardiso.eu\/de\/wp-json\/wp\/v2\/media?parent=2659"}],"wp:term":[{"taxonomy":"product_cat","embeddable":true,"href":"https:\/\/www.gardiso.eu\/de\/wp-json\/wp\/v2\/product_cat?post=2659"},{"taxonomy":"product_tag","embeddable":true,"href":"https:\/\/www.gardiso.eu\/de\/wp-json\/wp\/v2\/product_tag?post=2659"}],"curies":[{"name":"wp","href":"https:\/\/api.w.org\/{rel}","templated":true}]}}