{"id":2654,"date":"2022-08-04T17:43:34","date_gmt":"2022-08-04T15:43:34","guid":{"rendered":"https:\/\/gardiso.insektenschutz365.eu\/p\/vogelfutterhaus-aus-holz-mit-glasfenster-zum-haengen\/"},"modified":"2025-12-30T15:11:26","modified_gmt":"2025-12-30T14:11:26","slug":"vogelfutterhaus-aus-holz-mit-glasfenster-zum-haengen","status":"publish","type":"product","link":"https:\/\/www.gardiso.eu\/de\/p\/vogelfutterhaus-aus-holz-mit-glasfenster-zum-haengen\/","title":{"rendered":"Vogelfutterhaus aus Holz mit Glasfenster zum H\u00e4ngen"},"content":{"rendered":"<h4><strong>Kleine Vogelfutterstation aus Holz<\/strong><\/h4>\n<p>Das kleine Vogelfutterhaus aus gehobeltem Fichtenholz ist ein willkommener Essensplatz in der kalten Jahreszeit. Unsere gefiederten Freunde k\u00f6nnen auf den beiden <strong>Sitzstangen<\/strong> Platz nehmen und ausgiebig speisen.<\/p>\n<p>Leckeres Vogelfutter&nbsp;(wie fertige Mischungen, Sonnenblumenkerne, N\u00fcsse etc.)&nbsp;wird&nbsp;\u00fcber das <strong>abnehmbare Dach<\/strong> eingef\u00fcllt;&nbsp;dank des gro\u00dfen <strong>Glasfensters<\/strong> hat man den Futterstand immer im Blick und wei\u00df, wann es Zeit ist&nbsp;nachzuf\u00fcllen. Aufgeh\u00e4ngt wird das H\u00e4uschen am besten an einem Baum.&nbsp;<\/p>\n<p>&nbsp;<\/p>\n<p><strong>Eckdaten<\/strong><\/p>\n<ul>\n<li>Gr\u00f6\u00dfe: 22&nbsp;x 20&nbsp;x 19&nbsp;cm<\/li>\n<li>Material: Fichtenholz gehobelt und geflammt<\/li>\n<li>Befestigung: h\u00e4ngend<\/li>\n<li>Bef\u00fcllung: \u00fcber das abnehmbare Dach<\/li>\n<li>Fassungsverm\u00f6gen: 1,25 l<\/li>\n<\/ul>\n<p>&nbsp;<\/p>\n<p><strong>Lieferumfang<\/strong><\/p>\n<ul>\n<li>1 Vogelfuttersilo mit Aufh\u00e4ngeschnur<\/li>\n<\/ul>\n<p>&nbsp;<\/p>\n<h4>St\u00f6bern Sie gem\u00fctlich durch unser Sortiment!<\/h4>\n<p>Es gibt viele&nbsp;<a href=\"\/\/www.gardiso.eu\/at\/shop\/Nuetzlinge\/Voegel-c62101&quot;\" target=\"&quot;_blank&quot;\" title=\"&quot;Vogelh\u00e4user\" rel=\"noopener\">ansprechende&nbsp;Vogelh\u00e4user<\/a>&nbsp;aus Holz, Metall oder Kunststoff zu entdecken. Sch\u00f6ne&nbsp;<a data-tabindex-counter=\"&quot;1&quot;\" data-tabindex-value=\"&quot;none&quot;\" href=\"\/\/www.gardiso.eu\/at\/shop\/Nuetzlinge\/Voegel\/vogel-nistkasten-fuer-meisen-wendehals-p43588?listName=shop&quot;\" target=\"&quot;_blank&quot;\" title=\"&quot;Holz-Nistkasten\" rel=\"noopener\">Vogel-Nistk\u00e4sten&nbsp;aus Holz<\/a> dienen Meise, Wendehals oder Kleiber als sicherer Brutplatz im Fr\u00fchjahr.<\/p>\n<p>&nbsp;<\/p>\n<h4>Ganz wunderbar f\u00fcr Kinder:<\/h4>\n<p>Dank klugem Stecksystem entstehen&nbsp;im Handumdrehen&nbsp;und ohne bohren ein&nbsp;<a data-tabindex-counter=\"&quot;1&quot;\" data-tabindex-value=\"&quot;none&quot;\" href=\"\/\/www.gardiso.eu\/at\/shop\/nuetzlinge\/voegel\/vogel-nistkasten-bausatz-inkl.-farben-pinsel-fuer-kinder-p54894?listName=shop&quot;\" target=\"&quot;_blank&quot;\" title=\"&quot;Vogel-Nistkasten\" rel=\"noopener\">Vogel-Nistkasten<\/a>, ein&nbsp;<a data-tabindex-counter=\"&quot;1&quot;\" data-tabindex-value=\"&quot;none&quot;\" href=\"\/\/www.gardiso.eu\/at\/shop\/nuetzlinge\/voegel\/vogelfutterhaus-bausatz-inkl.-farben-pinsel-fuer-kinder-p54895?listName=shop&quot;\" target=\"&quot;_blank&quot;\" title=\"&quot;Vogelfutterhaus\" rel=\"noopener\">Vogelfutterh\u00e4uschen<\/a>&nbsp;oder ein&nbsp;<a data-tabindex-counter=\"&quot;1&quot;\" data-tabindex-value=\"&quot;none&quot;\" href=\"\/\/www.gardiso.eu\/at\/shop\/nuetzlinge\/insekten-bienen\/insektenhotel-pyramide--selbstbaukasten-fuer-kinder-p55014?listName=shop&quot;\" target=\"&quot;_blank&quot;\" title=\"&quot;Insektenhotel\" rel=\"noopener\">kleines Insektenhotel<\/a>. Sehr einfach zum Zusammenbauen und Gestalten nach Lust &amp; Laune!<\/p>\n<p>&nbsp;<\/p>\n","protected":false},"excerpt":{"rendered":"<p><UL><LI>Kleines Vogelhaus aus geflammtem Fichtenholz<\/LI><LI>Ein gro\u00dfes Glasfenster zur Sichtung des Futters<\/LI><LI>Einfache Bef\u00fcllung durch abnehmbares Dach m\u00f6glich<\/LI><LI>Praktische Aufh\u00e4ngeschnur f\u00fcr schnelle Montage<\/LI><LI>Made in EU<\/LI><\/UL><\/p>\n","protected":false},"featured_media":1210,"comment_status":"closed","ping_status":"closed","template":"","meta":[],"product_cat":[955,959],"product_tag":[],"wcpa_form_fields":null,"tiered_pricing_type":"fixed","tiered_pricing_fixed_rules":[],"_links":{"self":[{"href":"https:\/\/www.gardiso.eu\/de\/wp-json\/wp\/v2\/product\/2654"}],"collection":[{"href":"https:\/\/www.gardiso.eu\/de\/wp-json\/wp\/v2\/product"}],"about":[{"href":"https:\/\/www.gardiso.eu\/de\/wp-json\/wp\/v2\/types\/product"}],"replies":[{"embeddable":true,"href":"https:\/\/www.gardiso.eu\/de\/wp-json\/wp\/v2\/comments?post=2654"}],"wp:featuredmedia":[{"embeddable":true,"href":"https:\/\/www.gardiso.eu\/de\/wp-json\/wp\/v2\/media\/1210"}],"wp:attachment":[{"href":"https:\/\/www.gardiso.eu\/de\/wp-json\/wp\/v2\/media?parent=2654"}],"wp:term":[{"taxonomy":"product_cat","embeddable":true,"href":"https:\/\/www.gardiso.eu\/de\/wp-json\/wp\/v2\/product_cat?post=2654"},{"taxonomy":"product_tag","embeddable":true,"href":"https:\/\/www.gardiso.eu\/de\/wp-json\/wp\/v2\/product_tag?post=2654"}],"curies":[{"name":"wp","href":"https:\/\/api.w.org\/{rel}","templated":true}]}}