{"id":2648,"date":"2022-08-04T17:43:25","date_gmt":"2022-08-04T15:43:25","guid":{"rendered":"https:\/\/gardiso.insektenschutz365.eu\/p\/wandoese-sonnensegel-an-der-wand-befestigen\/"},"modified":"2025-12-30T15:12:11","modified_gmt":"2025-12-30T14:12:11","slug":"wandoese-sonnensegel-an-der-wand-befestigen","status":"publish","type":"product","link":"https:\/\/www.gardiso.eu\/de\/p\/wandoese-sonnensegel-an-der-wand-befestigen\/","title":{"rendered":"Wand\u00f6se &#8211; Sonnensegel an der Wand befestigen"},"content":{"rendered":"<p><strong>Wandhalterung f\u00fcr die Befestigung von Sonnensegel<\/strong><\/p>\n<p>Sonnensegel sind ein moderner und zuverl\u00e4ssiger Sonnenschutz f\u00fcr Balkon &amp; Terrasse.&nbsp;Es stehen einem vielf\u00e4ltige Befestigungsm\u00f6glichkeiten zur Verf\u00fcgung, und&nbsp;f\u00fcr jede gibt es passendes <a data-tabindex-counter=\"&quot;1&quot;\" data-tabindex-value=\"&quot;none&quot;\" href=\"&quot;\/at\/shop\/sonnenschutz\/montagematerial-c62128&quot;\" target=\"&quot;_blank&quot;\" title=\"&quot;Stabiles\" rel=\"noopener\">Montagematerial &amp; Zubeh\u00f6r<\/a>.<br \/>\n&nbsp;<\/p>\n<p>Die <strong>Wand\u00f6se aus Edelstahl<\/strong> ist geeignet zur Montage an Hausw\u00e4nden, Balken oder Pfosten. Diese Wandhalterung hat 4 L\u00f6cher f\u00fcr das sichere, fixe Verschrauben an Mauerwerk oder Holz. Das Sonnensegel wird mit <a data-tabindex-counter=\"&quot;1&quot;\" data-tabindex-value=\"&quot;none&quot;\" href=\"&quot;\/at\/shop\/sonnenschutz\/d-schaekel--sonnensegel-mit-seil-oese-sicher-verbinden-p51669?listName=shop&quot;\" target=\"&quot;_blank&quot;\" title=\"&quot;D-Sch\u00e4kel\" rel=\"noopener\">D-Sch\u00e4kel<\/a>, <a data-tabindex-counter=\"&quot;1&quot;\" data-tabindex-value=\"&quot;none&quot;\" href=\"&quot;\/at\/shop\/sonnenschutz\/karabiner-aus-edelstahl--sonnensegel-sicher-befestigen-p51670?listName=shop&quot;\" target=\"&quot;_blank&quot;\" title=\"&quot;Karabiner\" rel=\"noopener\">Karabiner<\/a>, <a data-tabindex-counter=\"&quot;1&quot;\" data-tabindex-value=\"&quot;none&quot;\" href=\"&quot;\/at\/shop\/sonnenschutz\/gewindespanner--sonnensegel-sicher-verspannen-p51667?listName=shop&quot;\" target=\"&quot;_blank&quot;\" title=\"&quot;Spannanker\" rel=\"noopener\">Spannanker<\/a> oder passenden Seilen in die \u00d6se eingeh\u00e4ngt und damit sicher verankert.<\/p>\n<p>&nbsp;<\/p>\n<p><strong>Lieferumfang<\/strong><br \/>\n1 Wand\u00f6se<\/p>\n","protected":false},"excerpt":{"rendered":"<p><UL><LI>Wandhalterung aus Edelstahl<\/LI><LI>Befestigung von Sonnensegel an W\u00e4nden und Balken<\/LI><LI>4 L\u00f6cher zur Verschraubung und Fixierung<\/LI><\/UL><\/p>\n","protected":false},"featured_media":1201,"comment_status":"closed","ping_status":"open","template":"","meta":[],"product_cat":[951,954],"product_tag":[],"wcpa_form_fields":null,"tiered_pricing_type":"fixed","tiered_pricing_fixed_rules":[],"_links":{"self":[{"href":"https:\/\/www.gardiso.eu\/de\/wp-json\/wp\/v2\/product\/2648"}],"collection":[{"href":"https:\/\/www.gardiso.eu\/de\/wp-json\/wp\/v2\/product"}],"about":[{"href":"https:\/\/www.gardiso.eu\/de\/wp-json\/wp\/v2\/types\/product"}],"replies":[{"embeddable":true,"href":"https:\/\/www.gardiso.eu\/de\/wp-json\/wp\/v2\/comments?post=2648"}],"wp:featuredmedia":[{"embeddable":true,"href":"https:\/\/www.gardiso.eu\/de\/wp-json\/wp\/v2\/media\/1201"}],"wp:attachment":[{"href":"https:\/\/www.gardiso.eu\/de\/wp-json\/wp\/v2\/media?parent=2648"}],"wp:term":[{"taxonomy":"product_cat","embeddable":true,"href":"https:\/\/www.gardiso.eu\/de\/wp-json\/wp\/v2\/product_cat?post=2648"},{"taxonomy":"product_tag","embeddable":true,"href":"https:\/\/www.gardiso.eu\/de\/wp-json\/wp\/v2\/product_tag?post=2648"}],"curies":[{"name":"wp","href":"https:\/\/api.w.org\/{rel}","templated":true}]}}