{"id":2638,"date":"2022-08-04T17:43:25","date_gmt":"2022-08-04T15:43:25","guid":{"rendered":"https:\/\/gardiso.insektenschutz365.eu\/p\/montage-set-fuer-seilspannsegel-bis-5m\/"},"modified":"2025-07-30T11:38:48","modified_gmt":"2025-07-30T09:38:48","slug":"montage-set-fuer-seilspannsegel-bis-5m","status":"publish","type":"product","link":"https:\/\/www.gardiso.eu\/de\/p\/montage-set-fuer-seilspannsegel-bis-5m\/","title":{"rendered":"Montage-Set f\u00fcr Seilspannsegel bis 5m"},"content":{"rendered":"<p><h4><strong>Montage Set zur Befestigung von Sonnensegel f\u00fcr Seilspannmarkisen<\/strong><\/h4>\n<p>Mit diesem Sonnensegel Montage-Set liegen Sie goldrichtig, wenn Sie Ihre <strong>Pergola, Terrassen\u00fcberdachung, <\/strong>einen<strong> Winterg\u00e4rten <\/strong>oder gr\u00f6\u00dfere<strong> Glasfl\u00e4chen <\/strong>beschatten m\u00f6chten. Mehrere <a data-tabindex-counter=\"&quot;1&quot;\" data-tabindex-value=\"&quot;none&quot;\" href=\"&quot;\/at\/shop\/sonnenschutz\/seilspannmarkise-c62527&quot;\" target=\"&quot;_blank&quot;\" title=\"&quot;Moderne\" rel=\"noopener\">Seilspannsegel<\/a> bis zu 5 m Spannweite k\u00f6nnen befestigt und gespannt werden. Alle Montageelemente bestehen aus stabilen Materialen in moderner, dezenter Optik.<br \/>\n&nbsp;<\/p>\n<p><strong>Lieferumfang<\/strong><\/p>\n<ul>\n<li>4 Seilspanner aus Edelstahl<\/li>\n<li>10m Edelstahlseil<\/li>\n<li>Montagematerial (Winkel, Schrauben und D\u00fcbel)<\/li>\n<\/ul>\n<p>&nbsp;<\/p>\n<p>Einzelne Elemente des Sets&nbsp;wie Edelstahlseil oder Seilspanner k\u00f6nnen auch separat als <a data-tabindex-counter=\"&quot;1&quot;\" data-tabindex-value=\"&quot;none&quot;\" href=\"&quot;\/at\/shop\/sonnenschutz\/montagematerial-c62128&quot;\" target=\"&quot;_blank&quot;\" title=\"&quot;Montagematerial\" rel=\"noopener\">Sonnenschutz Zubeh\u00f6r<\/a> gekauft werden.&nbsp;<\/p>\n<p>&nbsp;<\/p><\/p>\n","protected":false},"excerpt":{"rendered":"<p><UL><LI>Montageset f\u00fcr die Befestigung von Seilspannsegel<\/LI><LI>Geeignet f\u00fcr mehrere Sonnensegel bis 5m Spannweite<\/LI><LI>Beschattung von Wintergarten, Pergola und Glasdach<\/LI><LI>Edelstahl-Materialien f\u00fcr Wand- und Deckenmontage<\/LI><\/UL><\/p>\n","protected":false},"featured_media":4561,"comment_status":"closed","ping_status":"closed","template":"","meta":[],"product_cat":[951,954],"product_tag":[],"wcpa_form_fields":null,"tiered_pricing_type":"fixed","tiered_pricing_fixed_rules":[],"_links":{"self":[{"href":"https:\/\/www.gardiso.eu\/de\/wp-json\/wp\/v2\/product\/2638"}],"collection":[{"href":"https:\/\/www.gardiso.eu\/de\/wp-json\/wp\/v2\/product"}],"about":[{"href":"https:\/\/www.gardiso.eu\/de\/wp-json\/wp\/v2\/types\/product"}],"replies":[{"embeddable":true,"href":"https:\/\/www.gardiso.eu\/de\/wp-json\/wp\/v2\/comments?post=2638"}],"wp:featuredmedia":[{"embeddable":true,"href":"https:\/\/www.gardiso.eu\/de\/wp-json\/wp\/v2\/media\/4561"}],"wp:attachment":[{"href":"https:\/\/www.gardiso.eu\/de\/wp-json\/wp\/v2\/media?parent=2638"}],"wp:term":[{"taxonomy":"product_cat","embeddable":true,"href":"https:\/\/www.gardiso.eu\/de\/wp-json\/wp\/v2\/product_cat?post=2638"},{"taxonomy":"product_tag","embeddable":true,"href":"https:\/\/www.gardiso.eu\/de\/wp-json\/wp\/v2\/product_tag?post=2638"}],"curies":[{"name":"wp","href":"https:\/\/api.w.org\/{rel}","templated":true}]}}