{"id":2636,"date":"2022-08-04T17:43:25","date_gmt":"2022-08-04T15:43:25","guid":{"rendered":"https:\/\/gardiso.insektenschutz365.eu\/p\/laufhaken-30-stueck-weiss-zubehoer-fuer-seilspannsegel\/"},"modified":"2026-04-04T09:38:48","modified_gmt":"2026-04-04T07:38:48","slug":"laufhaken-30-stueck-weiss-zubehoer-fuer-seilspannsegel","status":"publish","type":"product","link":"https:\/\/www.gardiso.eu\/de\/p\/laufhaken-30-stueck-weiss-zubehoer-fuer-seilspannsegel\/","title":{"rendered":"Laufhaken 30 St\u00fcck wei\u00df &#8211; Zubeh\u00f6r f\u00fcr Seilspannsegel"},"content":{"rendered":"<p><h4><strong>Laufhaken f&uuml;r die Befestigung von Sonnensegel f&uuml;r Seilspannmarkisen<\/strong><\/h4>\n<p>Die Seilspanntechnik ist ein sehr einfaches Prinzip, Sonnenlicht und Schatten individuell zu steuern. Das Sonnensegel wird dabei zwischen zwei Stahlseilen befestigt und gespannt. &nbsp;<br \/>\n&nbsp;<\/p>\n<p><strong>Laufhaken <\/strong>dienen der F&uuml;hrung des Sonnensegels in Stahlseilen, die an Balken von Wintergarten, Pergola oder Terrassen&uuml;berdachungen montiert sind. Die Haken bestehen aus hochwertigem Kunststoff mit einer Stahlschraube. Sie k&ouml;nnen gemeinsam mit dem Sonnensegel in der Waschmaschine gewaschen werden &#8211; man muss sie&nbsp;nicht extra abnehmen. Ein raffbares <a href=\"&quot;\/at\/shop\/sonnenschutz\/seilspannmarkise-c62527&quot;\" target=\"&quot;_blank&quot;\" title=\"&quot;Moderne\" rel=\"noopener\">Sonnensegel f&uuml;r Seilspannmarkisen<\/a> ist ein moderner Farbakzent in Ihrem Zuhause.<br \/>\n&nbsp;<\/p>\n<p><strong>Lieferumfang<\/strong><br \/>\n30 Laufhaken<br \/>\n&nbsp;<\/p>\n<p><strong>Unkomplizierte Anwendung<\/strong><br \/>\nDie Laufhaken alle 25 &ndash; 30 cm am Saum des Segeltuchs positionieren &#8211; Schraube eindrehen &#8211; ins Seil einh&auml;ngen.<\/p>\n<p><a href=\"&quot;\/at\/shop\/sonnenschutz\/laufhaken-stopper-6-stueck-zubehoer-fuer-seilspannsegel-p51753?listName=shop&quot;\" target=\"&quot;_blank&quot;\" title=\"&quot;Stopper\" rel=\"noopener\">Laufhaken-Stopper<\/a> verhindern ein ungewolltes Verrutschen des Segels &ndash; es bleibt in der gew&uuml;nschten Position.<\/p>\n<p>&nbsp;<\/p>\n<p>F&uuml;r Sie zusammengestellt: <a href=\"&quot;\/at\/service-infos\/faq&quot;\" target=\"&quot;_blank&quot;\" title=\"&quot;Fragen\" rel=\"noopener\">Fragen &amp; Antworten<\/a> zu&nbsp;Montage und Pflege von Sonnensegel.<\/p><\/p>\n","protected":false},"excerpt":{"rendered":"<p><UL><LI>30 wei\u00dfe Laufhaken f\u00fcr Seilspannmarkisen<\/LI><LI>Zur Befestigung des Sonnensegels am Stahlseil<\/LI><LI>Geeignet f\u00fcr Stahlseile bis 2,5 mm St\u00e4rke<\/LI><LI>Waschbar gemeinsam mit dem Sonnensegel<\/LI><\/UL><\/p>\n","protected":false},"featured_media":1187,"comment_status":"closed","ping_status":"open","template":"","meta":[],"product_cat":[951,954],"product_tag":[],"wcpa_form_fields":null,"tiered_pricing_type":"fixed","tiered_pricing_fixed_rules":[],"_links":{"self":[{"href":"https:\/\/www.gardiso.eu\/de\/wp-json\/wp\/v2\/product\/2636"}],"collection":[{"href":"https:\/\/www.gardiso.eu\/de\/wp-json\/wp\/v2\/product"}],"about":[{"href":"https:\/\/www.gardiso.eu\/de\/wp-json\/wp\/v2\/types\/product"}],"replies":[{"embeddable":true,"href":"https:\/\/www.gardiso.eu\/de\/wp-json\/wp\/v2\/comments?post=2636"}],"wp:featuredmedia":[{"embeddable":true,"href":"https:\/\/www.gardiso.eu\/de\/wp-json\/wp\/v2\/media\/1187"}],"wp:attachment":[{"href":"https:\/\/www.gardiso.eu\/de\/wp-json\/wp\/v2\/media?parent=2636"}],"wp:term":[{"taxonomy":"product_cat","embeddable":true,"href":"https:\/\/www.gardiso.eu\/de\/wp-json\/wp\/v2\/product_cat?post=2636"},{"taxonomy":"product_tag","embeddable":true,"href":"https:\/\/www.gardiso.eu\/de\/wp-json\/wp\/v2\/product_tag?post=2636"}],"curies":[{"name":"wp","href":"https:\/\/api.w.org\/{rel}","templated":true}]}}