{"id":9486,"date":"2023-07-20T15:26:23","date_gmt":"2023-07-20T13:26:23","guid":{"rendered":"https:\/\/www.gardiso.eu\/p\/sonnensegelmast-premium\/"},"modified":"2025-12-17T06:38:39","modified_gmt":"2025-12-17T05:38:39","slug":"sonnensegelmast-premium","status":"publish","type":"product","link":"https:\/\/www.gardiso.eu\/at\/p\/sonnensegelmast-premium\/","title":{"rendered":"Sonnensegelmast Premium"},"content":{"rendered":"<h3><strong>&#8222;Der h\u00f6henverstellbare Sonnensegelmast &#8222;Premium&#8220;:<\/strong><\/h3>\n<p>Der Sonnensegelmast mit <strong>H\u00f6henverstellung<\/strong> und <strong>Bodenh\u00fclse<\/strong> ist f\u00fcr Sie die ideale Vorrichtung, um Ihr Sonnensegel perfekt und in der gew\u00fcnschten H\u00f6he zu spannen. Durch seine <strong>hochwertige<\/strong> <strong>Verarbeitung<\/strong>, die praktischen Funktionen und die einfache Handhabung ist der Mast optimal f\u00fcr die <strong>fachgerechte Befestigung<\/strong> Ihres Sonnenschutzes im privaten oder auch gewerblichen Bereich. Auch gr\u00f6\u00dfere Segel lassen sich mit dem h\u00f6henverstellbaren Mast schnell und <strong>einfach<\/strong> <strong>spannen<\/strong> und bei Bedarf <strong>individuell verstellen.<\/strong><\/p>\n<p>Unser\u00a0<b>Sonnensegel-Mast mit H\u00f6henverstellung<\/b>\u00a0ist als Komplettset zu verstehen und enth\u00e4lt alles, um f\u00fcr eine zuverl\u00e4ssige Befestigung Ihres Sonnensegels zu sorgen. Doch dieses Gesamtpaket ist nicht nur umfangreich, es l\u00e4sst sich auch kinderleicht bedienen. Die H\u00f6henverstellung ist\u00a0<b>leichtg\u00e4ngig und einfach zu handhaben<\/b>, auch, wenn es bei aufziehendem Sturm einmal schnell gehen muss. Das Sonnensegel wird mit wenigen Griffen und mittels Seilzug an der Gleitschiene befestigt. Diese l\u00e4sst sich einfach und stufenlos nach oben und unten verschieben und erm\u00f6glicht so die\u00a0<b>gew\u00fcnschte Neigung Ihres Sonnenschutzes<\/b>.<\/p>\n<p>Mit unserem <b>h\u00f6henverstellbaren Sonnensegel-Mast<\/b>\u00a0wandert Ihr Sonnensegel mit dem Sonnenlauf einfach mit! Freuen Sie sich auf die moderne, aufger\u00e4umte Optik unseres Edelstahl-Masts, der in jede Gartengestaltung passt und einen trendigen Akzent setzt. Jetzt angenehmen Schatten und UV-Schutz genie\u00dfen \u2013 den ganzen Sommer lang!<\/p>\n<p>&nbsp;<\/p>\n<p><strong>H\u00f6he:<\/strong> 242,5 cm<\/p>\n<p><strong>Durchmesser:<\/strong> 6 cm<\/p>\n<p><strong>Farbe: <\/strong>silber<\/p>\n<p><strong>Material: <\/strong>Aluminium<\/p>\n<p><strong>Anwendungsbereiche: <\/strong>Terrasse | Garten<\/p>\n<p>&nbsp;<\/p>\n","protected":false},"excerpt":{"rendered":"<ul class=\"a-unordered-list a-vertical a-spacing-mini\">\n<li class=\"a-spacing-mini\"><span class=\"a-list-item\">Mast zur Befestigung eines Sonnensegels (Masth\u00f6he max. 242,5 cm)<\/span><\/li>\n<li class=\"a-spacing-mini\"><span class=\"a-list-item\">125 cm in der H\u00f6he punktgenau &amp; kleinstufig verstellbar<\/span><\/li>\n<li class=\"a-spacing-mini\"><span class=\"a-list-item\">leichtg\u00e4ngig und funktional, aus rostfreiem Aluminium<\/span><\/li>\n<li class=\"a-spacing-mini\"><span class=\"a-list-item\">Segelbefestigung am Gleitschlitten, separat erh\u00e4ltlich: Bodenh\u00fclse (zum Einbetonieren) oder Terrassenhalterung<\/span><\/li>\n<li class=\"a-spacing-mini\"><span class=\"a-list-item\">f\u00fcr mehr Sicherheit bei Wind &amp; Wetter<\/span><\/li>\n<\/ul>\n","protected":false},"featured_media":8807,"comment_status":"closed","ping_status":"closed","template":"","meta":[],"product_cat":[1204,1247],"product_tag":[],"wcpa_form_fields":null,"tiered_pricing_type":"fixed","tiered_pricing_fixed_rules":[],"_links":{"self":[{"href":"https:\/\/www.gardiso.eu\/at\/wp-json\/wp\/v2\/product\/9486"}],"collection":[{"href":"https:\/\/www.gardiso.eu\/at\/wp-json\/wp\/v2\/product"}],"about":[{"href":"https:\/\/www.gardiso.eu\/at\/wp-json\/wp\/v2\/types\/product"}],"replies":[{"embeddable":true,"href":"https:\/\/www.gardiso.eu\/at\/wp-json\/wp\/v2\/comments?post=9486"}],"wp:featuredmedia":[{"embeddable":true,"href":"https:\/\/www.gardiso.eu\/at\/wp-json\/wp\/v2\/media\/8807"}],"wp:attachment":[{"href":"https:\/\/www.gardiso.eu\/at\/wp-json\/wp\/v2\/media?parent=9486"}],"wp:term":[{"taxonomy":"product_cat","embeddable":true,"href":"https:\/\/www.gardiso.eu\/at\/wp-json\/wp\/v2\/product_cat?post=9486"},{"taxonomy":"product_tag","embeddable":true,"href":"https:\/\/www.gardiso.eu\/at\/wp-json\/wp\/v2\/product_tag?post=9486"}],"curies":[{"name":"wp","href":"https:\/\/api.w.org\/{rel}","templated":true}]}}