{"id":9485,"date":"2023-07-21T09:19:59","date_gmt":"2023-07-21T07:19:59","guid":{"rendered":"https:\/\/www.gardiso.eu\/p\/erntenetz-fuer-obst-und-nuesse-praktischer-hel\/"},"modified":"2025-12-30T06:39:10","modified_gmt":"2025-12-30T05:39:10","slug":"erntenetz-fuer-obst-und-nuesse-praktischer-hel","status":"publish","type":"product","link":"https:\/\/www.gardiso.eu\/at\/p\/erntenetz-fuer-obst-und-nuesse-praktischer-hel\/","title":{"rendered":"Erntenetz f\u00fcr Obst und N\u00fcsse, 4 x 4 m"},"content":{"rendered":"<h3><strong>Lieber knackige \u00c4pfel als matschiges Fallobst dank Erntenetz.<\/strong><\/h3>\n<p><strong>Schutz und Hilfe in einem.<\/strong> Das Erntenetz egal ob f\u00fcr Obst oder N\u00fcsse ist ideal zum Auffangen geeignet und reduziert Ernteausf\u00e4lle aufgrund F\u00e4ulnisbildung. Das <strong>feinmaschige<\/strong> Netz sorgt f\u00fcr ausreichend Zirkulation der Luft. Mit dem Netz k\u00f6nnen \u00e4u\u00dferst bequem unterschiedliche <strong>Obst- und Nusssorten<\/strong> gesammelt werden. Nach der Ernte kann dies komfortabel zusammengef\u00fchrt werden. Der \u00d6ffnungsschlitz mit <strong>Klettband<\/strong> reicht bis \u00fcber die Mitte, erm\u00f6glicht einfaches und komfortables positionieren um den Baumstamm herum. Das Netz kann sich zus\u00e4tzlich durch seinen verst\u00e4rkten Rand und hohen <strong>Rei\u00dffestigkeit<\/strong> hervorheben.<\/p>\n<p><strong>Erholung f\u00fcr Ihren geplagten R\u00fccken.<\/strong> Die Erntezeit z\u00e4hlt zu der k\u00f6rperlich anstrengendsten Zeit des Jahres mit dem Erntenetz entlasten Sie Ihren R\u00fccken. Ersparen Sie sich die zus\u00e4tzliche Zeit die gesammelten Fr\u00fcchte und N\u00fcsse m\u00fchselig einzeln aufzusammeln. Das Erntenetz ist aus einem sehr robusten, langlebigen und witterungsbest\u00e4ndigen PE-Gewebe gefertigt.<\/p>\n<p>Das Material ist nat\u00fcrlich zu 100% <strong>ungiftig<\/strong>, auch der Kontakt mit Schleimh\u00e4uten (Mund, Augen) ist v\u00f6llig ungef\u00e4hrlich. Unsere Sicherheitsnetze sind durch <strong>Witterungsbest\u00e4ndigkeit<\/strong> und <strong>UV-Stabilisierung<\/strong> sowohl f\u00fcr den Au\u00dfeneinsatz als auch f\u00fcr die Verwendung in Innenbereichen geeignet.<\/p>\n<p>Hinweis: Am Ende der Ernte leicht mit Wasser zu reinigen und f\u00fcr die n\u00e4chste Erntesaison <strong>wiederverwendbar<\/strong>.<\/p>\n<p>&nbsp;<\/p>\n<p><strong>Form:<\/strong> Quadrat<\/p>\n<p><strong>Gr\u00f6\u00dfe: <\/strong>4 x 4 m<\/p>\n<p><strong>Farbe: <\/strong>gr\u00fcn<\/p>\n<p><strong>Material: <\/strong>HDPE<\/p>\n<p><strong>Anwendungsbereiche: <\/strong>Garten<\/p>\n<p><strong>Grammatur:<\/strong> 80 g\/m\u00b2<\/p>\n","protected":false},"excerpt":{"rendered":"<ul class=\"a-unordered-list a-vertical a-spacing-mini\">\n<li class=\"a-spacing-mini\"><span class=\"a-list-item\">zur einfacheren Ernte von Obst und N\u00fcssen<\/span><\/li>\n<li class=\"a-spacing-mini\"><span class=\"a-list-item\">hemmt F\u00e4ulnisbildung der Ernte<\/span><\/li>\n<li class=\"a-spacing-mini\"><span class=\"a-list-item\">mit \u00d6ffnungsschlitz bis zur Mitte mit Klettband f\u00fcr leichtere Positionierung<\/span><\/li>\n<li class=\"a-spacing-mini\"><span class=\"a-list-item\">je Ecke eine Metall\u00f6se zum leichteren Spannen<\/span><\/li>\n<li class=\"a-spacing-mini\"><span class=\"a-list-item\">wiederverwendbar und rei\u00dffest<\/span><\/li>\n<\/ul>\n","protected":false},"featured_media":8795,"comment_status":"closed","ping_status":"closed","template":"","meta":[],"product_cat":[1217],"product_tag":[],"wcpa_form_fields":null,"tiered_pricing_type":"fixed","tiered_pricing_fixed_rules":[],"_links":{"self":[{"href":"https:\/\/www.gardiso.eu\/at\/wp-json\/wp\/v2\/product\/9485"}],"collection":[{"href":"https:\/\/www.gardiso.eu\/at\/wp-json\/wp\/v2\/product"}],"about":[{"href":"https:\/\/www.gardiso.eu\/at\/wp-json\/wp\/v2\/types\/product"}],"replies":[{"embeddable":true,"href":"https:\/\/www.gardiso.eu\/at\/wp-json\/wp\/v2\/comments?post=9485"}],"wp:featuredmedia":[{"embeddable":true,"href":"https:\/\/www.gardiso.eu\/at\/wp-json\/wp\/v2\/media\/8795"}],"wp:attachment":[{"href":"https:\/\/www.gardiso.eu\/at\/wp-json\/wp\/v2\/media?parent=9485"}],"wp:term":[{"taxonomy":"product_cat","embeddable":true,"href":"https:\/\/www.gardiso.eu\/at\/wp-json\/wp\/v2\/product_cat?post=9485"},{"taxonomy":"product_tag","embeddable":true,"href":"https:\/\/www.gardiso.eu\/at\/wp-json\/wp\/v2\/product_tag?post=9485"}],"curies":[{"name":"wp","href":"https:\/\/api.w.org\/{rel}","templated":true}]}}