{"id":9472,"date":"2023-07-26T10:00:40","date_gmt":"2023-07-26T08:00:40","guid":{"rendered":"https:\/\/www.gardiso.eu\/p\/baumbewaesserungsbeutel\/"},"modified":"2023-07-26T10:00:40","modified_gmt":"2023-07-26T08:00:40","slug":"baumbewaesserungsbeutel","status":"publish","type":"product","link":"https:\/\/www.gardiso.eu\/at\/p\/baumbewaesserungsbeutel\/","title":{"rendered":"Baumbew\u00e4sserungsbeutel, automatisches Bew\u00e4sserungssystem"},"content":{"rendered":"<h4><strong>&#8222;Die effektive und effiziente Art, zu gie\u00dfen!<\/strong><\/h4>\n<p>Die Baumbew\u00e4sserung spielt eine entscheidende Rolle f\u00fcr die Gesundheit und das erfolgreiche Wachstum des Baumes. Insbesondere frisch gepflanzte B\u00e4ume profitieren von einer optimalen Versorgung. Wird dem Erdreich zu schnell zu viel Wasser auf einmal zugef\u00fchrt, besteht die Gefahr, dass es an der Oberfl\u00e4che abflie\u00dft und gar nicht erst bis zu den Wurzeln durchdringt. Die Tr\u00f6pfchenbew\u00e4sserung \u00fcber Ablaufl\u00f6cher im Beutel hingegen bew\u00e4ssert den Boden sehr langsam und konstant \u00fcber Stunden hinweg. Unseren Baumbew\u00e4sserungsbeutel gibt es in der 56 Liter Variante \u00fcber 3-5 Stunden, in der 95 Liter Variante 8-12 Stunden. So wird eine effektivere Versorgung der Pflanze erm\u00f6glicht.<\/p>\n<h4><strong>Spart Zeit und Aufwand!<\/strong><\/h4>\n<p>Dank der langsamen Bew\u00e4sserung kann der Boden das Wasser \u00fcber l\u00e4ngere Zeit speichern, dadurch muss weniger h\u00e4ufig gegossen werden. Auch die Anwendung ist denkbar einfach: der Baumbew\u00e4sserungsbeutel wird um den Stamm gelegt, mit dem Rei\u00dfverschluss verschlossen und anschlie\u00dfend \u00fcber die F\u00fcll\u00f6ffnung mit Wasser bef\u00fcllt. Sollte ein erweitertes F\u00fcllvolumen ben\u00f6tigt werden oder der Baumstamm einen gr\u00f6\u00dferen Durchmesser haben, lassen sich die Beutel dank des Rei\u00dfverschlusses miteinander verbinden. Der besondere Clou: der Baum kann so nicht nur mit Wasser, sondern auch mit Fl\u00fcssign\u00e4hrstoffen optimal versorgt werden. Unser Baumbew\u00e4sserungsbeutel besteht aus hochwertigen PVC-Kunststoff und ist dadurch UV-Best\u00e4ndig, lange haltbar und sehr strapazierf\u00e4hig.<\/p>\n<p>&nbsp;<\/p>\n<h4><strong>Technische Daten:<\/strong><\/h4>\n<p><strong>H\u00f6he:<\/strong> 84 cm | 115 cm<\/p>\n<p><strong>Farbe: <\/strong>gr\u00fcn<\/p>\n<p><strong>Material: <\/strong>PVC Kunststoff<\/p>\n<p><strong>Waschbar: <\/strong>ja<\/p>\n<p><strong>Inhalt: <\/strong>56 l | 95 l<\/p>\n<p><strong>Anwendungsbereiche: <\/strong>Garten<\/p>\n<p><strong>Durchmesser: <\/strong>32 cm<\/p>\n<p>&nbsp;<\/p>\n<p>&nbsp;<\/p>\n","protected":false},"excerpt":{"rendered":"<ul class=\"a-unordered-list a-vertical a-spacing-mini\">\n<li class=\"a-spacing-mini\"><span class=\"a-list-item\">f\u00fcr eine konstante Tr\u00f6pfchenbew\u00e4sserung von B\u00e4umen \u2013 ideal f\u00fcr Neupflanzungen<\/span><\/li>\n<li class=\"a-spacing-mini\"><span class=\"a-list-item\">max. Stammdurchmesser 15 cm, Bew\u00e4sserungszeitraum 3 \u2013 5 Stunden<\/span><\/li>\n<li class=\"a-spacing-mini\"><span class=\"a-list-item\">auch zur Verwendung mit Fl\u00fcssign\u00e4hrstoffen geeignet<\/span><\/li>\n<li class=\"a-spacing-mini\"><span class=\"a-list-item\">f\u00fcr gr\u00f6\u00dfere B\u00e4ume oder einen erh\u00f6hten Wasserbedarf lassen sich die S\u00e4cke mittels des Rei\u00dfverschlusses verbinden<\/span><\/li>\n<li class=\"a-spacing-mini\"><span class=\"a-list-item\">spart Zeit, Aufwand und Wasser<\/span><\/li>\n<\/ul>\n","protected":false},"featured_media":8901,"comment_status":"closed","ping_status":"closed","template":"","meta":[],"product_cat":[1180,1181],"product_tag":[],"wcpa_form_fields":null,"tiered_pricing_type":"fixed","tiered_pricing_fixed_rules":[],"_links":{"self":[{"href":"https:\/\/www.gardiso.eu\/at\/wp-json\/wp\/v2\/product\/9472"}],"collection":[{"href":"https:\/\/www.gardiso.eu\/at\/wp-json\/wp\/v2\/product"}],"about":[{"href":"https:\/\/www.gardiso.eu\/at\/wp-json\/wp\/v2\/types\/product"}],"replies":[{"embeddable":true,"href":"https:\/\/www.gardiso.eu\/at\/wp-json\/wp\/v2\/comments?post=9472"}],"wp:featuredmedia":[{"embeddable":true,"href":"https:\/\/www.gardiso.eu\/at\/wp-json\/wp\/v2\/media\/8901"}],"wp:attachment":[{"href":"https:\/\/www.gardiso.eu\/at\/wp-json\/wp\/v2\/media?parent=9472"}],"wp:term":[{"taxonomy":"product_cat","embeddable":true,"href":"https:\/\/www.gardiso.eu\/at\/wp-json\/wp\/v2\/product_cat?post=9472"},{"taxonomy":"product_tag","embeddable":true,"href":"https:\/\/www.gardiso.eu\/at\/wp-json\/wp\/v2\/product_tag?post=9472"}],"curies":[{"name":"wp","href":"https:\/\/api.w.org\/{rel}","templated":true}]}}